{"id":904,"date":"2026-01-05T11:06:09","date_gmt":"2026-01-05T10:06:09","guid":{"rendered":"https:\/\/revuemilitairesuisse.ch\/?post_type=product&#038;p=904"},"modified":"2026-01-05T11:14:27","modified_gmt":"2026-01-05T10:14:27","slug":"rms-t2-blindes-mecanises","status":"publish","type":"product","link":"https:\/\/revuemilitairesuisse.ch\/de\/boutique\/rms-t2-blindes-mecanises\/","title":{"rendered":"RMS T2\/2025"},"content":{"rendered":"<p>Ce num\u00e9ro th\u00e9matique 2\/2025 est consacr\u00e9 aux troupes blind\u00e9es et m\u00e9canis\u00e9es, ainsi qu\u2019\u00e0 la Formation d\u2019application blind\u00e9s\/artillerie. On y d\u00e9couvre, entre autres, les coulisses de l\u2019\u00c9cole de chars 21 et des \u00c9coles d\u2019artillerie et d\u2019exploration 31, les grands exercices interarmes comme COMBINED ARMS 25, ainsi que les projets de renouvellement des moyens des sapeurs de chars. D\u2019autres articles abordent l\u2019\u00e9volution du char de combat, ou la place d\u2019armes de Bi\u00e8re et son \u00ab microclimat \u00bb. Le magazine au format PDF est disponible en t\u00e9l\u00e9chargement ici. Pour recevoir les futures \u00e9ditions au format papier, rendez-vous \u00e0 la page Abonnements.<\/p>","protected":false},"excerpt":{"rendered":"Ce num\u00e9ro th\u00e9matique 2\/2025 est consacr\u00e9 aux troupes blind\u00e9es et m\u00e9canis\u00e9es, ainsi qu\u2019\u00e0 la Formation d\u2019application blind\u00e9s\/artillerie. On y d\u00e9couvre, entre autres, les coulisses de l\u2019\u00c9cole de chars 21 et des \u00c9coles d\u2019artillerie et d\u2019exploration 31, les grands exercices interarmes comme COMBINED ARMS 25, ainsi que les projets de renouvellement des moyens des sapeurs de","protected":false},"featured_media":905,"template":"","meta":{"_acf_changed":false},"collection":[22],"product_brand":[],"product_cat":[17],"product_tag":[],"class_list":{"0":"post-904","1":"product","2":"type-product","3":"status-publish","4":"has-post-thumbnail","6":"product_cat-uncategorized","8":"first","9":"instock","10":"downloadable","11":"shipping-taxable","12":"purchasable","13":"product-type-simple"},"acf":[],"yoast_head":"<!-- This site is optimized with the Yoast SEO plugin v27.5 - https:\/\/yoast.com\/product\/yoast-seo-wordpress\/ -->\n<title>RMS T2\/2025 - Revue Militaire Suisse<\/title>\n<meta name=\"robots\" content=\"index, follow, max-snippet:-1, max-image-preview:large, max-video-preview:-1\" \/>\n<link rel=\"canonical\" href=\"https:\/\/revuemilitairesuisse.ch\/de\/boutique\/rms-t2-blindes-mecanises\/\" \/>\n<meta property=\"og:locale\" content=\"de_DE\" \/>\n<meta property=\"og:type\" content=\"article\" \/>\n<meta property=\"og:title\" content=\"RMS T2\/2025 - Revue Militaire Suisse\" \/>\n<meta property=\"og:description\" content=\"Ce num\u00e9ro th\u00e9matique 2\/2025 est consacr\u00e9 aux troupes blind\u00e9es et m\u00e9canis\u00e9es, ainsi qu\u2019\u00e0 la Formation d\u2019application blind\u00e9s\/artillerie. On y d\u00e9couvre, entre autres, les coulisses de l\u2019\u00c9cole de chars 21 et des \u00c9coles d\u2019artillerie et d\u2019exploration 31, les grands exercices interarmes comme COMBINED ARMS 25, ainsi que les projets de renouvellement des moyens des sapeurs de [&hellip;]\" \/>\n<meta property=\"og:url\" content=\"https:\/\/revuemilitairesuisse.ch\/de\/boutique\/rms-t2-blindes-mecanises\/\" \/>\n<meta property=\"og:site_name\" content=\"Revue Militaire Suisse\" \/>\n<meta property=\"article:publisher\" content=\"https:\/\/www.facebook.com\/revuemilitairesuisse\/\" \/>\n<meta property=\"article:modified_time\" content=\"2026-01-05T10:14:27+00:00\" \/>\n<meta property=\"og:image\" content=\"https:\/\/revuemilitairesuisse.ch\/app\/uploads\/2026\/01\/RMS_2025_T2_Blindes-mecanises.jpg\" \/>\n\t<meta property=\"og:image:width\" content=\"794\" \/>\n\t<meta property=\"og:image:height\" content=\"1123\" \/>\n\t<meta property=\"og:image:type\" content=\"image\/jpeg\" \/>\n<meta name=\"twitter:card\" content=\"summary_large_image\" \/>\n<meta name=\"twitter:label1\" content=\"Gesch\u00e4tzte Lesezeit\" \/>\n\t<meta name=\"twitter:data1\" content=\"1\u00a0Minute\" \/>\n<script type=\"application\/ld+json\" class=\"yoast-schema-graph\">{\"@context\":\"https:\\\/\\\/schema.org\",\"@graph\":[{\"@type\":\"WebPage\",\"@id\":\"https:\\\/\\\/revuemilitairesuisse.ch\\\/boutique\\\/rms-t2-blindes-mecanises\\\/\",\"url\":\"https:\\\/\\\/revuemilitairesuisse.ch\\\/boutique\\\/rms-t2-blindes-mecanises\\\/\",\"name\":\"RMS T2\\\/2025 - Revue Militaire Suisse\",\"isPartOf\":{\"@id\":\"https:\\\/\\\/revuemilitairesuisse.ch\\\/#website\"},\"primaryImageOfPage\":{\"@id\":\"https:\\\/\\\/revuemilitairesuisse.ch\\\/boutique\\\/rms-t2-blindes-mecanises\\\/#primaryimage\"},\"image\":{\"@id\":\"https:\\\/\\\/revuemilitairesuisse.ch\\\/boutique\\\/rms-t2-blindes-mecanises\\\/#primaryimage\"},\"thumbnailUrl\":\"https:\\\/\\\/revuemilitairesuisse.ch\\\/app\\\/uploads\\\/2026\\\/01\\\/RMS_2025_T2_Blindes-mecanises.jpg\",\"datePublished\":\"2026-01-05T10:06:09+00:00\",\"dateModified\":\"2026-01-05T10:14:27+00:00\",\"breadcrumb\":{\"@id\":\"https:\\\/\\\/revuemilitairesuisse.ch\\\/boutique\\\/rms-t2-blindes-mecanises\\\/#breadcrumb\"},\"inLanguage\":\"de\",\"potentialAction\":[{\"@type\":\"ReadAction\",\"target\":[\"https:\\\/\\\/revuemilitairesuisse.ch\\\/boutique\\\/rms-t2-blindes-mecanises\\\/\"]}]},{\"@type\":\"ImageObject\",\"inLanguage\":\"de\",\"@id\":\"https:\\\/\\\/revuemilitairesuisse.ch\\\/boutique\\\/rms-t2-blindes-mecanises\\\/#primaryimage\",\"url\":\"https:\\\/\\\/revuemilitairesuisse.ch\\\/app\\\/uploads\\\/2026\\\/01\\\/RMS_2025_T2_Blindes-mecanises.jpg\",\"contentUrl\":\"https:\\\/\\\/revuemilitairesuisse.ch\\\/app\\\/uploads\\\/2026\\\/01\\\/RMS_2025_T2_Blindes-mecanises.jpg\",\"width\":794,\"height\":1123},{\"@type\":\"BreadcrumbList\",\"@id\":\"https:\\\/\\\/revuemilitairesuisse.ch\\\/boutique\\\/rms-t2-blindes-mecanises\\\/#breadcrumb\",\"itemListElement\":[{\"@type\":\"ListItem\",\"position\":1,\"name\":\"Accueil\",\"item\":\"https:\\\/\\\/revuemilitairesuisse.ch\\\/\"},{\"@type\":\"ListItem\",\"position\":2,\"name\":\"Boutique\",\"item\":\"https:\\\/\\\/revuemilitairesuisse.ch\\\/boutique\\\/\"},{\"@type\":\"ListItem\",\"position\":3,\"name\":\"RMS T2\\\/2025\"}]},{\"@type\":\"WebSite\",\"@id\":\"https:\\\/\\\/revuemilitairesuisse.ch\\\/#website\",\"url\":\"https:\\\/\\\/revuemilitairesuisse.ch\\\/\",\"name\":\"Revue Militaire Suisse\",\"description\":\"\",\"publisher\":{\"@id\":\"https:\\\/\\\/revuemilitairesuisse.ch\\\/#organization\"},\"potentialAction\":[{\"@type\":\"SearchAction\",\"target\":{\"@type\":\"EntryPoint\",\"urlTemplate\":\"https:\\\/\\\/revuemilitairesuisse.ch\\\/?s={search_term_string}\"},\"query-input\":{\"@type\":\"PropertyValueSpecification\",\"valueRequired\":true,\"valueName\":\"search_term_string\"}}],\"inLanguage\":\"de\"},{\"@type\":\"Organization\",\"@id\":\"https:\\\/\\\/revuemilitairesuisse.ch\\\/#organization\",\"name\":\"Revue Militaire Suisse\",\"url\":\"https:\\\/\\\/revuemilitairesuisse.ch\\\/\",\"logo\":{\"@type\":\"ImageObject\",\"inLanguage\":\"de\",\"@id\":\"https:\\\/\\\/revuemilitairesuisse.ch\\\/#\\\/schema\\\/logo\\\/image\\\/\",\"url\":\"https:\\\/\\\/revuemilitairesuisse.ch\\\/app\\\/uploads\\\/2025\\\/07\\\/logoRMS-trans.svg\",\"contentUrl\":\"https:\\\/\\\/revuemilitairesuisse.ch\\\/app\\\/uploads\\\/2025\\\/07\\\/logoRMS-trans.svg\",\"caption\":\"Revue Militaire Suisse\"},\"image\":{\"@id\":\"https:\\\/\\\/revuemilitairesuisse.ch\\\/#\\\/schema\\\/logo\\\/image\\\/\"},\"sameAs\":[\"https:\\\/\\\/www.facebook.com\\\/revuemilitairesuisse\\\/\"]}]}<\/script>\n<!-- \/ Yoast SEO plugin. -->","yoast_head_json":{"title":"RMS T2\/2025 - Revue Militaire Suisse","robots":{"index":"index","follow":"follow","max-snippet":"max-snippet:-1","max-image-preview":"max-image-preview:large","max-video-preview":"max-video-preview:-1"},"canonical":"https:\/\/revuemilitairesuisse.ch\/de\/boutique\/rms-t2-blindes-mecanises\/","og_locale":"de_DE","og_type":"article","og_title":"RMS T2\/2025 - Revue Militaire Suisse","og_description":"Ce num\u00e9ro th\u00e9matique 2\/2025 est consacr\u00e9 aux troupes blind\u00e9es et m\u00e9canis\u00e9es, ainsi qu\u2019\u00e0 la Formation d\u2019application blind\u00e9s\/artillerie. On y d\u00e9couvre, entre autres, les coulisses de l\u2019\u00c9cole de chars 21 et des \u00c9coles d\u2019artillerie et d\u2019exploration 31, les grands exercices interarmes comme COMBINED ARMS 25, ainsi que les projets de renouvellement des moyens des sapeurs de [&hellip;]","og_url":"https:\/\/revuemilitairesuisse.ch\/de\/boutique\/rms-t2-blindes-mecanises\/","og_site_name":"Revue Militaire Suisse","article_publisher":"https:\/\/www.facebook.com\/revuemilitairesuisse\/","article_modified_time":"2026-01-05T10:14:27+00:00","og_image":[{"width":794,"height":1123,"url":"https:\/\/revuemilitairesuisse.ch\/app\/uploads\/2026\/01\/RMS_2025_T2_Blindes-mecanises.jpg","type":"image\/jpeg"}],"twitter_card":"summary_large_image","twitter_misc":{"Gesch\u00e4tzte Lesezeit":"1\u00a0Minute"},"schema":{"@context":"https:\/\/schema.org","@graph":[{"@type":"WebPage","@id":"https:\/\/revuemilitairesuisse.ch\/boutique\/rms-t2-blindes-mecanises\/","url":"https:\/\/revuemilitairesuisse.ch\/boutique\/rms-t2-blindes-mecanises\/","name":"RMS T2\/2025 - Revue Militaire Suisse","isPartOf":{"@id":"https:\/\/revuemilitairesuisse.ch\/#website"},"primaryImageOfPage":{"@id":"https:\/\/revuemilitairesuisse.ch\/boutique\/rms-t2-blindes-mecanises\/#primaryimage"},"image":{"@id":"https:\/\/revuemilitairesuisse.ch\/boutique\/rms-t2-blindes-mecanises\/#primaryimage"},"thumbnailUrl":"https:\/\/revuemilitairesuisse.ch\/app\/uploads\/2026\/01\/RMS_2025_T2_Blindes-mecanises.jpg","datePublished":"2026-01-05T10:06:09+00:00","dateModified":"2026-01-05T10:14:27+00:00","breadcrumb":{"@id":"https:\/\/revuemilitairesuisse.ch\/boutique\/rms-t2-blindes-mecanises\/#breadcrumb"},"inLanguage":"de","potentialAction":[{"@type":"ReadAction","target":["https:\/\/revuemilitairesuisse.ch\/boutique\/rms-t2-blindes-mecanises\/"]}]},{"@type":"ImageObject","inLanguage":"de","@id":"https:\/\/revuemilitairesuisse.ch\/boutique\/rms-t2-blindes-mecanises\/#primaryimage","url":"https:\/\/revuemilitairesuisse.ch\/app\/uploads\/2026\/01\/RMS_2025_T2_Blindes-mecanises.jpg","contentUrl":"https:\/\/revuemilitairesuisse.ch\/app\/uploads\/2026\/01\/RMS_2025_T2_Blindes-mecanises.jpg","width":794,"height":1123},{"@type":"BreadcrumbList","@id":"https:\/\/revuemilitairesuisse.ch\/boutique\/rms-t2-blindes-mecanises\/#breadcrumb","itemListElement":[{"@type":"ListItem","position":1,"name":"Accueil","item":"https:\/\/revuemilitairesuisse.ch\/"},{"@type":"ListItem","position":2,"name":"Boutique","item":"https:\/\/revuemilitairesuisse.ch\/boutique\/"},{"@type":"ListItem","position":3,"name":"RMS T2\/2025"}]},{"@type":"WebSite","@id":"https:\/\/revuemilitairesuisse.ch\/#website","url":"https:\/\/revuemilitairesuisse.ch\/","name":"Revue Militaire Suisse","description":"","publisher":{"@id":"https:\/\/revuemilitairesuisse.ch\/#organization"},"potentialAction":[{"@type":"SearchAction","target":{"@type":"EntryPoint","urlTemplate":"https:\/\/revuemilitairesuisse.ch\/?s={search_term_string}"},"query-input":{"@type":"PropertyValueSpecification","valueRequired":true,"valueName":"search_term_string"}}],"inLanguage":"de"},{"@type":"Organization","@id":"https:\/\/revuemilitairesuisse.ch\/#organization","name":"Revue Militaire Suisse","url":"https:\/\/revuemilitairesuisse.ch\/","logo":{"@type":"ImageObject","inLanguage":"de","@id":"https:\/\/revuemilitairesuisse.ch\/#\/schema\/logo\/image\/","url":"https:\/\/revuemilitairesuisse.ch\/app\/uploads\/2025\/07\/logoRMS-trans.svg","contentUrl":"https:\/\/revuemilitairesuisse.ch\/app\/uploads\/2025\/07\/logoRMS-trans.svg","caption":"Revue Militaire Suisse"},"image":{"@id":"https:\/\/revuemilitairesuisse.ch\/#\/schema\/logo\/image\/"},"sameAs":["https:\/\/www.facebook.com\/revuemilitairesuisse\/"]}]}},"_links":{"self":[{"href":"https:\/\/revuemilitairesuisse.ch\/de\/wp-json\/wp\/v2\/product\/904","targetHints":{"allow":["GET"]}}],"collection":[{"href":"https:\/\/revuemilitairesuisse.ch\/de\/wp-json\/wp\/v2\/product"}],"about":[{"href":"https:\/\/revuemilitairesuisse.ch\/de\/wp-json\/wp\/v2\/types\/product"}],"wp:featuredmedia":[{"embeddable":true,"href":"https:\/\/revuemilitairesuisse.ch\/de\/wp-json\/wp\/v2\/media\/905"}],"wp:attachment":[{"href":"https:\/\/revuemilitairesuisse.ch\/de\/wp-json\/wp\/v2\/media?parent=904"}],"wp:term":[{"taxonomy":"collection","embeddable":true,"href":"https:\/\/revuemilitairesuisse.ch\/de\/wp-json\/wp\/v2\/collection?post=904"},{"taxonomy":"product_brand","embeddable":true,"href":"https:\/\/revuemilitairesuisse.ch\/de\/wp-json\/wp\/v2\/product_brand?post=904"},{"taxonomy":"product_cat","embeddable":true,"href":"https:\/\/revuemilitairesuisse.ch\/de\/wp-json\/wp\/v2\/product_cat?post=904"},{"taxonomy":"product_tag","embeddable":true,"href":"https:\/\/revuemilitairesuisse.ch\/de\/wp-json\/wp\/v2\/product_tag?post=904"}],"curies":[{"name":"wp","href":"https:\/\/api.w.org\/{rel}","templated":true}]}}