{"id":591,"date":"2025-05-27T18:06:32","date_gmt":"2025-05-27T16:06:32","guid":{"rendered":"https:\/\/revuemilitairesuisse.ch\/?post_type=issue&#038;p=591"},"modified":"2026-04-24T09:45:46","modified_gmt":"2026-04-24T07:45:46","slug":"rmsint-georgia","status":"publish","type":"product","link":"https:\/\/revuemilitairesuisse.ch\/de\/boutique\/rmsint-georgia\/","title":{"rendered":"RMSINT+ Georgia"},"content":{"rendered":"<p>Cette \u00e9dition internationale de la Revue militaire suisse se concentre sur la G\u00e9orgie, un petit \u00c9tat confront\u00e9 \u00e0 des enjeux s\u00e9curitaires majeurs depuis son ind\u00e9pendance en 1991. Elle analyse la transformation progressive de ses forces arm\u00e9es, pass\u00e9es d\u2019un mod\u00e8le sovi\u00e9tique \u00e0 une organisation inspir\u00e9e des standards occidentaux, en collaboration avec l\u2019OTAN et les \u00c9tats-Unis. La revue met en lumi\u00e8re les r\u00e9formes structurelles, le d\u00e9veloppement des capacit\u00e9s militaires et les d\u00e9fis li\u00e9s aux ressources limit\u00e9es. Elle aborde \u00e9galement le concept de \u00ab d\u00e9fense totale \u00bb, impliquant l\u2019ensemble de la soci\u00e9t\u00e9 dans la s\u00e9curit\u00e9 nationale, ainsi que les le\u00e7ons tir\u00e9es du conflit de 2008 avec la Russie<\/p>","protected":false},"excerpt":{"rendered":"Cette \u00e9dition internationale de la Revue militaire suisse se concentre sur la G\u00e9orgie, un petit \u00c9tat confront\u00e9 \u00e0 des enjeux s\u00e9curitaires majeurs depuis son ind\u00e9pendance en 1991. Elle analyse la transformation progressive de ses forces arm\u00e9es, pass\u00e9es d\u2019un mod\u00e8le sovi\u00e9tique \u00e0 une organisation inspir\u00e9e des standards occidentaux, en collaboration avec l\u2019OTAN et les \u00c9tats-Unis. La","protected":false},"featured_media":1029,"template":"","meta":{"_acf_changed":false},"collection":[21],"product_brand":[],"product_cat":[17],"product_tag":[],"class_list":{"0":"post-591","1":"product","2":"type-product","3":"status-publish","4":"has-post-thumbnail","6":"product_cat-uncategorized","8":"first","9":"instock","10":"downloadable","11":"virtual","12":"purchasable","13":"product-type-simple"},"acf":[],"yoast_head":"<!-- This site is optimized with the Yoast SEO plugin v27.4 - https:\/\/yoast.com\/product\/yoast-seo-wordpress\/ -->\n<title>RMSINT+ Georgia - Revue Militaire Suisse<\/title>\n<meta name=\"robots\" content=\"index, follow, max-snippet:-1, max-image-preview:large, max-video-preview:-1\" \/>\n<link rel=\"canonical\" href=\"https:\/\/revuemilitairesuisse.ch\/de\/boutique\/rmsint-georgia\/\" \/>\n<meta property=\"og:locale\" content=\"de_DE\" \/>\n<meta property=\"og:type\" content=\"article\" \/>\n<meta property=\"og:title\" content=\"RMSINT+ Georgia - Revue Militaire Suisse\" \/>\n<meta property=\"og:description\" content=\"Cette \u00e9dition internationale de la Revue militaire suisse se concentre sur la G\u00e9orgie, un petit \u00c9tat confront\u00e9 \u00e0 des enjeux s\u00e9curitaires majeurs depuis son ind\u00e9pendance en 1991. Elle analyse la transformation progressive de ses forces arm\u00e9es, pass\u00e9es d\u2019un mod\u00e8le sovi\u00e9tique \u00e0 une organisation inspir\u00e9e des standards occidentaux, en collaboration avec l\u2019OTAN et les \u00c9tats-Unis. La [&hellip;]\" \/>\n<meta property=\"og:url\" content=\"https:\/\/revuemilitairesuisse.ch\/de\/boutique\/rmsint-georgia\/\" \/>\n<meta property=\"og:site_name\" content=\"Revue Militaire Suisse\" \/>\n<meta property=\"article:publisher\" content=\"https:\/\/www.facebook.com\/revuemilitairesuisse\/\" \/>\n<meta property=\"article:modified_time\" content=\"2026-04-24T07:45:46+00:00\" \/>\n<meta property=\"og:image\" content=\"https:\/\/revuemilitairesuisse.ch\/app\/uploads\/2025\/05\/RMSINT-Georgia-scaled.jpg\" \/>\n\t<meta property=\"og:image:width\" content=\"1810\" \/>\n\t<meta property=\"og:image:height\" content=\"2560\" \/>\n\t<meta property=\"og:image:type\" content=\"image\/jpeg\" \/>\n<meta name=\"twitter:card\" content=\"summary_large_image\" \/>\n<meta name=\"twitter:label1\" content=\"Gesch\u00e4tzte Lesezeit\" \/>\n\t<meta name=\"twitter:data1\" content=\"1\u00a0Minute\" \/>\n<script type=\"application\/ld+json\" class=\"yoast-schema-graph\">{\"@context\":\"https:\\\/\\\/schema.org\",\"@graph\":[{\"@type\":\"WebPage\",\"@id\":\"https:\\\/\\\/revuemilitairesuisse.ch\\\/boutique\\\/rmsint-georgia\\\/\",\"url\":\"https:\\\/\\\/revuemilitairesuisse.ch\\\/boutique\\\/rmsint-georgia\\\/\",\"name\":\"RMSINT+ Georgia - Revue Militaire Suisse\",\"isPartOf\":{\"@id\":\"https:\\\/\\\/revuemilitairesuisse.ch\\\/#website\"},\"primaryImageOfPage\":{\"@id\":\"https:\\\/\\\/revuemilitairesuisse.ch\\\/boutique\\\/rmsint-georgia\\\/#primaryimage\"},\"image\":{\"@id\":\"https:\\\/\\\/revuemilitairesuisse.ch\\\/boutique\\\/rmsint-georgia\\\/#primaryimage\"},\"thumbnailUrl\":\"https:\\\/\\\/revuemilitairesuisse.ch\\\/app\\\/uploads\\\/2025\\\/05\\\/RMSINT-Georgia-scaled.jpg\",\"datePublished\":\"2025-05-27T16:06:32+00:00\",\"dateModified\":\"2026-04-24T07:45:46+00:00\",\"breadcrumb\":{\"@id\":\"https:\\\/\\\/revuemilitairesuisse.ch\\\/boutique\\\/rmsint-georgia\\\/#breadcrumb\"},\"inLanguage\":\"de\",\"potentialAction\":[{\"@type\":\"ReadAction\",\"target\":[\"https:\\\/\\\/revuemilitairesuisse.ch\\\/boutique\\\/rmsint-georgia\\\/\"]}]},{\"@type\":\"ImageObject\",\"inLanguage\":\"de\",\"@id\":\"https:\\\/\\\/revuemilitairesuisse.ch\\\/boutique\\\/rmsint-georgia\\\/#primaryimage\",\"url\":\"https:\\\/\\\/revuemilitairesuisse.ch\\\/app\\\/uploads\\\/2025\\\/05\\\/RMSINT-Georgia-scaled.jpg\",\"contentUrl\":\"https:\\\/\\\/revuemilitairesuisse.ch\\\/app\\\/uploads\\\/2025\\\/05\\\/RMSINT-Georgia-scaled.jpg\",\"width\":1810,\"height\":2560},{\"@type\":\"BreadcrumbList\",\"@id\":\"https:\\\/\\\/revuemilitairesuisse.ch\\\/boutique\\\/rmsint-georgia\\\/#breadcrumb\",\"itemListElement\":[{\"@type\":\"ListItem\",\"position\":1,\"name\":\"Accueil\",\"item\":\"https:\\\/\\\/revuemilitairesuisse.ch\\\/\"},{\"@type\":\"ListItem\",\"position\":2,\"name\":\"Boutique\",\"item\":\"https:\\\/\\\/revuemilitairesuisse.ch\\\/boutique\\\/\"},{\"@type\":\"ListItem\",\"position\":3,\"name\":\"RMSINT+ Georgia\"}]},{\"@type\":\"WebSite\",\"@id\":\"https:\\\/\\\/revuemilitairesuisse.ch\\\/#website\",\"url\":\"https:\\\/\\\/revuemilitairesuisse.ch\\\/\",\"name\":\"Revue Militaire Suisse\",\"description\":\"\",\"publisher\":{\"@id\":\"https:\\\/\\\/revuemilitairesuisse.ch\\\/#organization\"},\"potentialAction\":[{\"@type\":\"SearchAction\",\"target\":{\"@type\":\"EntryPoint\",\"urlTemplate\":\"https:\\\/\\\/revuemilitairesuisse.ch\\\/?s={search_term_string}\"},\"query-input\":{\"@type\":\"PropertyValueSpecification\",\"valueRequired\":true,\"valueName\":\"search_term_string\"}}],\"inLanguage\":\"de\"},{\"@type\":\"Organization\",\"@id\":\"https:\\\/\\\/revuemilitairesuisse.ch\\\/#organization\",\"name\":\"Revue Militaire Suisse\",\"url\":\"https:\\\/\\\/revuemilitairesuisse.ch\\\/\",\"logo\":{\"@type\":\"ImageObject\",\"inLanguage\":\"de\",\"@id\":\"https:\\\/\\\/revuemilitairesuisse.ch\\\/#\\\/schema\\\/logo\\\/image\\\/\",\"url\":\"https:\\\/\\\/revuemilitairesuisse.ch\\\/app\\\/uploads\\\/2025\\\/07\\\/logoRMS-trans.svg\",\"contentUrl\":\"https:\\\/\\\/revuemilitairesuisse.ch\\\/app\\\/uploads\\\/2025\\\/07\\\/logoRMS-trans.svg\",\"caption\":\"Revue Militaire Suisse\"},\"image\":{\"@id\":\"https:\\\/\\\/revuemilitairesuisse.ch\\\/#\\\/schema\\\/logo\\\/image\\\/\"},\"sameAs\":[\"https:\\\/\\\/www.facebook.com\\\/revuemilitairesuisse\\\/\"]}]}<\/script>\n<!-- \/ Yoast SEO plugin. -->","yoast_head_json":{"title":"RMSINT+ Georgia - Revue Militaire Suisse","robots":{"index":"index","follow":"follow","max-snippet":"max-snippet:-1","max-image-preview":"max-image-preview:large","max-video-preview":"max-video-preview:-1"},"canonical":"https:\/\/revuemilitairesuisse.ch\/de\/boutique\/rmsint-georgia\/","og_locale":"de_DE","og_type":"article","og_title":"RMSINT+ Georgia - Revue Militaire Suisse","og_description":"Cette \u00e9dition internationale de la Revue militaire suisse se concentre sur la G\u00e9orgie, un petit \u00c9tat confront\u00e9 \u00e0 des enjeux s\u00e9curitaires majeurs depuis son ind\u00e9pendance en 1991. Elle analyse la transformation progressive de ses forces arm\u00e9es, pass\u00e9es d\u2019un mod\u00e8le sovi\u00e9tique \u00e0 une organisation inspir\u00e9e des standards occidentaux, en collaboration avec l\u2019OTAN et les \u00c9tats-Unis. La [&hellip;]","og_url":"https:\/\/revuemilitairesuisse.ch\/de\/boutique\/rmsint-georgia\/","og_site_name":"Revue Militaire Suisse","article_publisher":"https:\/\/www.facebook.com\/revuemilitairesuisse\/","article_modified_time":"2026-04-24T07:45:46+00:00","og_image":[{"width":1810,"height":2560,"url":"https:\/\/revuemilitairesuisse.ch\/app\/uploads\/2025\/05\/RMSINT-Georgia-scaled.jpg","type":"image\/jpeg"}],"twitter_card":"summary_large_image","twitter_misc":{"Gesch\u00e4tzte Lesezeit":"1\u00a0Minute"},"schema":{"@context":"https:\/\/schema.org","@graph":[{"@type":"WebPage","@id":"https:\/\/revuemilitairesuisse.ch\/boutique\/rmsint-georgia\/","url":"https:\/\/revuemilitairesuisse.ch\/boutique\/rmsint-georgia\/","name":"RMSINT+ Georgia - Revue Militaire Suisse","isPartOf":{"@id":"https:\/\/revuemilitairesuisse.ch\/#website"},"primaryImageOfPage":{"@id":"https:\/\/revuemilitairesuisse.ch\/boutique\/rmsint-georgia\/#primaryimage"},"image":{"@id":"https:\/\/revuemilitairesuisse.ch\/boutique\/rmsint-georgia\/#primaryimage"},"thumbnailUrl":"https:\/\/revuemilitairesuisse.ch\/app\/uploads\/2025\/05\/RMSINT-Georgia-scaled.jpg","datePublished":"2025-05-27T16:06:32+00:00","dateModified":"2026-04-24T07:45:46+00:00","breadcrumb":{"@id":"https:\/\/revuemilitairesuisse.ch\/boutique\/rmsint-georgia\/#breadcrumb"},"inLanguage":"de","potentialAction":[{"@type":"ReadAction","target":["https:\/\/revuemilitairesuisse.ch\/boutique\/rmsint-georgia\/"]}]},{"@type":"ImageObject","inLanguage":"de","@id":"https:\/\/revuemilitairesuisse.ch\/boutique\/rmsint-georgia\/#primaryimage","url":"https:\/\/revuemilitairesuisse.ch\/app\/uploads\/2025\/05\/RMSINT-Georgia-scaled.jpg","contentUrl":"https:\/\/revuemilitairesuisse.ch\/app\/uploads\/2025\/05\/RMSINT-Georgia-scaled.jpg","width":1810,"height":2560},{"@type":"BreadcrumbList","@id":"https:\/\/revuemilitairesuisse.ch\/boutique\/rmsint-georgia\/#breadcrumb","itemListElement":[{"@type":"ListItem","position":1,"name":"Accueil","item":"https:\/\/revuemilitairesuisse.ch\/"},{"@type":"ListItem","position":2,"name":"Boutique","item":"https:\/\/revuemilitairesuisse.ch\/boutique\/"},{"@type":"ListItem","position":3,"name":"RMSINT+ Georgia"}]},{"@type":"WebSite","@id":"https:\/\/revuemilitairesuisse.ch\/#website","url":"https:\/\/revuemilitairesuisse.ch\/","name":"Revue Militaire Suisse","description":"","publisher":{"@id":"https:\/\/revuemilitairesuisse.ch\/#organization"},"potentialAction":[{"@type":"SearchAction","target":{"@type":"EntryPoint","urlTemplate":"https:\/\/revuemilitairesuisse.ch\/?s={search_term_string}"},"query-input":{"@type":"PropertyValueSpecification","valueRequired":true,"valueName":"search_term_string"}}],"inLanguage":"de"},{"@type":"Organization","@id":"https:\/\/revuemilitairesuisse.ch\/#organization","name":"Revue Militaire Suisse","url":"https:\/\/revuemilitairesuisse.ch\/","logo":{"@type":"ImageObject","inLanguage":"de","@id":"https:\/\/revuemilitairesuisse.ch\/#\/schema\/logo\/image\/","url":"https:\/\/revuemilitairesuisse.ch\/app\/uploads\/2025\/07\/logoRMS-trans.svg","contentUrl":"https:\/\/revuemilitairesuisse.ch\/app\/uploads\/2025\/07\/logoRMS-trans.svg","caption":"Revue Militaire Suisse"},"image":{"@id":"https:\/\/revuemilitairesuisse.ch\/#\/schema\/logo\/image\/"},"sameAs":["https:\/\/www.facebook.com\/revuemilitairesuisse\/"]}]}},"_links":{"self":[{"href":"https:\/\/revuemilitairesuisse.ch\/de\/wp-json\/wp\/v2\/product\/591","targetHints":{"allow":["GET"]}}],"collection":[{"href":"https:\/\/revuemilitairesuisse.ch\/de\/wp-json\/wp\/v2\/product"}],"about":[{"href":"https:\/\/revuemilitairesuisse.ch\/de\/wp-json\/wp\/v2\/types\/product"}],"wp:featuredmedia":[{"embeddable":true,"href":"https:\/\/revuemilitairesuisse.ch\/de\/wp-json\/wp\/v2\/media\/1029"}],"wp:attachment":[{"href":"https:\/\/revuemilitairesuisse.ch\/de\/wp-json\/wp\/v2\/media?parent=591"}],"wp:term":[{"taxonomy":"collection","embeddable":true,"href":"https:\/\/revuemilitairesuisse.ch\/de\/wp-json\/wp\/v2\/collection?post=591"},{"taxonomy":"product_brand","embeddable":true,"href":"https:\/\/revuemilitairesuisse.ch\/de\/wp-json\/wp\/v2\/product_brand?post=591"},{"taxonomy":"product_cat","embeddable":true,"href":"https:\/\/revuemilitairesuisse.ch\/de\/wp-json\/wp\/v2\/product_cat?post=591"},{"taxonomy":"product_tag","embeddable":true,"href":"https:\/\/revuemilitairesuisse.ch\/de\/wp-json\/wp\/v2\/product_tag?post=591"}],"curies":[{"name":"wp","href":"https:\/\/api.w.org\/{rel}","templated":true}]}}