{"id":581,"date":"2025-05-27T18:00:06","date_gmt":"2025-05-27T16:00:06","guid":{"rendered":"https:\/\/revuemilitairesuisse.ch\/?post_type=issue&#038;p=581"},"modified":"2026-04-24T09:35:19","modified_gmt":"2026-04-24T07:35:19","slug":"rmsint-vdv","status":"publish","type":"product","link":"https:\/\/revuemilitairesuisse.ch\/de\/boutique\/rmsint-vdv\/","title":{"rendered":"RMSINT+ VDV"},"content":{"rendered":"<p>Diese Ausgabe untersucht die russischen Luftlandetruppen (VDV), die seit den ersten Tagen der Invasion in der Ukraine 2022 eingesetzt wurden. Zun\u00e4chst als Speerspitze pr\u00e4sentiert, erzielten sie fr\u00fche Erfolge (\u00dcberquerung des Dnipro), erlitten aber auch grosse Niederlagen (gescheiterte Landung in Hostomel, Unf\u00e4higkeit, Kiew einzunehmen). Das Heft zeichnet ihre Geschichte (seit den 1930er-Jahren als strategische \u00dcberraschungstruppe gegr\u00fcndet), ihre Doktrin und Ausr\u00fcstung nach. Heute erscheinen die VDV eher als operatives Werkzeug statt als strategisches Instrument, mit Tendenz zur Integration in die regul\u00e4ren Landstreitkr\u00e4fte. Das Dossier weitet die Analyse auf den Ukraine-Krieg und die R\u00fcckkehr der strategischen \u00dcberraschung in der modernen Kriegsf\u00fchrung aus.<\/p>","protected":false},"excerpt":{"rendered":"Ce num\u00e9ro examine les troupes a\u00e9roport\u00e9es russes (VDV), engag\u00e9es d\u00e8s les premiers jours de l\u2019invasion de l\u2019Ukraine en 2022. Pr\u00e9sent\u00e9es comme fer de lance, elles ont connu des succ\u00e8s initiaux (travers\u00e9e du Dniepr) mais aussi des \u00e9checs majeurs (\u00e9chec du d\u00e9barquement \u00e0 Hostomel et impossibilit\u00e9 de prendre Kiev). L\u2019\u00e9dition retrace leur histoire (cr\u00e9\u00e9es dans les","protected":false},"featured_media":582,"template":"","meta":{"_acf_changed":false},"collection":[21],"product_brand":[],"product_cat":[17],"product_tag":[],"class_list":{"0":"post-581","1":"product","2":"type-product","3":"status-publish","4":"has-post-thumbnail","6":"product_cat-uncategorized","8":"first","9":"instock","10":"downloadable","11":"virtual","12":"purchasable","13":"product-type-simple"},"acf":[],"yoast_head":"<!-- This site is optimized with the Yoast SEO plugin v27.4 - https:\/\/yoast.com\/product\/yoast-seo-wordpress\/ -->\n<title>RMSINT+ VDV - Revue Militaire Suisse<\/title>\n<meta name=\"robots\" content=\"index, follow, max-snippet:-1, max-image-preview:large, max-video-preview:-1\" \/>\n<link rel=\"canonical\" href=\"https:\/\/revuemilitairesuisse.ch\/de\/boutique\/rmsint-vdv\/\" \/>\n<meta property=\"og:locale\" content=\"de_DE\" \/>\n<meta property=\"og:type\" content=\"article\" \/>\n<meta property=\"og:title\" content=\"RMSINT+ VDV - Revue Militaire Suisse\" \/>\n<meta property=\"og:description\" content=\"Ce num\u00e9ro examine les troupes a\u00e9roport\u00e9es russes (VDV), engag\u00e9es d\u00e8s les premiers jours de l\u2019invasion de l\u2019Ukraine en 2022. Pr\u00e9sent\u00e9es comme fer de lance, elles ont connu des succ\u00e8s initiaux (travers\u00e9e du Dniepr) mais aussi des \u00e9checs majeurs (\u00e9chec du d\u00e9barquement \u00e0 Hostomel et impossibilit\u00e9 de prendre Kiev). L\u2019\u00e9dition retrace leur histoire (cr\u00e9\u00e9es dans les [&hellip;]\" \/>\n<meta property=\"og:url\" content=\"https:\/\/revuemilitairesuisse.ch\/de\/boutique\/rmsint-vdv\/\" \/>\n<meta property=\"og:site_name\" content=\"Revue Militaire Suisse\" \/>\n<meta property=\"article:publisher\" content=\"https:\/\/www.facebook.com\/revuemilitairesuisse\/\" \/>\n<meta property=\"article:modified_time\" content=\"2026-04-24T07:35:19+00:00\" \/>\n<meta name=\"twitter:card\" content=\"summary_large_image\" \/>\n<meta name=\"twitter:label1\" content=\"Gesch\u00e4tzte Lesezeit\" \/>\n\t<meta name=\"twitter:data1\" content=\"1\u00a0Minute\" \/>\n<script type=\"application\/ld+json\" class=\"yoast-schema-graph\">{\"@context\":\"https:\\\/\\\/schema.org\",\"@graph\":[{\"@type\":\"WebPage\",\"@id\":\"https:\\\/\\\/revuemilitairesuisse.ch\\\/boutique\\\/rmsint-vdv\\\/\",\"url\":\"https:\\\/\\\/revuemilitairesuisse.ch\\\/boutique\\\/rmsint-vdv\\\/\",\"name\":\"RMSINT+ VDV - Revue Militaire Suisse\",\"isPartOf\":{\"@id\":\"https:\\\/\\\/revuemilitairesuisse.ch\\\/#website\"},\"primaryImageOfPage\":{\"@id\":\"https:\\\/\\\/revuemilitairesuisse.ch\\\/boutique\\\/rmsint-vdv\\\/#primaryimage\"},\"image\":{\"@id\":\"https:\\\/\\\/revuemilitairesuisse.ch\\\/boutique\\\/rmsint-vdv\\\/#primaryimage\"},\"thumbnailUrl\":\"https:\\\/\\\/revuemilitairesuisse.ch\\\/app\\\/uploads\\\/2025\\\/05\\\/RMSINT-VDV-May-2024-ver-20240510-preview-pdf.jpg\",\"datePublished\":\"2025-05-27T16:00:06+00:00\",\"dateModified\":\"2026-04-24T07:35:19+00:00\",\"breadcrumb\":{\"@id\":\"https:\\\/\\\/revuemilitairesuisse.ch\\\/boutique\\\/rmsint-vdv\\\/#breadcrumb\"},\"inLanguage\":\"de\",\"potentialAction\":[{\"@type\":\"ReadAction\",\"target\":[\"https:\\\/\\\/revuemilitairesuisse.ch\\\/boutique\\\/rmsint-vdv\\\/\"]}]},{\"@type\":\"ImageObject\",\"inLanguage\":\"de\",\"@id\":\"https:\\\/\\\/revuemilitairesuisse.ch\\\/boutique\\\/rmsint-vdv\\\/#primaryimage\",\"url\":\"https:\\\/\\\/revuemilitairesuisse.ch\\\/app\\\/uploads\\\/2025\\\/05\\\/RMSINT-VDV-May-2024-ver-20240510-preview-pdf.jpg\",\"contentUrl\":\"https:\\\/\\\/revuemilitairesuisse.ch\\\/app\\\/uploads\\\/2025\\\/05\\\/RMSINT-VDV-May-2024-ver-20240510-preview-pdf.jpg\"},{\"@type\":\"BreadcrumbList\",\"@id\":\"https:\\\/\\\/revuemilitairesuisse.ch\\\/boutique\\\/rmsint-vdv\\\/#breadcrumb\",\"itemListElement\":[{\"@type\":\"ListItem\",\"position\":1,\"name\":\"Accueil\",\"item\":\"https:\\\/\\\/revuemilitairesuisse.ch\\\/\"},{\"@type\":\"ListItem\",\"position\":2,\"name\":\"Boutique\",\"item\":\"https:\\\/\\\/revuemilitairesuisse.ch\\\/boutique\\\/\"},{\"@type\":\"ListItem\",\"position\":3,\"name\":\"RMSINT+ VDV\"}]},{\"@type\":\"WebSite\",\"@id\":\"https:\\\/\\\/revuemilitairesuisse.ch\\\/#website\",\"url\":\"https:\\\/\\\/revuemilitairesuisse.ch\\\/\",\"name\":\"Revue Militaire Suisse\",\"description\":\"\",\"publisher\":{\"@id\":\"https:\\\/\\\/revuemilitairesuisse.ch\\\/#organization\"},\"potentialAction\":[{\"@type\":\"SearchAction\",\"target\":{\"@type\":\"EntryPoint\",\"urlTemplate\":\"https:\\\/\\\/revuemilitairesuisse.ch\\\/?s={search_term_string}\"},\"query-input\":{\"@type\":\"PropertyValueSpecification\",\"valueRequired\":true,\"valueName\":\"search_term_string\"}}],\"inLanguage\":\"de\"},{\"@type\":\"Organization\",\"@id\":\"https:\\\/\\\/revuemilitairesuisse.ch\\\/#organization\",\"name\":\"Revue Militaire Suisse\",\"url\":\"https:\\\/\\\/revuemilitairesuisse.ch\\\/\",\"logo\":{\"@type\":\"ImageObject\",\"inLanguage\":\"de\",\"@id\":\"https:\\\/\\\/revuemilitairesuisse.ch\\\/#\\\/schema\\\/logo\\\/image\\\/\",\"url\":\"https:\\\/\\\/revuemilitairesuisse.ch\\\/app\\\/uploads\\\/2025\\\/07\\\/logoRMS-trans.svg\",\"contentUrl\":\"https:\\\/\\\/revuemilitairesuisse.ch\\\/app\\\/uploads\\\/2025\\\/07\\\/logoRMS-trans.svg\",\"caption\":\"Revue Militaire Suisse\"},\"image\":{\"@id\":\"https:\\\/\\\/revuemilitairesuisse.ch\\\/#\\\/schema\\\/logo\\\/image\\\/\"},\"sameAs\":[\"https:\\\/\\\/www.facebook.com\\\/revuemilitairesuisse\\\/\"]}]}<\/script>\n<!-- \/ Yoast SEO plugin. -->","yoast_head_json":{"title":"RMSINT+ VDV - Revue Militaire Suisse","robots":{"index":"index","follow":"follow","max-snippet":"max-snippet:-1","max-image-preview":"max-image-preview:large","max-video-preview":"max-video-preview:-1"},"canonical":"https:\/\/revuemilitairesuisse.ch\/de\/boutique\/rmsint-vdv\/","og_locale":"de_DE","og_type":"article","og_title":"RMSINT+ VDV - Revue Militaire Suisse","og_description":"Ce num\u00e9ro examine les troupes a\u00e9roport\u00e9es russes (VDV), engag\u00e9es d\u00e8s les premiers jours de l\u2019invasion de l\u2019Ukraine en 2022. Pr\u00e9sent\u00e9es comme fer de lance, elles ont connu des succ\u00e8s initiaux (travers\u00e9e du Dniepr) mais aussi des \u00e9checs majeurs (\u00e9chec du d\u00e9barquement \u00e0 Hostomel et impossibilit\u00e9 de prendre Kiev). L\u2019\u00e9dition retrace leur histoire (cr\u00e9\u00e9es dans les [&hellip;]","og_url":"https:\/\/revuemilitairesuisse.ch\/de\/boutique\/rmsint-vdv\/","og_site_name":"Revue Militaire Suisse","article_publisher":"https:\/\/www.facebook.com\/revuemilitairesuisse\/","article_modified_time":"2026-04-24T07:35:19+00:00","twitter_card":"summary_large_image","twitter_misc":{"Gesch\u00e4tzte Lesezeit":"1\u00a0Minute"},"schema":{"@context":"https:\/\/schema.org","@graph":[{"@type":"WebPage","@id":"https:\/\/revuemilitairesuisse.ch\/boutique\/rmsint-vdv\/","url":"https:\/\/revuemilitairesuisse.ch\/boutique\/rmsint-vdv\/","name":"RMSINT+ VDV - Revue Militaire Suisse","isPartOf":{"@id":"https:\/\/revuemilitairesuisse.ch\/#website"},"primaryImageOfPage":{"@id":"https:\/\/revuemilitairesuisse.ch\/boutique\/rmsint-vdv\/#primaryimage"},"image":{"@id":"https:\/\/revuemilitairesuisse.ch\/boutique\/rmsint-vdv\/#primaryimage"},"thumbnailUrl":"https:\/\/revuemilitairesuisse.ch\/app\/uploads\/2025\/05\/RMSINT-VDV-May-2024-ver-20240510-preview-pdf.jpg","datePublished":"2025-05-27T16:00:06+00:00","dateModified":"2026-04-24T07:35:19+00:00","breadcrumb":{"@id":"https:\/\/revuemilitairesuisse.ch\/boutique\/rmsint-vdv\/#breadcrumb"},"inLanguage":"de","potentialAction":[{"@type":"ReadAction","target":["https:\/\/revuemilitairesuisse.ch\/boutique\/rmsint-vdv\/"]}]},{"@type":"ImageObject","inLanguage":"de","@id":"https:\/\/revuemilitairesuisse.ch\/boutique\/rmsint-vdv\/#primaryimage","url":"https:\/\/revuemilitairesuisse.ch\/app\/uploads\/2025\/05\/RMSINT-VDV-May-2024-ver-20240510-preview-pdf.jpg","contentUrl":"https:\/\/revuemilitairesuisse.ch\/app\/uploads\/2025\/05\/RMSINT-VDV-May-2024-ver-20240510-preview-pdf.jpg"},{"@type":"BreadcrumbList","@id":"https:\/\/revuemilitairesuisse.ch\/boutique\/rmsint-vdv\/#breadcrumb","itemListElement":[{"@type":"ListItem","position":1,"name":"Accueil","item":"https:\/\/revuemilitairesuisse.ch\/"},{"@type":"ListItem","position":2,"name":"Boutique","item":"https:\/\/revuemilitairesuisse.ch\/boutique\/"},{"@type":"ListItem","position":3,"name":"RMSINT+ VDV"}]},{"@type":"WebSite","@id":"https:\/\/revuemilitairesuisse.ch\/#website","url":"https:\/\/revuemilitairesuisse.ch\/","name":"Revue Militaire Suisse","description":"","publisher":{"@id":"https:\/\/revuemilitairesuisse.ch\/#organization"},"potentialAction":[{"@type":"SearchAction","target":{"@type":"EntryPoint","urlTemplate":"https:\/\/revuemilitairesuisse.ch\/?s={search_term_string}"},"query-input":{"@type":"PropertyValueSpecification","valueRequired":true,"valueName":"search_term_string"}}],"inLanguage":"de"},{"@type":"Organization","@id":"https:\/\/revuemilitairesuisse.ch\/#organization","name":"Revue Militaire Suisse","url":"https:\/\/revuemilitairesuisse.ch\/","logo":{"@type":"ImageObject","inLanguage":"de","@id":"https:\/\/revuemilitairesuisse.ch\/#\/schema\/logo\/image\/","url":"https:\/\/revuemilitairesuisse.ch\/app\/uploads\/2025\/07\/logoRMS-trans.svg","contentUrl":"https:\/\/revuemilitairesuisse.ch\/app\/uploads\/2025\/07\/logoRMS-trans.svg","caption":"Revue Militaire Suisse"},"image":{"@id":"https:\/\/revuemilitairesuisse.ch\/#\/schema\/logo\/image\/"},"sameAs":["https:\/\/www.facebook.com\/revuemilitairesuisse\/"]}]}},"_links":{"self":[{"href":"https:\/\/revuemilitairesuisse.ch\/de\/wp-json\/wp\/v2\/product\/581","targetHints":{"allow":["GET"]}}],"collection":[{"href":"https:\/\/revuemilitairesuisse.ch\/de\/wp-json\/wp\/v2\/product"}],"about":[{"href":"https:\/\/revuemilitairesuisse.ch\/de\/wp-json\/wp\/v2\/types\/product"}],"wp:featuredmedia":[{"embeddable":true,"href":"https:\/\/revuemilitairesuisse.ch\/de\/wp-json\/wp\/v2\/media\/582"}],"wp:attachment":[{"href":"https:\/\/revuemilitairesuisse.ch\/de\/wp-json\/wp\/v2\/media?parent=581"}],"wp:term":[{"taxonomy":"collection","embeddable":true,"href":"https:\/\/revuemilitairesuisse.ch\/de\/wp-json\/wp\/v2\/collection?post=581"},{"taxonomy":"product_brand","embeddable":true,"href":"https:\/\/revuemilitairesuisse.ch\/de\/wp-json\/wp\/v2\/product_brand?post=581"},{"taxonomy":"product_cat","embeddable":true,"href":"https:\/\/revuemilitairesuisse.ch\/de\/wp-json\/wp\/v2\/product_cat?post=581"},{"taxonomy":"product_tag","embeddable":true,"href":"https:\/\/revuemilitairesuisse.ch\/de\/wp-json\/wp\/v2\/product_tag?post=581"}],"curies":[{"name":"wp","href":"https:\/\/api.w.org\/{rel}","templated":true}]}}