{"id":578,"date":"2025-05-27T17:59:11","date_gmt":"2025-05-27T15:59:11","guid":{"rendered":"https:\/\/revuemilitairesuisse.ch\/?post_type=issue&#038;p=578"},"modified":"2026-04-24T09:22:39","modified_gmt":"2026-04-24T07:22:39","slug":"rmsint-usmc","status":"publish","type":"product","link":"https:\/\/revuemilitairesuisse.ch\/de\/boutique\/rmsint-usmc\/","title":{"rendered":"RMSINT+ USMC"},"content":{"rendered":"<p>Diese Ausgabe ist dem US Marine Corps (USMC) gewidmet. Sie beleuchtet seine Rolle als Expeditionsstreitkraft und seine besondere Kultur. Obwohl die Schweiz keine Marine hat, gilt das Beispiel des USMC als relevant: seine Gr\u00f6sse (vergleichbar mit gewissen Nationalarmeen), seine F\u00e4higkeit zur schnellen Verlegung und die universelle Ausbildung (jeder Marine ist zuerst Infanterist). Das Dossier zeichnet seine Geschichte nach \u2013 von den ersten amphibischen Eins\u00e4tzen \u00fcber die Doktrin des \u201eThree Block War\u201c bis zu den heutigen Herausforderungen im Pazifik gegen\u00fcber China. Innovation, Robustheit und taktische Eigenst\u00e4ndigkeit werden als Inspiration f\u00fcr kleinere Armeen hervorgehoben.<\/p>","protected":false},"excerpt":{"rendered":"Consacr\u00e9 au US Marine Corps (USMC), ce num\u00e9ro met en avant son r\u00f4le de force exp\u00e9ditionnaire et sa culture sp\u00e9cifique. Bien que la Suisse n\u2019ait pas de marine, l\u2019exemple du USMC est jug\u00e9 pertinent pour sa taille (\u00e9quivalente \u00e0 certaines arm\u00e9es nationales), sa capacit\u00e9 de d\u00e9ploiement rapide et son entra\u00eenement universel (chaque Marine est d\u2019abord","protected":false},"featured_media":580,"template":"","meta":{"_acf_changed":false},"collection":[21],"product_brand":[],"product_cat":[17],"product_tag":[],"class_list":{"0":"post-578","1":"product","2":"type-product","3":"status-publish","4":"has-post-thumbnail","6":"product_cat-uncategorized","8":"first","9":"instock","10":"downloadable","11":"virtual","12":"purchasable","13":"product-type-simple"},"acf":[],"yoast_head":"<!-- This site is optimized with the Yoast SEO plugin v27.4 - https:\/\/yoast.com\/product\/yoast-seo-wordpress\/ -->\n<title>RMSINT+ USMC - Revue Militaire Suisse<\/title>\n<meta name=\"robots\" content=\"index, follow, max-snippet:-1, max-image-preview:large, max-video-preview:-1\" \/>\n<link rel=\"canonical\" href=\"https:\/\/revuemilitairesuisse.ch\/de\/boutique\/rmsint-usmc\/\" \/>\n<meta property=\"og:locale\" content=\"de_DE\" \/>\n<meta property=\"og:type\" content=\"article\" \/>\n<meta property=\"og:title\" content=\"RMSINT+ USMC - Revue Militaire Suisse\" \/>\n<meta property=\"og:description\" content=\"Consacr\u00e9 au US Marine Corps (USMC), ce num\u00e9ro met en avant son r\u00f4le de force exp\u00e9ditionnaire et sa culture sp\u00e9cifique. Bien que la Suisse n\u2019ait pas de marine, l\u2019exemple du USMC est jug\u00e9 pertinent pour sa taille (\u00e9quivalente \u00e0 certaines arm\u00e9es nationales), sa capacit\u00e9 de d\u00e9ploiement rapide et son entra\u00eenement universel (chaque Marine est d\u2019abord [&hellip;]\" \/>\n<meta property=\"og:url\" content=\"https:\/\/revuemilitairesuisse.ch\/de\/boutique\/rmsint-usmc\/\" \/>\n<meta property=\"og:site_name\" content=\"Revue Militaire Suisse\" \/>\n<meta property=\"article:publisher\" content=\"https:\/\/www.facebook.com\/revuemilitairesuisse\/\" \/>\n<meta property=\"article:modified_time\" content=\"2026-04-24T07:22:39+00:00\" \/>\n<meta property=\"og:image\" content=\"https:\/\/revuemilitairesuisse.ch\/app\/uploads\/2025\/05\/1748361516603-db9bd4c4-8097-404a-a46b-93d4fd5f4822_1.jpg\" \/>\n\t<meta property=\"og:image:width\" content=\"724\" \/>\n\t<meta property=\"og:image:height\" content=\"1024\" \/>\n\t<meta property=\"og:image:type\" content=\"image\/jpeg\" \/>\n<meta name=\"twitter:card\" content=\"summary_large_image\" \/>\n<meta name=\"twitter:label1\" content=\"Gesch\u00e4tzte Lesezeit\" \/>\n\t<meta name=\"twitter:data1\" content=\"1\u00a0Minute\" \/>\n<script type=\"application\/ld+json\" class=\"yoast-schema-graph\">{\"@context\":\"https:\\\/\\\/schema.org\",\"@graph\":[{\"@type\":\"WebPage\",\"@id\":\"https:\\\/\\\/revuemilitairesuisse.ch\\\/boutique\\\/rmsint-usmc\\\/\",\"url\":\"https:\\\/\\\/revuemilitairesuisse.ch\\\/boutique\\\/rmsint-usmc\\\/\",\"name\":\"RMSINT+ USMC - Revue Militaire Suisse\",\"isPartOf\":{\"@id\":\"https:\\\/\\\/revuemilitairesuisse.ch\\\/#website\"},\"primaryImageOfPage\":{\"@id\":\"https:\\\/\\\/revuemilitairesuisse.ch\\\/boutique\\\/rmsint-usmc\\\/#primaryimage\"},\"image\":{\"@id\":\"https:\\\/\\\/revuemilitairesuisse.ch\\\/boutique\\\/rmsint-usmc\\\/#primaryimage\"},\"thumbnailUrl\":\"https:\\\/\\\/revuemilitairesuisse.ch\\\/app\\\/uploads\\\/2025\\\/05\\\/1748361516603-db9bd4c4-8097-404a-a46b-93d4fd5f4822_1.jpg\",\"datePublished\":\"2025-05-27T15:59:11+00:00\",\"dateModified\":\"2026-04-24T07:22:39+00:00\",\"breadcrumb\":{\"@id\":\"https:\\\/\\\/revuemilitairesuisse.ch\\\/boutique\\\/rmsint-usmc\\\/#breadcrumb\"},\"inLanguage\":\"de\",\"potentialAction\":[{\"@type\":\"ReadAction\",\"target\":[\"https:\\\/\\\/revuemilitairesuisse.ch\\\/boutique\\\/rmsint-usmc\\\/\"]}]},{\"@type\":\"ImageObject\",\"inLanguage\":\"de\",\"@id\":\"https:\\\/\\\/revuemilitairesuisse.ch\\\/boutique\\\/rmsint-usmc\\\/#primaryimage\",\"url\":\"https:\\\/\\\/revuemilitairesuisse.ch\\\/app\\\/uploads\\\/2025\\\/05\\\/1748361516603-db9bd4c4-8097-404a-a46b-93d4fd5f4822_1.jpg\",\"contentUrl\":\"https:\\\/\\\/revuemilitairesuisse.ch\\\/app\\\/uploads\\\/2025\\\/05\\\/1748361516603-db9bd4c4-8097-404a-a46b-93d4fd5f4822_1.jpg\",\"width\":724,\"height\":1024},{\"@type\":\"BreadcrumbList\",\"@id\":\"https:\\\/\\\/revuemilitairesuisse.ch\\\/boutique\\\/rmsint-usmc\\\/#breadcrumb\",\"itemListElement\":[{\"@type\":\"ListItem\",\"position\":1,\"name\":\"Accueil\",\"item\":\"https:\\\/\\\/revuemilitairesuisse.ch\\\/\"},{\"@type\":\"ListItem\",\"position\":2,\"name\":\"Boutique\",\"item\":\"https:\\\/\\\/revuemilitairesuisse.ch\\\/boutique\\\/\"},{\"@type\":\"ListItem\",\"position\":3,\"name\":\"RMSINT+ USMC\"}]},{\"@type\":\"WebSite\",\"@id\":\"https:\\\/\\\/revuemilitairesuisse.ch\\\/#website\",\"url\":\"https:\\\/\\\/revuemilitairesuisse.ch\\\/\",\"name\":\"Revue Militaire Suisse\",\"description\":\"\",\"publisher\":{\"@id\":\"https:\\\/\\\/revuemilitairesuisse.ch\\\/#organization\"},\"potentialAction\":[{\"@type\":\"SearchAction\",\"target\":{\"@type\":\"EntryPoint\",\"urlTemplate\":\"https:\\\/\\\/revuemilitairesuisse.ch\\\/?s={search_term_string}\"},\"query-input\":{\"@type\":\"PropertyValueSpecification\",\"valueRequired\":true,\"valueName\":\"search_term_string\"}}],\"inLanguage\":\"de\"},{\"@type\":\"Organization\",\"@id\":\"https:\\\/\\\/revuemilitairesuisse.ch\\\/#organization\",\"name\":\"Revue Militaire Suisse\",\"url\":\"https:\\\/\\\/revuemilitairesuisse.ch\\\/\",\"logo\":{\"@type\":\"ImageObject\",\"inLanguage\":\"de\",\"@id\":\"https:\\\/\\\/revuemilitairesuisse.ch\\\/#\\\/schema\\\/logo\\\/image\\\/\",\"url\":\"https:\\\/\\\/revuemilitairesuisse.ch\\\/app\\\/uploads\\\/2025\\\/07\\\/logoRMS-trans.svg\",\"contentUrl\":\"https:\\\/\\\/revuemilitairesuisse.ch\\\/app\\\/uploads\\\/2025\\\/07\\\/logoRMS-trans.svg\",\"caption\":\"Revue Militaire Suisse\"},\"image\":{\"@id\":\"https:\\\/\\\/revuemilitairesuisse.ch\\\/#\\\/schema\\\/logo\\\/image\\\/\"},\"sameAs\":[\"https:\\\/\\\/www.facebook.com\\\/revuemilitairesuisse\\\/\"]}]}<\/script>\n<!-- \/ Yoast SEO plugin. -->","yoast_head_json":{"title":"RMSINT+ USMC - Revue Militaire Suisse","robots":{"index":"index","follow":"follow","max-snippet":"max-snippet:-1","max-image-preview":"max-image-preview:large","max-video-preview":"max-video-preview:-1"},"canonical":"https:\/\/revuemilitairesuisse.ch\/de\/boutique\/rmsint-usmc\/","og_locale":"de_DE","og_type":"article","og_title":"RMSINT+ USMC - Revue Militaire Suisse","og_description":"Consacr\u00e9 au US Marine Corps (USMC), ce num\u00e9ro met en avant son r\u00f4le de force exp\u00e9ditionnaire et sa culture sp\u00e9cifique. Bien que la Suisse n\u2019ait pas de marine, l\u2019exemple du USMC est jug\u00e9 pertinent pour sa taille (\u00e9quivalente \u00e0 certaines arm\u00e9es nationales), sa capacit\u00e9 de d\u00e9ploiement rapide et son entra\u00eenement universel (chaque Marine est d\u2019abord [&hellip;]","og_url":"https:\/\/revuemilitairesuisse.ch\/de\/boutique\/rmsint-usmc\/","og_site_name":"Revue Militaire Suisse","article_publisher":"https:\/\/www.facebook.com\/revuemilitairesuisse\/","article_modified_time":"2026-04-24T07:22:39+00:00","og_image":[{"width":724,"height":1024,"url":"https:\/\/revuemilitairesuisse.ch\/app\/uploads\/2025\/05\/1748361516603-db9bd4c4-8097-404a-a46b-93d4fd5f4822_1.jpg","type":"image\/jpeg"}],"twitter_card":"summary_large_image","twitter_misc":{"Gesch\u00e4tzte Lesezeit":"1\u00a0Minute"},"schema":{"@context":"https:\/\/schema.org","@graph":[{"@type":"WebPage","@id":"https:\/\/revuemilitairesuisse.ch\/boutique\/rmsint-usmc\/","url":"https:\/\/revuemilitairesuisse.ch\/boutique\/rmsint-usmc\/","name":"RMSINT+ USMC - Revue Militaire Suisse","isPartOf":{"@id":"https:\/\/revuemilitairesuisse.ch\/#website"},"primaryImageOfPage":{"@id":"https:\/\/revuemilitairesuisse.ch\/boutique\/rmsint-usmc\/#primaryimage"},"image":{"@id":"https:\/\/revuemilitairesuisse.ch\/boutique\/rmsint-usmc\/#primaryimage"},"thumbnailUrl":"https:\/\/revuemilitairesuisse.ch\/app\/uploads\/2025\/05\/1748361516603-db9bd4c4-8097-404a-a46b-93d4fd5f4822_1.jpg","datePublished":"2025-05-27T15:59:11+00:00","dateModified":"2026-04-24T07:22:39+00:00","breadcrumb":{"@id":"https:\/\/revuemilitairesuisse.ch\/boutique\/rmsint-usmc\/#breadcrumb"},"inLanguage":"de","potentialAction":[{"@type":"ReadAction","target":["https:\/\/revuemilitairesuisse.ch\/boutique\/rmsint-usmc\/"]}]},{"@type":"ImageObject","inLanguage":"de","@id":"https:\/\/revuemilitairesuisse.ch\/boutique\/rmsint-usmc\/#primaryimage","url":"https:\/\/revuemilitairesuisse.ch\/app\/uploads\/2025\/05\/1748361516603-db9bd4c4-8097-404a-a46b-93d4fd5f4822_1.jpg","contentUrl":"https:\/\/revuemilitairesuisse.ch\/app\/uploads\/2025\/05\/1748361516603-db9bd4c4-8097-404a-a46b-93d4fd5f4822_1.jpg","width":724,"height":1024},{"@type":"BreadcrumbList","@id":"https:\/\/revuemilitairesuisse.ch\/boutique\/rmsint-usmc\/#breadcrumb","itemListElement":[{"@type":"ListItem","position":1,"name":"Accueil","item":"https:\/\/revuemilitairesuisse.ch\/"},{"@type":"ListItem","position":2,"name":"Boutique","item":"https:\/\/revuemilitairesuisse.ch\/boutique\/"},{"@type":"ListItem","position":3,"name":"RMSINT+ USMC"}]},{"@type":"WebSite","@id":"https:\/\/revuemilitairesuisse.ch\/#website","url":"https:\/\/revuemilitairesuisse.ch\/","name":"Revue Militaire Suisse","description":"","publisher":{"@id":"https:\/\/revuemilitairesuisse.ch\/#organization"},"potentialAction":[{"@type":"SearchAction","target":{"@type":"EntryPoint","urlTemplate":"https:\/\/revuemilitairesuisse.ch\/?s={search_term_string}"},"query-input":{"@type":"PropertyValueSpecification","valueRequired":true,"valueName":"search_term_string"}}],"inLanguage":"de"},{"@type":"Organization","@id":"https:\/\/revuemilitairesuisse.ch\/#organization","name":"Revue Militaire Suisse","url":"https:\/\/revuemilitairesuisse.ch\/","logo":{"@type":"ImageObject","inLanguage":"de","@id":"https:\/\/revuemilitairesuisse.ch\/#\/schema\/logo\/image\/","url":"https:\/\/revuemilitairesuisse.ch\/app\/uploads\/2025\/07\/logoRMS-trans.svg","contentUrl":"https:\/\/revuemilitairesuisse.ch\/app\/uploads\/2025\/07\/logoRMS-trans.svg","caption":"Revue Militaire Suisse"},"image":{"@id":"https:\/\/revuemilitairesuisse.ch\/#\/schema\/logo\/image\/"},"sameAs":["https:\/\/www.facebook.com\/revuemilitairesuisse\/"]}]}},"_links":{"self":[{"href":"https:\/\/revuemilitairesuisse.ch\/de\/wp-json\/wp\/v2\/product\/578","targetHints":{"allow":["GET"]}}],"collection":[{"href":"https:\/\/revuemilitairesuisse.ch\/de\/wp-json\/wp\/v2\/product"}],"about":[{"href":"https:\/\/revuemilitairesuisse.ch\/de\/wp-json\/wp\/v2\/types\/product"}],"wp:featuredmedia":[{"embeddable":true,"href":"https:\/\/revuemilitairesuisse.ch\/de\/wp-json\/wp\/v2\/media\/580"}],"wp:attachment":[{"href":"https:\/\/revuemilitairesuisse.ch\/de\/wp-json\/wp\/v2\/media?parent=578"}],"wp:term":[{"taxonomy":"collection","embeddable":true,"href":"https:\/\/revuemilitairesuisse.ch\/de\/wp-json\/wp\/v2\/collection?post=578"},{"taxonomy":"product_brand","embeddable":true,"href":"https:\/\/revuemilitairesuisse.ch\/de\/wp-json\/wp\/v2\/product_brand?post=578"},{"taxonomy":"product_cat","embeddable":true,"href":"https:\/\/revuemilitairesuisse.ch\/de\/wp-json\/wp\/v2\/product_cat?post=578"},{"taxonomy":"product_tag","embeddable":true,"href":"https:\/\/revuemilitairesuisse.ch\/de\/wp-json\/wp\/v2\/product_tag?post=578"}],"curies":[{"name":"wp","href":"https:\/\/api.w.org\/{rel}","templated":true}]}}