{"id":573,"date":"2025-05-27T17:49:55","date_gmt":"2025-05-27T15:49:55","guid":{"rendered":"https:\/\/revuemilitairesuisse.ch\/?post_type=issue&#038;p=573"},"modified":"2025-08-29T16:43:08","modified_gmt":"2025-08-29T14:43:08","slug":"rms-2-2025","status":"publish","type":"product","link":"https:\/\/revuemilitairesuisse.ch\/de\/boutique\/rms-2-2025\/","title":{"rendered":"RMS 2\/2025"},"content":{"rendered":"<p>Die Streitkr\u00e4fte t\u00e4tigen vermehrt Waffensystemk\u00e4ufe in \u00d6sterreich, einem Land, dem in dieser Ausgabe 2\/2025 zahlreiche Artikel gewidmet sind.\n\nEin weiteres zentrales Thema ist das Schlachtfeld der Zukunft \u2013 technologisch, schwer fassbar und allgegenw\u00e4rtig.\nDiese Ausgabe behandelt au\u00dferdem die Ern\u00e4hrungssicherheit der Schweiz und stellt die provokante Frage nach der Wahrscheinlichkeit eines russischen Panzerangriffs auf die Schweiz.<\/p>","protected":false},"excerpt":{"rendered":"Les forces arm\u00e9es multiplient les acquisitions de syst\u00e8mes d\u2019armes en Autriche, pays auquel de nombreux articles sont consacr\u00e9s dans ce num\u00e9ro 2\/2025. Le champ de bataille du futur : Technologique, insaisissable et omnipr\u00e9sent, est un autre th\u00e8me phare de ce num\u00e9ro, qui pose \u00e9galement la question de la s\u00e9curit\u00e9 alimentaire de la Suisse et de","protected":false},"featured_media":718,"template":"","meta":{"_acf_changed":false},"collection":[20],"product_brand":[],"product_cat":[17],"product_tag":[],"class_list":{"0":"post-573","1":"product","2":"type-product","3":"status-publish","4":"has-post-thumbnail","6":"product_cat-uncategorized","8":"first","9":"instock","10":"downloadable","11":"shipping-taxable","12":"purchasable","13":"product-type-simple"},"acf":[],"yoast_head":"<!-- This site is optimized with the Yoast SEO plugin v27.5 - https:\/\/yoast.com\/product\/yoast-seo-wordpress\/ -->\n<title>RMS 2\/2025 - Revue Militaire Suisse<\/title>\n<meta name=\"robots\" content=\"index, follow, max-snippet:-1, max-image-preview:large, max-video-preview:-1\" \/>\n<link rel=\"canonical\" href=\"https:\/\/revuemilitairesuisse.ch\/de\/boutique\/rms-2-2025\/\" \/>\n<meta property=\"og:locale\" content=\"de_DE\" \/>\n<meta property=\"og:type\" content=\"article\" \/>\n<meta property=\"og:title\" content=\"RMS 2\/2025 - Revue Militaire Suisse\" \/>\n<meta property=\"og:description\" content=\"Les forces arm\u00e9es multiplient les acquisitions de syst\u00e8mes d\u2019armes en Autriche, pays auquel de nombreux articles sont consacr\u00e9s dans ce num\u00e9ro 2\/2025. Le champ de bataille du futur : Technologique, insaisissable et omnipr\u00e9sent, est un autre th\u00e8me phare de ce num\u00e9ro, qui pose \u00e9galement la question de la s\u00e9curit\u00e9 alimentaire de la Suisse et de [&hellip;]\" \/>\n<meta property=\"og:url\" content=\"https:\/\/revuemilitairesuisse.ch\/de\/boutique\/rms-2-2025\/\" \/>\n<meta property=\"og:site_name\" content=\"Revue Militaire Suisse\" \/>\n<meta property=\"article:publisher\" content=\"https:\/\/www.facebook.com\/revuemilitairesuisse\/\" \/>\n<meta property=\"article:modified_time\" content=\"2025-08-29T14:43:08+00:00\" \/>\n<meta name=\"twitter:card\" content=\"summary_large_image\" \/>\n<meta name=\"twitter:label1\" content=\"Gesch\u00e4tzte Lesezeit\" \/>\n\t<meta name=\"twitter:data1\" content=\"1\u00a0Minute\" \/>\n<script type=\"application\/ld+json\" class=\"yoast-schema-graph\">{\"@context\":\"https:\\\/\\\/schema.org\",\"@graph\":[{\"@type\":\"WebPage\",\"@id\":\"https:\\\/\\\/revuemilitairesuisse.ch\\\/boutique\\\/rms-2-2025\\\/\",\"url\":\"https:\\\/\\\/revuemilitairesuisse.ch\\\/boutique\\\/rms-2-2025\\\/\",\"name\":\"RMS 2\\\/2025 - Revue Militaire Suisse\",\"isPartOf\":{\"@id\":\"https:\\\/\\\/revuemilitairesuisse.ch\\\/#website\"},\"primaryImageOfPage\":{\"@id\":\"https:\\\/\\\/revuemilitairesuisse.ch\\\/boutique\\\/rms-2-2025\\\/#primaryimage\"},\"image\":{\"@id\":\"https:\\\/\\\/revuemilitairesuisse.ch\\\/boutique\\\/rms-2-2025\\\/#primaryimage\"},\"thumbnailUrl\":\"https:\\\/\\\/revuemilitairesuisse.ch\\\/app\\\/uploads\\\/2025\\\/05\\\/RMS_2025-02-pdf.jpg\",\"datePublished\":\"2025-05-27T15:49:55+00:00\",\"dateModified\":\"2025-08-29T14:43:08+00:00\",\"breadcrumb\":{\"@id\":\"https:\\\/\\\/revuemilitairesuisse.ch\\\/boutique\\\/rms-2-2025\\\/#breadcrumb\"},\"inLanguage\":\"de\",\"potentialAction\":[{\"@type\":\"ReadAction\",\"target\":[\"https:\\\/\\\/revuemilitairesuisse.ch\\\/boutique\\\/rms-2-2025\\\/\"]}]},{\"@type\":\"ImageObject\",\"inLanguage\":\"de\",\"@id\":\"https:\\\/\\\/revuemilitairesuisse.ch\\\/boutique\\\/rms-2-2025\\\/#primaryimage\",\"url\":\"https:\\\/\\\/revuemilitairesuisse.ch\\\/app\\\/uploads\\\/2025\\\/05\\\/RMS_2025-02-pdf.jpg\",\"contentUrl\":\"https:\\\/\\\/revuemilitairesuisse.ch\\\/app\\\/uploads\\\/2025\\\/05\\\/RMS_2025-02-pdf.jpg\"},{\"@type\":\"BreadcrumbList\",\"@id\":\"https:\\\/\\\/revuemilitairesuisse.ch\\\/boutique\\\/rms-2-2025\\\/#breadcrumb\",\"itemListElement\":[{\"@type\":\"ListItem\",\"position\":1,\"name\":\"Accueil\",\"item\":\"https:\\\/\\\/revuemilitairesuisse.ch\\\/\"},{\"@type\":\"ListItem\",\"position\":2,\"name\":\"Boutique\",\"item\":\"https:\\\/\\\/revuemilitairesuisse.ch\\\/boutique\\\/\"},{\"@type\":\"ListItem\",\"position\":3,\"name\":\"RMS 2\\\/2025\"}]},{\"@type\":\"WebSite\",\"@id\":\"https:\\\/\\\/revuemilitairesuisse.ch\\\/#website\",\"url\":\"https:\\\/\\\/revuemilitairesuisse.ch\\\/\",\"name\":\"Revue Militaire Suisse\",\"description\":\"\",\"publisher\":{\"@id\":\"https:\\\/\\\/revuemilitairesuisse.ch\\\/#organization\"},\"potentialAction\":[{\"@type\":\"SearchAction\",\"target\":{\"@type\":\"EntryPoint\",\"urlTemplate\":\"https:\\\/\\\/revuemilitairesuisse.ch\\\/?s={search_term_string}\"},\"query-input\":{\"@type\":\"PropertyValueSpecification\",\"valueRequired\":true,\"valueName\":\"search_term_string\"}}],\"inLanguage\":\"de\"},{\"@type\":\"Organization\",\"@id\":\"https:\\\/\\\/revuemilitairesuisse.ch\\\/#organization\",\"name\":\"Revue Militaire Suisse\",\"url\":\"https:\\\/\\\/revuemilitairesuisse.ch\\\/\",\"logo\":{\"@type\":\"ImageObject\",\"inLanguage\":\"de\",\"@id\":\"https:\\\/\\\/revuemilitairesuisse.ch\\\/#\\\/schema\\\/logo\\\/image\\\/\",\"url\":\"https:\\\/\\\/revuemilitairesuisse.ch\\\/app\\\/uploads\\\/2025\\\/07\\\/logoRMS-trans.svg\",\"contentUrl\":\"https:\\\/\\\/revuemilitairesuisse.ch\\\/app\\\/uploads\\\/2025\\\/07\\\/logoRMS-trans.svg\",\"caption\":\"Revue Militaire Suisse\"},\"image\":{\"@id\":\"https:\\\/\\\/revuemilitairesuisse.ch\\\/#\\\/schema\\\/logo\\\/image\\\/\"},\"sameAs\":[\"https:\\\/\\\/www.facebook.com\\\/revuemilitairesuisse\\\/\"]}]}<\/script>\n<!-- \/ Yoast SEO plugin. -->","yoast_head_json":{"title":"RMS 2\/2025 - Revue Militaire Suisse","robots":{"index":"index","follow":"follow","max-snippet":"max-snippet:-1","max-image-preview":"max-image-preview:large","max-video-preview":"max-video-preview:-1"},"canonical":"https:\/\/revuemilitairesuisse.ch\/de\/boutique\/rms-2-2025\/","og_locale":"de_DE","og_type":"article","og_title":"RMS 2\/2025 - Revue Militaire Suisse","og_description":"Les forces arm\u00e9es multiplient les acquisitions de syst\u00e8mes d\u2019armes en Autriche, pays auquel de nombreux articles sont consacr\u00e9s dans ce num\u00e9ro 2\/2025. Le champ de bataille du futur : Technologique, insaisissable et omnipr\u00e9sent, est un autre th\u00e8me phare de ce num\u00e9ro, qui pose \u00e9galement la question de la s\u00e9curit\u00e9 alimentaire de la Suisse et de [&hellip;]","og_url":"https:\/\/revuemilitairesuisse.ch\/de\/boutique\/rms-2-2025\/","og_site_name":"Revue Militaire Suisse","article_publisher":"https:\/\/www.facebook.com\/revuemilitairesuisse\/","article_modified_time":"2025-08-29T14:43:08+00:00","twitter_card":"summary_large_image","twitter_misc":{"Gesch\u00e4tzte Lesezeit":"1\u00a0Minute"},"schema":{"@context":"https:\/\/schema.org","@graph":[{"@type":"WebPage","@id":"https:\/\/revuemilitairesuisse.ch\/boutique\/rms-2-2025\/","url":"https:\/\/revuemilitairesuisse.ch\/boutique\/rms-2-2025\/","name":"RMS 2\/2025 - Revue Militaire Suisse","isPartOf":{"@id":"https:\/\/revuemilitairesuisse.ch\/#website"},"primaryImageOfPage":{"@id":"https:\/\/revuemilitairesuisse.ch\/boutique\/rms-2-2025\/#primaryimage"},"image":{"@id":"https:\/\/revuemilitairesuisse.ch\/boutique\/rms-2-2025\/#primaryimage"},"thumbnailUrl":"https:\/\/revuemilitairesuisse.ch\/app\/uploads\/2025\/05\/RMS_2025-02-pdf.jpg","datePublished":"2025-05-27T15:49:55+00:00","dateModified":"2025-08-29T14:43:08+00:00","breadcrumb":{"@id":"https:\/\/revuemilitairesuisse.ch\/boutique\/rms-2-2025\/#breadcrumb"},"inLanguage":"de","potentialAction":[{"@type":"ReadAction","target":["https:\/\/revuemilitairesuisse.ch\/boutique\/rms-2-2025\/"]}]},{"@type":"ImageObject","inLanguage":"de","@id":"https:\/\/revuemilitairesuisse.ch\/boutique\/rms-2-2025\/#primaryimage","url":"https:\/\/revuemilitairesuisse.ch\/app\/uploads\/2025\/05\/RMS_2025-02-pdf.jpg","contentUrl":"https:\/\/revuemilitairesuisse.ch\/app\/uploads\/2025\/05\/RMS_2025-02-pdf.jpg"},{"@type":"BreadcrumbList","@id":"https:\/\/revuemilitairesuisse.ch\/boutique\/rms-2-2025\/#breadcrumb","itemListElement":[{"@type":"ListItem","position":1,"name":"Accueil","item":"https:\/\/revuemilitairesuisse.ch\/"},{"@type":"ListItem","position":2,"name":"Boutique","item":"https:\/\/revuemilitairesuisse.ch\/boutique\/"},{"@type":"ListItem","position":3,"name":"RMS 2\/2025"}]},{"@type":"WebSite","@id":"https:\/\/revuemilitairesuisse.ch\/#website","url":"https:\/\/revuemilitairesuisse.ch\/","name":"Revue Militaire Suisse","description":"","publisher":{"@id":"https:\/\/revuemilitairesuisse.ch\/#organization"},"potentialAction":[{"@type":"SearchAction","target":{"@type":"EntryPoint","urlTemplate":"https:\/\/revuemilitairesuisse.ch\/?s={search_term_string}"},"query-input":{"@type":"PropertyValueSpecification","valueRequired":true,"valueName":"search_term_string"}}],"inLanguage":"de"},{"@type":"Organization","@id":"https:\/\/revuemilitairesuisse.ch\/#organization","name":"Revue Militaire Suisse","url":"https:\/\/revuemilitairesuisse.ch\/","logo":{"@type":"ImageObject","inLanguage":"de","@id":"https:\/\/revuemilitairesuisse.ch\/#\/schema\/logo\/image\/","url":"https:\/\/revuemilitairesuisse.ch\/app\/uploads\/2025\/07\/logoRMS-trans.svg","contentUrl":"https:\/\/revuemilitairesuisse.ch\/app\/uploads\/2025\/07\/logoRMS-trans.svg","caption":"Revue Militaire Suisse"},"image":{"@id":"https:\/\/revuemilitairesuisse.ch\/#\/schema\/logo\/image\/"},"sameAs":["https:\/\/www.facebook.com\/revuemilitairesuisse\/"]}]}},"_links":{"self":[{"href":"https:\/\/revuemilitairesuisse.ch\/de\/wp-json\/wp\/v2\/product\/573","targetHints":{"allow":["GET"]}}],"collection":[{"href":"https:\/\/revuemilitairesuisse.ch\/de\/wp-json\/wp\/v2\/product"}],"about":[{"href":"https:\/\/revuemilitairesuisse.ch\/de\/wp-json\/wp\/v2\/types\/product"}],"wp:featuredmedia":[{"embeddable":true,"href":"https:\/\/revuemilitairesuisse.ch\/de\/wp-json\/wp\/v2\/media\/718"}],"wp:attachment":[{"href":"https:\/\/revuemilitairesuisse.ch\/de\/wp-json\/wp\/v2\/media?parent=573"}],"wp:term":[{"taxonomy":"collection","embeddable":true,"href":"https:\/\/revuemilitairesuisse.ch\/de\/wp-json\/wp\/v2\/collection?post=573"},{"taxonomy":"product_brand","embeddable":true,"href":"https:\/\/revuemilitairesuisse.ch\/de\/wp-json\/wp\/v2\/product_brand?post=573"},{"taxonomy":"product_cat","embeddable":true,"href":"https:\/\/revuemilitairesuisse.ch\/de\/wp-json\/wp\/v2\/product_cat?post=573"},{"taxonomy":"product_tag","embeddable":true,"href":"https:\/\/revuemilitairesuisse.ch\/de\/wp-json\/wp\/v2\/product_tag?post=573"}],"curies":[{"name":"wp","href":"https:\/\/api.w.org\/{rel}","templated":true}]}}