{"id":1022,"date":"2026-04-24T09:16:08","date_gmt":"2026-04-24T07:16:08","guid":{"rendered":"https:\/\/revuemilitairesuisse.ch\/?post_type=product&#038;p=1022"},"modified":"2026-04-24T09:38:57","modified_gmt":"2026-04-24T07:38:57","slug":"rmsint-belgium","status":"publish","type":"product","link":"https:\/\/revuemilitairesuisse.ch\/de\/boutique\/rmsint-belgium\/","title":{"rendered":"RMSINT+ Belgien"},"content":{"rendered":"<p>Diese internationale Ausgabe (auf Englisch \u00fcbersetzt) befasst sich mit der belgischen Verteidigung. Sie vergleicht Belgien oft mit der Schweiz \u2013 zwei L\u00e4nder \u00e4hnlicher Gr\u00f6sse, jedoch mit sehr unterschiedlichen Wegen seit dem Zweiten Weltkrieg: Schweizer Neutralit\u00e4t gegen\u00fcber belgischer Integration in NATO und EU. Die Ausgabe stellt den 2022 gestarteten STAR-Plan (Security, Technology, Ambition, Resilience) vor: zus\u00e4tzliche Investitionen von 10,2 Milliarden \u20ac, Aufbau eines Cyberkommandos, Modernisierung der Streitkr\u00e4fte (CAESAR-Artillerie, MQ-9B-Drohnen, Jaguar-Panzer usw.). Ziel: bis 2035 zwei Prozent des BIP f\u00fcr die Verteidigung und Wiedergewinnung strategischer Autonomie.<\/p>","protected":false},"excerpt":{"rendered":"Cette \u00e9dition internationale, traduite en anglais, se penche sur la d\u00e9fense belge. Elle compare souvent la Belgique et la Suisse, deux pays de taille similaire mais aux trajectoires tr\u00e8s diff\u00e9rentes depuis la Seconde Guerre mondiale : neutralit\u00e9 suisse contre int\u00e9gration belge \u00e0 l\u2019OTAN et \u00e0 l\u2019UE. La revue d\u00e9taille le plan STAR (Security, Technology, Ambition,","protected":false},"featured_media":1016,"template":"","meta":{"_acf_changed":false},"collection":[21],"product_brand":[],"product_cat":[17],"product_tag":[],"class_list":{"0":"post-1022","1":"product","2":"type-product","3":"status-publish","4":"has-post-thumbnail","6":"product_cat-uncategorized","8":"first","9":"instock","10":"downloadable","11":"virtual","12":"purchasable","13":"product-type-simple"},"acf":[],"yoast_head":"<!-- This site is optimized with the Yoast SEO plugin v27.4 - https:\/\/yoast.com\/product\/yoast-seo-wordpress\/ -->\n<title>RMSINT+ Belgium - Revue Militaire Suisse<\/title>\n<meta name=\"robots\" content=\"index, follow, max-snippet:-1, max-image-preview:large, max-video-preview:-1\" \/>\n<link rel=\"canonical\" href=\"https:\/\/revuemilitairesuisse.ch\/de\/boutique\/rmsint-belgium\/\" \/>\n<meta property=\"og:locale\" content=\"de_DE\" \/>\n<meta property=\"og:type\" content=\"article\" \/>\n<meta property=\"og:title\" content=\"RMSINT+ Belgium - Revue Militaire Suisse\" \/>\n<meta property=\"og:description\" content=\"Cette \u00e9dition internationale, traduite en anglais, se penche sur la d\u00e9fense belge. Elle compare souvent la Belgique et la Suisse, deux pays de taille similaire mais aux trajectoires tr\u00e8s diff\u00e9rentes depuis la Seconde Guerre mondiale : neutralit\u00e9 suisse contre int\u00e9gration belge \u00e0 l\u2019OTAN et \u00e0 l\u2019UE. La revue d\u00e9taille le plan STAR (Security, Technology, Ambition, [&hellip;]\" \/>\n<meta property=\"og:url\" content=\"https:\/\/revuemilitairesuisse.ch\/de\/boutique\/rmsint-belgium\/\" \/>\n<meta property=\"og:site_name\" content=\"Revue Militaire Suisse\" \/>\n<meta property=\"article:publisher\" content=\"https:\/\/www.facebook.com\/revuemilitairesuisse\/\" \/>\n<meta property=\"article:modified_time\" content=\"2026-04-24T07:38:57+00:00\" \/>\n<meta property=\"og:image\" content=\"https:\/\/revuemilitairesuisse.ch\/app\/uploads\/2026\/04\/RMSINT-Belgium.jpg\" \/>\n\t<meta property=\"og:image:width\" content=\"596\" \/>\n\t<meta property=\"og:image:height\" content=\"842\" \/>\n\t<meta property=\"og:image:type\" content=\"image\/jpeg\" \/>\n<meta name=\"twitter:card\" content=\"summary_large_image\" \/>\n<meta name=\"twitter:label1\" content=\"Gesch\u00e4tzte Lesezeit\" \/>\n\t<meta name=\"twitter:data1\" content=\"1\u00a0Minute\" \/>\n<script type=\"application\/ld+json\" class=\"yoast-schema-graph\">{\"@context\":\"https:\\\/\\\/schema.org\",\"@graph\":[{\"@type\":\"WebPage\",\"@id\":\"https:\\\/\\\/revuemilitairesuisse.ch\\\/boutique\\\/rmsint-belgium\\\/\",\"url\":\"https:\\\/\\\/revuemilitairesuisse.ch\\\/boutique\\\/rmsint-belgium\\\/\",\"name\":\"RMSINT+ Belgium - Revue Militaire Suisse\",\"isPartOf\":{\"@id\":\"https:\\\/\\\/revuemilitairesuisse.ch\\\/#website\"},\"primaryImageOfPage\":{\"@id\":\"https:\\\/\\\/revuemilitairesuisse.ch\\\/boutique\\\/rmsint-belgium\\\/#primaryimage\"},\"image\":{\"@id\":\"https:\\\/\\\/revuemilitairesuisse.ch\\\/boutique\\\/rmsint-belgium\\\/#primaryimage\"},\"thumbnailUrl\":\"https:\\\/\\\/revuemilitairesuisse.ch\\\/app\\\/uploads\\\/2026\\\/04\\\/RMSINT-Belgium.jpg\",\"datePublished\":\"2026-04-24T07:16:08+00:00\",\"dateModified\":\"2026-04-24T07:38:57+00:00\",\"breadcrumb\":{\"@id\":\"https:\\\/\\\/revuemilitairesuisse.ch\\\/boutique\\\/rmsint-belgium\\\/#breadcrumb\"},\"inLanguage\":\"de\",\"potentialAction\":[{\"@type\":\"ReadAction\",\"target\":[\"https:\\\/\\\/revuemilitairesuisse.ch\\\/boutique\\\/rmsint-belgium\\\/\"]}]},{\"@type\":\"ImageObject\",\"inLanguage\":\"de\",\"@id\":\"https:\\\/\\\/revuemilitairesuisse.ch\\\/boutique\\\/rmsint-belgium\\\/#primaryimage\",\"url\":\"https:\\\/\\\/revuemilitairesuisse.ch\\\/app\\\/uploads\\\/2026\\\/04\\\/RMSINT-Belgium.jpg\",\"contentUrl\":\"https:\\\/\\\/revuemilitairesuisse.ch\\\/app\\\/uploads\\\/2026\\\/04\\\/RMSINT-Belgium.jpg\",\"width\":596,\"height\":842},{\"@type\":\"BreadcrumbList\",\"@id\":\"https:\\\/\\\/revuemilitairesuisse.ch\\\/boutique\\\/rmsint-belgium\\\/#breadcrumb\",\"itemListElement\":[{\"@type\":\"ListItem\",\"position\":1,\"name\":\"Accueil\",\"item\":\"https:\\\/\\\/revuemilitairesuisse.ch\\\/\"},{\"@type\":\"ListItem\",\"position\":2,\"name\":\"Boutique\",\"item\":\"https:\\\/\\\/revuemilitairesuisse.ch\\\/boutique\\\/\"},{\"@type\":\"ListItem\",\"position\":3,\"name\":\"RMSINT+ Belgium\"}]},{\"@type\":\"WebSite\",\"@id\":\"https:\\\/\\\/revuemilitairesuisse.ch\\\/#website\",\"url\":\"https:\\\/\\\/revuemilitairesuisse.ch\\\/\",\"name\":\"Revue Militaire Suisse\",\"description\":\"\",\"publisher\":{\"@id\":\"https:\\\/\\\/revuemilitairesuisse.ch\\\/#organization\"},\"potentialAction\":[{\"@type\":\"SearchAction\",\"target\":{\"@type\":\"EntryPoint\",\"urlTemplate\":\"https:\\\/\\\/revuemilitairesuisse.ch\\\/?s={search_term_string}\"},\"query-input\":{\"@type\":\"PropertyValueSpecification\",\"valueRequired\":true,\"valueName\":\"search_term_string\"}}],\"inLanguage\":\"de\"},{\"@type\":\"Organization\",\"@id\":\"https:\\\/\\\/revuemilitairesuisse.ch\\\/#organization\",\"name\":\"Revue Militaire Suisse\",\"url\":\"https:\\\/\\\/revuemilitairesuisse.ch\\\/\",\"logo\":{\"@type\":\"ImageObject\",\"inLanguage\":\"de\",\"@id\":\"https:\\\/\\\/revuemilitairesuisse.ch\\\/#\\\/schema\\\/logo\\\/image\\\/\",\"url\":\"https:\\\/\\\/revuemilitairesuisse.ch\\\/app\\\/uploads\\\/2025\\\/07\\\/logoRMS-trans.svg\",\"contentUrl\":\"https:\\\/\\\/revuemilitairesuisse.ch\\\/app\\\/uploads\\\/2025\\\/07\\\/logoRMS-trans.svg\",\"caption\":\"Revue Militaire Suisse\"},\"image\":{\"@id\":\"https:\\\/\\\/revuemilitairesuisse.ch\\\/#\\\/schema\\\/logo\\\/image\\\/\"},\"sameAs\":[\"https:\\\/\\\/www.facebook.com\\\/revuemilitairesuisse\\\/\"]}]}<\/script>\n<!-- \/ Yoast SEO plugin. -->","yoast_head_json":{"title":"RMSINT+ Belgium - Revue Militaire Suisse","robots":{"index":"index","follow":"follow","max-snippet":"max-snippet:-1","max-image-preview":"max-image-preview:large","max-video-preview":"max-video-preview:-1"},"canonical":"https:\/\/revuemilitairesuisse.ch\/de\/boutique\/rmsint-belgium\/","og_locale":"de_DE","og_type":"article","og_title":"RMSINT+ Belgium - Revue Militaire Suisse","og_description":"Cette \u00e9dition internationale, traduite en anglais, se penche sur la d\u00e9fense belge. Elle compare souvent la Belgique et la Suisse, deux pays de taille similaire mais aux trajectoires tr\u00e8s diff\u00e9rentes depuis la Seconde Guerre mondiale : neutralit\u00e9 suisse contre int\u00e9gration belge \u00e0 l\u2019OTAN et \u00e0 l\u2019UE. La revue d\u00e9taille le plan STAR (Security, Technology, Ambition, [&hellip;]","og_url":"https:\/\/revuemilitairesuisse.ch\/de\/boutique\/rmsint-belgium\/","og_site_name":"Revue Militaire Suisse","article_publisher":"https:\/\/www.facebook.com\/revuemilitairesuisse\/","article_modified_time":"2026-04-24T07:38:57+00:00","og_image":[{"width":596,"height":842,"url":"https:\/\/revuemilitairesuisse.ch\/app\/uploads\/2026\/04\/RMSINT-Belgium.jpg","type":"image\/jpeg"}],"twitter_card":"summary_large_image","twitter_misc":{"Gesch\u00e4tzte Lesezeit":"1\u00a0Minute"},"schema":{"@context":"https:\/\/schema.org","@graph":[{"@type":"WebPage","@id":"https:\/\/revuemilitairesuisse.ch\/boutique\/rmsint-belgium\/","url":"https:\/\/revuemilitairesuisse.ch\/boutique\/rmsint-belgium\/","name":"RMSINT+ Belgium - Revue Militaire Suisse","isPartOf":{"@id":"https:\/\/revuemilitairesuisse.ch\/#website"},"primaryImageOfPage":{"@id":"https:\/\/revuemilitairesuisse.ch\/boutique\/rmsint-belgium\/#primaryimage"},"image":{"@id":"https:\/\/revuemilitairesuisse.ch\/boutique\/rmsint-belgium\/#primaryimage"},"thumbnailUrl":"https:\/\/revuemilitairesuisse.ch\/app\/uploads\/2026\/04\/RMSINT-Belgium.jpg","datePublished":"2026-04-24T07:16:08+00:00","dateModified":"2026-04-24T07:38:57+00:00","breadcrumb":{"@id":"https:\/\/revuemilitairesuisse.ch\/boutique\/rmsint-belgium\/#breadcrumb"},"inLanguage":"de","potentialAction":[{"@type":"ReadAction","target":["https:\/\/revuemilitairesuisse.ch\/boutique\/rmsint-belgium\/"]}]},{"@type":"ImageObject","inLanguage":"de","@id":"https:\/\/revuemilitairesuisse.ch\/boutique\/rmsint-belgium\/#primaryimage","url":"https:\/\/revuemilitairesuisse.ch\/app\/uploads\/2026\/04\/RMSINT-Belgium.jpg","contentUrl":"https:\/\/revuemilitairesuisse.ch\/app\/uploads\/2026\/04\/RMSINT-Belgium.jpg","width":596,"height":842},{"@type":"BreadcrumbList","@id":"https:\/\/revuemilitairesuisse.ch\/boutique\/rmsint-belgium\/#breadcrumb","itemListElement":[{"@type":"ListItem","position":1,"name":"Accueil","item":"https:\/\/revuemilitairesuisse.ch\/"},{"@type":"ListItem","position":2,"name":"Boutique","item":"https:\/\/revuemilitairesuisse.ch\/boutique\/"},{"@type":"ListItem","position":3,"name":"RMSINT+ Belgium"}]},{"@type":"WebSite","@id":"https:\/\/revuemilitairesuisse.ch\/#website","url":"https:\/\/revuemilitairesuisse.ch\/","name":"Revue Militaire Suisse","description":"","publisher":{"@id":"https:\/\/revuemilitairesuisse.ch\/#organization"},"potentialAction":[{"@type":"SearchAction","target":{"@type":"EntryPoint","urlTemplate":"https:\/\/revuemilitairesuisse.ch\/?s={search_term_string}"},"query-input":{"@type":"PropertyValueSpecification","valueRequired":true,"valueName":"search_term_string"}}],"inLanguage":"de"},{"@type":"Organization","@id":"https:\/\/revuemilitairesuisse.ch\/#organization","name":"Revue Militaire Suisse","url":"https:\/\/revuemilitairesuisse.ch\/","logo":{"@type":"ImageObject","inLanguage":"de","@id":"https:\/\/revuemilitairesuisse.ch\/#\/schema\/logo\/image\/","url":"https:\/\/revuemilitairesuisse.ch\/app\/uploads\/2025\/07\/logoRMS-trans.svg","contentUrl":"https:\/\/revuemilitairesuisse.ch\/app\/uploads\/2025\/07\/logoRMS-trans.svg","caption":"Revue Militaire Suisse"},"image":{"@id":"https:\/\/revuemilitairesuisse.ch\/#\/schema\/logo\/image\/"},"sameAs":["https:\/\/www.facebook.com\/revuemilitairesuisse\/"]}]}},"_links":{"self":[{"href":"https:\/\/revuemilitairesuisse.ch\/de\/wp-json\/wp\/v2\/product\/1022","targetHints":{"allow":["GET"]}}],"collection":[{"href":"https:\/\/revuemilitairesuisse.ch\/de\/wp-json\/wp\/v2\/product"}],"about":[{"href":"https:\/\/revuemilitairesuisse.ch\/de\/wp-json\/wp\/v2\/types\/product"}],"wp:featuredmedia":[{"embeddable":true,"href":"https:\/\/revuemilitairesuisse.ch\/de\/wp-json\/wp\/v2\/media\/1016"}],"wp:attachment":[{"href":"https:\/\/revuemilitairesuisse.ch\/de\/wp-json\/wp\/v2\/media?parent=1022"}],"wp:term":[{"taxonomy":"collection","embeddable":true,"href":"https:\/\/revuemilitairesuisse.ch\/de\/wp-json\/wp\/v2\/collection?post=1022"},{"taxonomy":"product_brand","embeddable":true,"href":"https:\/\/revuemilitairesuisse.ch\/de\/wp-json\/wp\/v2\/product_brand?post=1022"},{"taxonomy":"product_cat","embeddable":true,"href":"https:\/\/revuemilitairesuisse.ch\/de\/wp-json\/wp\/v2\/product_cat?post=1022"},{"taxonomy":"product_tag","embeddable":true,"href":"https:\/\/revuemilitairesuisse.ch\/de\/wp-json\/wp\/v2\/product_tag?post=1022"}],"curies":[{"name":"wp","href":"https:\/\/api.w.org\/{rel}","templated":true}]}}