{"id":883,"date":"2025-11-10T20:15:22","date_gmt":"2025-11-10T19:15:22","guid":{"rendered":"https:\/\/revuemilitairesuisse.ch\/?page_id=883"},"modified":"2025-11-10T20:15:22","modified_gmt":"2025-11-10T19:15:22","slug":"publicite","status":"publish","type":"page","link":"https:\/\/revuemilitairesuisse.ch\/de\/publicite\/","title":{"rendered":"Werbung"},"content":{"rendered":"<section\n\tclass=\"block\tblock-text\tbackground-grey\tno-background\t\tone-column\">\n\t<div class=\"block-inner block-text-inner\">\n\t\t<div class=\"columns\">\n\t\t\t\n\t\t\t<div class=\"column\">\n\t\t\t\t<div class=\"block-content block-content-body\"><p>Z\u00f6gern Sie nicht,\u00a0<a href=\"https:\/\/revuemilitairesuisse.ch\/de\/publicite\/rms\/contact\/\">Bei Bestellschwierigkeiten kontaktieren Sie uns<\/a>\u00a0f\u00fcr Anfragen und Anzeigen.<\/p>\n<h3>Geltende Tarife<\/h3>\n<h4>Innenseiten der Zeitschrift<\/h4>\n<ul>\n<li>Ganzseitig: 1800 CHF<\/li>\n<li>Ganzseitig mit Anschnitt: 2000 CHF<\/li>\n<li>\u00bd Seite horizontal oder vertikal: 1100 CHF<\/li>\n<li>\u00bc Seite horizontal oder vertikal: 700 CHF<\/li>\n<\/ul>\n<h4>Titelseite<\/h4>\n<p class=\"translation-block\">2., 3. oder 4. Umschlagseite: 2200 CHF<\/p>\n<h4>Panoramaseite in der Heftmitte<\/h4>\n<ul>\n<li>2 Seiten, gestaltete Fl\u00e4che: 2600 CHF<\/li>\n<li>Doppelseite mit Anschnitt: 2800 CHF<\/li>\n<\/ul>\n<h3>Druckfl\u00e4che<\/h3>\n<ul>\n<li>1\/1 Seite: 210 mm \u00d7 297 mm<\/li>\n<li>\u00bd Seite horizontal: 210 mm \u00d7 148,5 mm<\/li>\n<li>\u00bd Seite vertikal: 105 mm \u00d7 297 mm<\/li>\n<li>\u00bc Seite horizontal: 210 mm \u00d7 74 mm<\/li>\n<li>\u00bc Seite vertikal: 74 mm \u00d7 148,5 mm<\/li>\n<\/ul>\n<p>(Angaben in Breite \u00d7 H\u00f6he)<\/p>\n<h3>Bereitzustellendes Material<\/h3>\n<ul>\n<li>Digitale Datei in Schwarzwei\u00df oder Farbe<\/li>\n<li>Dateiformat: TIFF oder PDF<\/li>\n<li>Gr\u00f6\u00dfe und Aufl\u00f6sung: In der Druckgr\u00f6\u00dfe (z. B. 105 \u00d7 297 mm) muss die Datei eine Aufl\u00f6sung von 300 dpi haben<\/li>\n<\/ul>\n<\/div>\n\t\t\t<\/div>\n\n\t\t\t\t\t<\/div>\n\t<\/div>\n<\/section>","protected":false},"excerpt":{"rendered":"N\u2019h\u00e9sitez pas \u00e0\u00a0nous contacter\u00a0pour toute demande ou annonce. Tarifs en vigueur Pages int\u00e9rieures de la revue Page enti\u00e8re : 1800 CHF Page enti\u00e8re avec francs bords : 2000 CHF 1\/2 page horizontale ou verticale : 1100 CHF 1\/4 page horizontale ou verticale : 700 CHF Page de couverture 2e\u0300me, 3e\u0300me\u00a0ou 4e\u0300me\u00a0page :\u00a02200 CHF Panoramique au","protected":false},"author":5,"featured_media":35,"parent":0,"menu_order":0,"comment_status":"closed","ping_status":"closed","template":"","meta":{"_acf_changed":false,"footnotes":""},"class_list":["post-883","page","type-page","status-publish","has-post-thumbnail","hentry"],"acf":[],"yoast_head":"<!-- This site is optimized with the Yoast SEO plugin v27.4 - https:\/\/yoast.com\/product\/yoast-seo-wordpress\/ -->\n<title>Publicit\u00e9 - Revue Militaire Suisse<\/title>\n<meta name=\"robots\" content=\"index, follow, max-snippet:-1, max-image-preview:large, max-video-preview:-1\" \/>\n<link rel=\"canonical\" href=\"https:\/\/revuemilitairesuisse.ch\/de\/publicite\/\" \/>\n<meta property=\"og:locale\" content=\"de_DE\" \/>\n<meta property=\"og:type\" content=\"article\" \/>\n<meta property=\"og:title\" content=\"Publicit\u00e9 - Revue Militaire Suisse\" \/>\n<meta property=\"og:description\" content=\"N\u2019h\u00e9sitez pas \u00e0\u00a0nous contacter\u00a0pour toute demande ou annonce. Tarifs en vigueur Pages int\u00e9rieures de la revue Page enti\u00e8re : 1800 CHF Page enti\u00e8re avec francs bords : 2000 CHF 1\/2 page horizontale ou verticale : 1100 CHF 1\/4 page horizontale ou verticale : 700 CHF Page de couverture 2e\u0300me, 3e\u0300me\u00a0ou 4e\u0300me\u00a0page :\u00a02200 CHF Panoramique au [&hellip;]\" \/>\n<meta property=\"og:url\" content=\"https:\/\/revuemilitairesuisse.ch\/de\/publicite\/\" \/>\n<meta property=\"og:site_name\" content=\"Revue Militaire Suisse\" \/>\n<meta property=\"article:publisher\" content=\"https:\/\/www.facebook.com\/revuemilitairesuisse\/\" \/>\n<meta property=\"og:image\" content=\"https:\/\/revuemilitairesuisse.ch\/app\/uploads\/2024\/12\/batiment-revue-militaire-suisse.jpg\" \/>\n\t<meta property=\"og:image:width\" content=\"2200\" \/>\n\t<meta property=\"og:image:height\" content=\"660\" \/>\n\t<meta property=\"og:image:type\" content=\"image\/jpeg\" \/>\n<meta name=\"twitter:card\" content=\"summary_large_image\" \/>\n<meta name=\"twitter:label1\" content=\"Gesch\u00e4tzte Lesezeit\" \/>\n\t<meta name=\"twitter:data1\" content=\"1\u00a0Minute\" \/>\n<script type=\"application\/ld+json\" class=\"yoast-schema-graph\">{\"@context\":\"https:\\\/\\\/schema.org\",\"@graph\":[{\"@type\":\"WebPage\",\"@id\":\"https:\\\/\\\/revuemilitairesuisse.ch\\\/publicite\\\/\",\"url\":\"https:\\\/\\\/revuemilitairesuisse.ch\\\/publicite\\\/\",\"name\":\"Publicit\u00e9 - Revue Militaire Suisse\",\"isPartOf\":{\"@id\":\"https:\\\/\\\/revuemilitairesuisse.ch\\\/#website\"},\"primaryImageOfPage\":{\"@id\":\"https:\\\/\\\/revuemilitairesuisse.ch\\\/publicite\\\/#primaryimage\"},\"image\":{\"@id\":\"https:\\\/\\\/revuemilitairesuisse.ch\\\/publicite\\\/#primaryimage\"},\"thumbnailUrl\":\"https:\\\/\\\/revuemilitairesuisse.ch\\\/app\\\/uploads\\\/2024\\\/12\\\/batiment-revue-militaire-suisse.jpg\",\"datePublished\":\"2025-11-10T19:15:22+00:00\",\"breadcrumb\":{\"@id\":\"https:\\\/\\\/revuemilitairesuisse.ch\\\/publicite\\\/#breadcrumb\"},\"inLanguage\":\"de\",\"potentialAction\":[{\"@type\":\"ReadAction\",\"target\":[\"https:\\\/\\\/revuemilitairesuisse.ch\\\/publicite\\\/\"]}]},{\"@type\":\"ImageObject\",\"inLanguage\":\"de\",\"@id\":\"https:\\\/\\\/revuemilitairesuisse.ch\\\/publicite\\\/#primaryimage\",\"url\":\"https:\\\/\\\/revuemilitairesuisse.ch\\\/app\\\/uploads\\\/2024\\\/12\\\/batiment-revue-militaire-suisse.jpg\",\"contentUrl\":\"https:\\\/\\\/revuemilitairesuisse.ch\\\/app\\\/uploads\\\/2024\\\/12\\\/batiment-revue-militaire-suisse.jpg\",\"width\":2200,\"height\":660},{\"@type\":\"BreadcrumbList\",\"@id\":\"https:\\\/\\\/revuemilitairesuisse.ch\\\/publicite\\\/#breadcrumb\",\"itemListElement\":[{\"@type\":\"ListItem\",\"position\":1,\"name\":\"Accueil\",\"item\":\"https:\\\/\\\/revuemilitairesuisse.ch\\\/\"},{\"@type\":\"ListItem\",\"position\":2,\"name\":\"Publicit\u00e9\"}]},{\"@type\":\"WebSite\",\"@id\":\"https:\\\/\\\/revuemilitairesuisse.ch\\\/#website\",\"url\":\"https:\\\/\\\/revuemilitairesuisse.ch\\\/\",\"name\":\"Revue Militaire Suisse\",\"description\":\"\",\"publisher\":{\"@id\":\"https:\\\/\\\/revuemilitairesuisse.ch\\\/#organization\"},\"potentialAction\":[{\"@type\":\"SearchAction\",\"target\":{\"@type\":\"EntryPoint\",\"urlTemplate\":\"https:\\\/\\\/revuemilitairesuisse.ch\\\/?s={search_term_string}\"},\"query-input\":{\"@type\":\"PropertyValueSpecification\",\"valueRequired\":true,\"valueName\":\"search_term_string\"}}],\"inLanguage\":\"de\"},{\"@type\":\"Organization\",\"@id\":\"https:\\\/\\\/revuemilitairesuisse.ch\\\/#organization\",\"name\":\"Revue Militaire Suisse\",\"url\":\"https:\\\/\\\/revuemilitairesuisse.ch\\\/\",\"logo\":{\"@type\":\"ImageObject\",\"inLanguage\":\"de\",\"@id\":\"https:\\\/\\\/revuemilitairesuisse.ch\\\/#\\\/schema\\\/logo\\\/image\\\/\",\"url\":\"https:\\\/\\\/revuemilitairesuisse.ch\\\/app\\\/uploads\\\/2025\\\/07\\\/logoRMS-trans.svg\",\"contentUrl\":\"https:\\\/\\\/revuemilitairesuisse.ch\\\/app\\\/uploads\\\/2025\\\/07\\\/logoRMS-trans.svg\",\"caption\":\"Revue Militaire Suisse\"},\"image\":{\"@id\":\"https:\\\/\\\/revuemilitairesuisse.ch\\\/#\\\/schema\\\/logo\\\/image\\\/\"},\"sameAs\":[\"https:\\\/\\\/www.facebook.com\\\/revuemilitairesuisse\\\/\"]}]}<\/script>\n<!-- \/ Yoast SEO plugin. -->","yoast_head_json":{"title":"Publicit\u00e9 - Revue Militaire Suisse","robots":{"index":"index","follow":"follow","max-snippet":"max-snippet:-1","max-image-preview":"max-image-preview:large","max-video-preview":"max-video-preview:-1"},"canonical":"https:\/\/revuemilitairesuisse.ch\/de\/publicite\/","og_locale":"de_DE","og_type":"article","og_title":"Publicit\u00e9 - Revue Militaire Suisse","og_description":"N\u2019h\u00e9sitez pas \u00e0\u00a0nous contacter\u00a0pour toute demande ou annonce. Tarifs en vigueur Pages int\u00e9rieures de la revue Page enti\u00e8re : 1800 CHF Page enti\u00e8re avec francs bords : 2000 CHF 1\/2 page horizontale ou verticale : 1100 CHF 1\/4 page horizontale ou verticale : 700 CHF Page de couverture 2e\u0300me, 3e\u0300me\u00a0ou 4e\u0300me\u00a0page :\u00a02200 CHF Panoramique au [&hellip;]","og_url":"https:\/\/revuemilitairesuisse.ch\/de\/publicite\/","og_site_name":"Revue Militaire Suisse","article_publisher":"https:\/\/www.facebook.com\/revuemilitairesuisse\/","og_image":[{"width":2200,"height":660,"url":"https:\/\/revuemilitairesuisse.ch\/app\/uploads\/2024\/12\/batiment-revue-militaire-suisse.jpg","type":"image\/jpeg"}],"twitter_card":"summary_large_image","twitter_misc":{"Gesch\u00e4tzte Lesezeit":"1\u00a0Minute"},"schema":{"@context":"https:\/\/schema.org","@graph":[{"@type":"WebPage","@id":"https:\/\/revuemilitairesuisse.ch\/publicite\/","url":"https:\/\/revuemilitairesuisse.ch\/publicite\/","name":"Publicit\u00e9 - Revue Militaire Suisse","isPartOf":{"@id":"https:\/\/revuemilitairesuisse.ch\/#website"},"primaryImageOfPage":{"@id":"https:\/\/revuemilitairesuisse.ch\/publicite\/#primaryimage"},"image":{"@id":"https:\/\/revuemilitairesuisse.ch\/publicite\/#primaryimage"},"thumbnailUrl":"https:\/\/revuemilitairesuisse.ch\/app\/uploads\/2024\/12\/batiment-revue-militaire-suisse.jpg","datePublished":"2025-11-10T19:15:22+00:00","breadcrumb":{"@id":"https:\/\/revuemilitairesuisse.ch\/publicite\/#breadcrumb"},"inLanguage":"de","potentialAction":[{"@type":"ReadAction","target":["https:\/\/revuemilitairesuisse.ch\/publicite\/"]}]},{"@type":"ImageObject","inLanguage":"de","@id":"https:\/\/revuemilitairesuisse.ch\/publicite\/#primaryimage","url":"https:\/\/revuemilitairesuisse.ch\/app\/uploads\/2024\/12\/batiment-revue-militaire-suisse.jpg","contentUrl":"https:\/\/revuemilitairesuisse.ch\/app\/uploads\/2024\/12\/batiment-revue-militaire-suisse.jpg","width":2200,"height":660},{"@type":"BreadcrumbList","@id":"https:\/\/revuemilitairesuisse.ch\/publicite\/#breadcrumb","itemListElement":[{"@type":"ListItem","position":1,"name":"Accueil","item":"https:\/\/revuemilitairesuisse.ch\/"},{"@type":"ListItem","position":2,"name":"Publicit\u00e9"}]},{"@type":"WebSite","@id":"https:\/\/revuemilitairesuisse.ch\/#website","url":"https:\/\/revuemilitairesuisse.ch\/","name":"Revue Militaire Suisse","description":"","publisher":{"@id":"https:\/\/revuemilitairesuisse.ch\/#organization"},"potentialAction":[{"@type":"SearchAction","target":{"@type":"EntryPoint","urlTemplate":"https:\/\/revuemilitairesuisse.ch\/?s={search_term_string}"},"query-input":{"@type":"PropertyValueSpecification","valueRequired":true,"valueName":"search_term_string"}}],"inLanguage":"de"},{"@type":"Organization","@id":"https:\/\/revuemilitairesuisse.ch\/#organization","name":"Revue Militaire Suisse","url":"https:\/\/revuemilitairesuisse.ch\/","logo":{"@type":"ImageObject","inLanguage":"de","@id":"https:\/\/revuemilitairesuisse.ch\/#\/schema\/logo\/image\/","url":"https:\/\/revuemilitairesuisse.ch\/app\/uploads\/2025\/07\/logoRMS-trans.svg","contentUrl":"https:\/\/revuemilitairesuisse.ch\/app\/uploads\/2025\/07\/logoRMS-trans.svg","caption":"Revue Militaire Suisse"},"image":{"@id":"https:\/\/revuemilitairesuisse.ch\/#\/schema\/logo\/image\/"},"sameAs":["https:\/\/www.facebook.com\/revuemilitairesuisse\/"]}]}},"_links":{"self":[{"href":"https:\/\/revuemilitairesuisse.ch\/de\/wp-json\/wp\/v2\/pages\/883","targetHints":{"allow":["GET"]}}],"collection":[{"href":"https:\/\/revuemilitairesuisse.ch\/de\/wp-json\/wp\/v2\/pages"}],"about":[{"href":"https:\/\/revuemilitairesuisse.ch\/de\/wp-json\/wp\/v2\/types\/page"}],"author":[{"embeddable":true,"href":"https:\/\/revuemilitairesuisse.ch\/de\/wp-json\/wp\/v2\/users\/5"}],"replies":[{"embeddable":true,"href":"https:\/\/revuemilitairesuisse.ch\/de\/wp-json\/wp\/v2\/comments?post=883"}],"version-history":[{"count":1,"href":"https:\/\/revuemilitairesuisse.ch\/de\/wp-json\/wp\/v2\/pages\/883\/revisions"}],"predecessor-version":[{"id":884,"href":"https:\/\/revuemilitairesuisse.ch\/de\/wp-json\/wp\/v2\/pages\/883\/revisions\/884"}],"wp:featuredmedia":[{"embeddable":true,"href":"https:\/\/revuemilitairesuisse.ch\/de\/wp-json\/wp\/v2\/media\/35"}],"wp:attachment":[{"href":"https:\/\/revuemilitairesuisse.ch\/de\/wp-json\/wp\/v2\/media?parent=883"}],"curies":[{"name":"wp","href":"https:\/\/api.w.org\/{rel}","templated":true}]}}