{"id":480,"date":"2025-02-11T10:08:54","date_gmt":"2025-02-11T09:08:54","guid":{"rendered":"https:\/\/revuemilitairesuisse.ch\/?page_id=480"},"modified":"2025-07-07T14:42:07","modified_gmt":"2025-07-07T12:42:07","slug":"les-anciens-numeros","status":"publish","type":"page","link":"https:\/\/revuemilitairesuisse.ch\/de\/les-editions\/les-anciens-numeros\/","title":{"rendered":"Fr\u00fchere Ausgaben"},"content":{"rendered":"<section\n\tclass=\"block\tblock-text\tbackground-grey\tno-background\t\tone-column\">\n\t<div class=\"block-inner block-text-inner\">\n\t\t<div class=\"columns\">\n\t\t\t\n\t\t\t<div class=\"column\">\n\t\t\t\t<div class=\"block-content block-content-body\"><p>Die Bundesbibliothek\u00a0<a href=\"https:\/\/www.big.admin.ch\/\" target=\"_blank\" rel=\"noopener\">am Guisanplatz<\/a>\u00a0in Bern bewahrt die vollst\u00e4ndige Sammlung der Zeitschrift auf \u2013 ebenso wie das\u00a0<a href=\"http:\/\/www.militariahelvetica.ch\/fr\/chpm\/\" target=\"_blank\" rel=\"noopener\">Zentrum f\u00fcr Milit\u00e4rgeschichte und Kriegsgeschichte<\/a> in Pully.<\/p>\n<p>Dar\u00fcber hinaus ist die vollst\u00e4ndige Archivsammlung der RMS online auf\u00a0<a href=\"http:\/\/www.e-periodica.ch\/digbib\/volumes?UID=rms-001\" target=\"_blank\" rel=\"noopener\">e-periodica.ch<\/a>\u00a0verf\u00fcgbar \u2013 im Rahmen eines Projekts der Eidgen\u00f6ssischen Technischen Hochschule Z\u00fcrich (ETH Z\u00fcrich). Diese digitale Sammlung umfasst Ausgaben ab dem Jahr 1856 bis zu zwei Jahre nach ihrer Ver\u00f6ffentlichung.<\/p>\n<h3>e-periodica-Archiv<\/h3>\n<p><iframe id=\"advanced_iframe\" style=\";width: 100%; height: 1200px;\" src=\"https:\/\/www.e-periodica.ch\/digbib\/volumes?UID=rms-001\" name=\"advanced_iframe\" width=\"100%\" height=\"1200\" frameborder=\"0\"><\/iframe><\/p>\n<\/div>\n\t\t\t<\/div>\n\n\t\t\t\t\t<\/div>\n\t<\/div>\n<\/section>","protected":false},"excerpt":{"rendered":"La biblioth\u00e8que f\u00e9d\u00e9rale\u00a0am Guisanplatz\u00a0\u00e0 Berne conserve l\u2019int\u00e9gralit\u00e9 de la revue, de m\u00eame que le\u00a0Centre d\u2019histoire et de prospective militaire \u00e0 Pully. En outre, la collection int\u00e9grale des archives de la RMS est disponible en ligne sur\u00a0e-periodica.ch\u00a0via un projet men\u00e9 par l\u2019Ecole polytechnique f\u00e9d\u00e9rale de Z\u00fcrich. Celle-ci rassemble des num\u00e9ros depuis 1856 jusqu\u2019\u00e0 deux ans apr\u00e8s","protected":false},"author":1,"featured_media":484,"parent":15,"menu_order":0,"comment_status":"closed","ping_status":"closed","template":"","meta":{"_acf_changed":false,"footnotes":""},"class_list":["post-480","page","type-page","status-publish","has-post-thumbnail","hentry"],"acf":[],"yoast_head":"<!-- This site is optimized with the Yoast SEO plugin v27.4 - https:\/\/yoast.com\/product\/yoast-seo-wordpress\/ -->\n<title>Les anciens num\u00e9ros - Revue Militaire Suisse<\/title>\n<meta name=\"robots\" content=\"index, follow, max-snippet:-1, max-image-preview:large, max-video-preview:-1\" \/>\n<link rel=\"canonical\" href=\"https:\/\/revuemilitairesuisse.ch\/de\/les-editions\/les-anciens-numeros\/\" \/>\n<meta property=\"og:locale\" content=\"de_DE\" \/>\n<meta property=\"og:type\" content=\"article\" \/>\n<meta property=\"og:title\" content=\"Les anciens num\u00e9ros - Revue Militaire Suisse\" \/>\n<meta property=\"og:description\" content=\"La biblioth\u00e8que f\u00e9d\u00e9rale\u00a0am Guisanplatz\u00a0\u00e0 Berne conserve l\u2019int\u00e9gralit\u00e9 de la revue, de m\u00eame que le\u00a0Centre d\u2019histoire et de prospective militaire \u00e0 Pully. En outre, la collection int\u00e9grale des archives de la RMS est disponible en ligne sur\u00a0e-periodica.ch\u00a0via un projet men\u00e9 par l\u2019Ecole polytechnique f\u00e9d\u00e9rale de Z\u00fcrich. Celle-ci rassemble des num\u00e9ros depuis 1856 jusqu\u2019\u00e0 deux ans apr\u00e8s [&hellip;]\" \/>\n<meta property=\"og:url\" content=\"https:\/\/revuemilitairesuisse.ch\/de\/les-editions\/les-anciens-numeros\/\" \/>\n<meta property=\"og:site_name\" content=\"Revue Militaire Suisse\" \/>\n<meta property=\"article:publisher\" content=\"https:\/\/www.facebook.com\/revuemilitairesuisse\/\" \/>\n<meta property=\"article:modified_time\" content=\"2025-07-07T12:42:07+00:00\" \/>\n<meta property=\"og:image\" content=\"https:\/\/revuemilitairesuisse.ch\/app\/uploads\/2025\/02\/revue-militaire-suisse-archives.jpg\" \/>\n\t<meta property=\"og:image:width\" content=\"2200\" \/>\n\t<meta property=\"og:image:height\" content=\"660\" \/>\n\t<meta property=\"og:image:type\" content=\"image\/jpeg\" \/>\n<meta name=\"twitter:card\" content=\"summary_large_image\" \/>\n<meta name=\"twitter:label1\" content=\"Gesch\u00e4tzte Lesezeit\" \/>\n\t<meta name=\"twitter:data1\" content=\"1\u00a0Minute\" \/>\n<script type=\"application\/ld+json\" class=\"yoast-schema-graph\">{\"@context\":\"https:\\\/\\\/schema.org\",\"@graph\":[{\"@type\":\"WebPage\",\"@id\":\"https:\\\/\\\/revuemilitairesuisse.ch\\\/les-editions\\\/les-anciens-numeros\\\/\",\"url\":\"https:\\\/\\\/revuemilitairesuisse.ch\\\/les-editions\\\/les-anciens-numeros\\\/\",\"name\":\"Les anciens num\u00e9ros - Revue Militaire Suisse\",\"isPartOf\":{\"@id\":\"https:\\\/\\\/revuemilitairesuisse.ch\\\/#website\"},\"primaryImageOfPage\":{\"@id\":\"https:\\\/\\\/revuemilitairesuisse.ch\\\/les-editions\\\/les-anciens-numeros\\\/#primaryimage\"},\"image\":{\"@id\":\"https:\\\/\\\/revuemilitairesuisse.ch\\\/les-editions\\\/les-anciens-numeros\\\/#primaryimage\"},\"thumbnailUrl\":\"https:\\\/\\\/revuemilitairesuisse.ch\\\/app\\\/uploads\\\/2025\\\/02\\\/revue-militaire-suisse-archives.jpg\",\"datePublished\":\"2025-02-11T09:08:54+00:00\",\"dateModified\":\"2025-07-07T12:42:07+00:00\",\"breadcrumb\":{\"@id\":\"https:\\\/\\\/revuemilitairesuisse.ch\\\/les-editions\\\/les-anciens-numeros\\\/#breadcrumb\"},\"inLanguage\":\"de\",\"potentialAction\":[{\"@type\":\"ReadAction\",\"target\":[\"https:\\\/\\\/revuemilitairesuisse.ch\\\/les-editions\\\/les-anciens-numeros\\\/\"]}]},{\"@type\":\"ImageObject\",\"inLanguage\":\"de\",\"@id\":\"https:\\\/\\\/revuemilitairesuisse.ch\\\/les-editions\\\/les-anciens-numeros\\\/#primaryimage\",\"url\":\"https:\\\/\\\/revuemilitairesuisse.ch\\\/app\\\/uploads\\\/2025\\\/02\\\/revue-militaire-suisse-archives.jpg\",\"contentUrl\":\"https:\\\/\\\/revuemilitairesuisse.ch\\\/app\\\/uploads\\\/2025\\\/02\\\/revue-militaire-suisse-archives.jpg\",\"width\":2200,\"height\":660},{\"@type\":\"BreadcrumbList\",\"@id\":\"https:\\\/\\\/revuemilitairesuisse.ch\\\/les-editions\\\/les-anciens-numeros\\\/#breadcrumb\",\"itemListElement\":[{\"@type\":\"ListItem\",\"position\":1,\"name\":\"Accueil\",\"item\":\"https:\\\/\\\/revuemilitairesuisse.ch\\\/\"},{\"@type\":\"ListItem\",\"position\":2,\"name\":\"Les \u00c9ditions\",\"item\":\"https:\\\/\\\/revuemilitairesuisse.ch\\\/les-editions\\\/\"},{\"@type\":\"ListItem\",\"position\":3,\"name\":\"Les anciens num\u00e9ros\"}]},{\"@type\":\"WebSite\",\"@id\":\"https:\\\/\\\/revuemilitairesuisse.ch\\\/#website\",\"url\":\"https:\\\/\\\/revuemilitairesuisse.ch\\\/\",\"name\":\"Revue Militaire Suisse\",\"description\":\"\",\"publisher\":{\"@id\":\"https:\\\/\\\/revuemilitairesuisse.ch\\\/#organization\"},\"potentialAction\":[{\"@type\":\"SearchAction\",\"target\":{\"@type\":\"EntryPoint\",\"urlTemplate\":\"https:\\\/\\\/revuemilitairesuisse.ch\\\/?s={search_term_string}\"},\"query-input\":{\"@type\":\"PropertyValueSpecification\",\"valueRequired\":true,\"valueName\":\"search_term_string\"}}],\"inLanguage\":\"de\"},{\"@type\":\"Organization\",\"@id\":\"https:\\\/\\\/revuemilitairesuisse.ch\\\/#organization\",\"name\":\"Revue Militaire Suisse\",\"url\":\"https:\\\/\\\/revuemilitairesuisse.ch\\\/\",\"logo\":{\"@type\":\"ImageObject\",\"inLanguage\":\"de\",\"@id\":\"https:\\\/\\\/revuemilitairesuisse.ch\\\/#\\\/schema\\\/logo\\\/image\\\/\",\"url\":\"https:\\\/\\\/revuemilitairesuisse.ch\\\/app\\\/uploads\\\/2025\\\/07\\\/logoRMS-trans.svg\",\"contentUrl\":\"https:\\\/\\\/revuemilitairesuisse.ch\\\/app\\\/uploads\\\/2025\\\/07\\\/logoRMS-trans.svg\",\"caption\":\"Revue Militaire Suisse\"},\"image\":{\"@id\":\"https:\\\/\\\/revuemilitairesuisse.ch\\\/#\\\/schema\\\/logo\\\/image\\\/\"},\"sameAs\":[\"https:\\\/\\\/www.facebook.com\\\/revuemilitairesuisse\\\/\"]}]}<\/script>\n<!-- \/ Yoast SEO plugin. -->","yoast_head_json":{"title":"Les anciens num\u00e9ros - Revue Militaire Suisse","robots":{"index":"index","follow":"follow","max-snippet":"max-snippet:-1","max-image-preview":"max-image-preview:large","max-video-preview":"max-video-preview:-1"},"canonical":"https:\/\/revuemilitairesuisse.ch\/de\/les-editions\/les-anciens-numeros\/","og_locale":"de_DE","og_type":"article","og_title":"Les anciens num\u00e9ros - Revue Militaire Suisse","og_description":"La biblioth\u00e8que f\u00e9d\u00e9rale\u00a0am Guisanplatz\u00a0\u00e0 Berne conserve l\u2019int\u00e9gralit\u00e9 de la revue, de m\u00eame que le\u00a0Centre d\u2019histoire et de prospective militaire \u00e0 Pully. En outre, la collection int\u00e9grale des archives de la RMS est disponible en ligne sur\u00a0e-periodica.ch\u00a0via un projet men\u00e9 par l\u2019Ecole polytechnique f\u00e9d\u00e9rale de Z\u00fcrich. Celle-ci rassemble des num\u00e9ros depuis 1856 jusqu\u2019\u00e0 deux ans apr\u00e8s [&hellip;]","og_url":"https:\/\/revuemilitairesuisse.ch\/de\/les-editions\/les-anciens-numeros\/","og_site_name":"Revue Militaire Suisse","article_publisher":"https:\/\/www.facebook.com\/revuemilitairesuisse\/","article_modified_time":"2025-07-07T12:42:07+00:00","og_image":[{"width":2200,"height":660,"url":"https:\/\/revuemilitairesuisse.ch\/app\/uploads\/2025\/02\/revue-militaire-suisse-archives.jpg","type":"image\/jpeg"}],"twitter_card":"summary_large_image","twitter_misc":{"Gesch\u00e4tzte Lesezeit":"1\u00a0Minute"},"schema":{"@context":"https:\/\/schema.org","@graph":[{"@type":"WebPage","@id":"https:\/\/revuemilitairesuisse.ch\/les-editions\/les-anciens-numeros\/","url":"https:\/\/revuemilitairesuisse.ch\/les-editions\/les-anciens-numeros\/","name":"Les anciens num\u00e9ros - Revue Militaire Suisse","isPartOf":{"@id":"https:\/\/revuemilitairesuisse.ch\/#website"},"primaryImageOfPage":{"@id":"https:\/\/revuemilitairesuisse.ch\/les-editions\/les-anciens-numeros\/#primaryimage"},"image":{"@id":"https:\/\/revuemilitairesuisse.ch\/les-editions\/les-anciens-numeros\/#primaryimage"},"thumbnailUrl":"https:\/\/revuemilitairesuisse.ch\/app\/uploads\/2025\/02\/revue-militaire-suisse-archives.jpg","datePublished":"2025-02-11T09:08:54+00:00","dateModified":"2025-07-07T12:42:07+00:00","breadcrumb":{"@id":"https:\/\/revuemilitairesuisse.ch\/les-editions\/les-anciens-numeros\/#breadcrumb"},"inLanguage":"de","potentialAction":[{"@type":"ReadAction","target":["https:\/\/revuemilitairesuisse.ch\/les-editions\/les-anciens-numeros\/"]}]},{"@type":"ImageObject","inLanguage":"de","@id":"https:\/\/revuemilitairesuisse.ch\/les-editions\/les-anciens-numeros\/#primaryimage","url":"https:\/\/revuemilitairesuisse.ch\/app\/uploads\/2025\/02\/revue-militaire-suisse-archives.jpg","contentUrl":"https:\/\/revuemilitairesuisse.ch\/app\/uploads\/2025\/02\/revue-militaire-suisse-archives.jpg","width":2200,"height":660},{"@type":"BreadcrumbList","@id":"https:\/\/revuemilitairesuisse.ch\/les-editions\/les-anciens-numeros\/#breadcrumb","itemListElement":[{"@type":"ListItem","position":1,"name":"Accueil","item":"https:\/\/revuemilitairesuisse.ch\/"},{"@type":"ListItem","position":2,"name":"Les \u00c9ditions","item":"https:\/\/revuemilitairesuisse.ch\/les-editions\/"},{"@type":"ListItem","position":3,"name":"Les anciens num\u00e9ros"}]},{"@type":"WebSite","@id":"https:\/\/revuemilitairesuisse.ch\/#website","url":"https:\/\/revuemilitairesuisse.ch\/","name":"Revue Militaire Suisse","description":"","publisher":{"@id":"https:\/\/revuemilitairesuisse.ch\/#organization"},"potentialAction":[{"@type":"SearchAction","target":{"@type":"EntryPoint","urlTemplate":"https:\/\/revuemilitairesuisse.ch\/?s={search_term_string}"},"query-input":{"@type":"PropertyValueSpecification","valueRequired":true,"valueName":"search_term_string"}}],"inLanguage":"de"},{"@type":"Organization","@id":"https:\/\/revuemilitairesuisse.ch\/#organization","name":"Revue Militaire Suisse","url":"https:\/\/revuemilitairesuisse.ch\/","logo":{"@type":"ImageObject","inLanguage":"de","@id":"https:\/\/revuemilitairesuisse.ch\/#\/schema\/logo\/image\/","url":"https:\/\/revuemilitairesuisse.ch\/app\/uploads\/2025\/07\/logoRMS-trans.svg","contentUrl":"https:\/\/revuemilitairesuisse.ch\/app\/uploads\/2025\/07\/logoRMS-trans.svg","caption":"Revue Militaire Suisse"},"image":{"@id":"https:\/\/revuemilitairesuisse.ch\/#\/schema\/logo\/image\/"},"sameAs":["https:\/\/www.facebook.com\/revuemilitairesuisse\/"]}]}},"_links":{"self":[{"href":"https:\/\/revuemilitairesuisse.ch\/de\/wp-json\/wp\/v2\/pages\/480","targetHints":{"allow":["GET"]}}],"collection":[{"href":"https:\/\/revuemilitairesuisse.ch\/de\/wp-json\/wp\/v2\/pages"}],"about":[{"href":"https:\/\/revuemilitairesuisse.ch\/de\/wp-json\/wp\/v2\/types\/page"}],"author":[{"embeddable":true,"href":"https:\/\/revuemilitairesuisse.ch\/de\/wp-json\/wp\/v2\/users\/1"}],"replies":[{"embeddable":true,"href":"https:\/\/revuemilitairesuisse.ch\/de\/wp-json\/wp\/v2\/comments?post=480"}],"version-history":[{"count":6,"href":"https:\/\/revuemilitairesuisse.ch\/de\/wp-json\/wp\/v2\/pages\/480\/revisions"}],"predecessor-version":[{"id":696,"href":"https:\/\/revuemilitairesuisse.ch\/de\/wp-json\/wp\/v2\/pages\/480\/revisions\/696"}],"up":[{"embeddable":true,"href":"https:\/\/revuemilitairesuisse.ch\/de\/wp-json\/wp\/v2\/pages\/15"}],"wp:featuredmedia":[{"embeddable":true,"href":"https:\/\/revuemilitairesuisse.ch\/de\/wp-json\/wp\/v2\/media\/484"}],"wp:attachment":[{"href":"https:\/\/revuemilitairesuisse.ch\/de\/wp-json\/wp\/v2\/media?parent=480"}],"curies":[{"name":"wp","href":"https:\/\/api.w.org\/{rel}","templated":true}]}}