{"id":428,"date":"2025-02-10T17:43:22","date_gmt":"2025-02-10T16:43:22","guid":{"rendered":"https:\/\/revuemilitairesuisse.ch\/?page_id=428"},"modified":"2025-02-10T17:43:31","modified_gmt":"2025-02-10T16:43:31","slug":"groupe-des-200","status":"publish","type":"page","link":"https:\/\/revuemilitairesuisse.ch\/de\/la-rms\/groupe-des-200\/","title":{"rendered":"Gruppe der 200"},"content":{"rendered":"<section\n\tclass=\"block\tblock-text\tbackground-grey\tno-background\t\tone-column\">\n\t<div class=\"block-inner block-text-inner\">\n\t\t<div class=\"columns\">\n\t\t\t\n\t\t\t<div class=\"column\">\n\t\t\t\t<div class=\"block-content block-content-body\"><p class=\"translation-block\">Die Gruppe der 200 der Revue militaire suisse (RMS) besteht aus G\u00f6nnerinnen und G\u00f6nnern, die unsere Zeitschrift unterst\u00fctzen, indem sie 200 Franken anstelle des \u00fcblichen Jahresabonnements beitragen.\n\nDer Verein der Revue militaire suisse (ARMS) verfolgt das Ziel, die Mitgliederzahl dieser Gruppe bei 200 zu halten oder sogar zu \u00fcbertreffen, um j\u00e4hrlich 40\u2019000 Franken als feste Grundlage f\u00fcr das Budget der Zeitschrift sicherzustellen.<\/p>\n<p>Die Mitglieder dieser Gruppe erhalten \u2013 nach M\u00f6glichkeit jedes Jahr \u2013 die Gelegenheit, bevorzugt an Truppenvorf\u00fchrungen oder an einer Konferenz teilzunehmen.<\/p>\n<p class=\"translation-block\">Z\u00f6gern Sie nicht, der Gruppe der 200 beizutreten und uns auf diese Weise zu unterst\u00fctzen!<\/p>\n<p><strong>Division\u00e4r Mathias T\u00fcscher<\/strong><\/p>\n<p>Pr\u00e4sident der Association de la Revue Militaire Suisse<\/p>\n<\/div>\n\t\t\t<\/div>\n\n\t\t\t\t\t<\/div>\n\t<\/div>\n<\/section>","protected":false},"excerpt":{"rendered":"Le Groupe des 200 de la Revue militaire suisse est constitu\u00e9 de souscripteurs qui acceptent de soutenir notre magazine en versant 200 frs en lieu et place de l\u2019abonnement annuel usuel.\u00a0L\u2019Association de la Revue militaire suisse\u00a0ambitionne de maintenir l\u2019effectif de ce Groupe \u00e0 200, voire de le d\u00e9passer, afin de garantir annuellement 40\u2019000 frs servant","protected":false},"author":1,"featured_media":429,"parent":13,"menu_order":0,"comment_status":"closed","ping_status":"closed","template":"","meta":{"_acf_changed":false,"footnotes":""},"class_list":["post-428","page","type-page","status-publish","has-post-thumbnail","hentry"],"acf":[],"yoast_head":"<!-- This site is optimized with the Yoast SEO plugin v27.4 - https:\/\/yoast.com\/product\/yoast-seo-wordpress\/ -->\n<title>Groupe des 200 - Revue Militaire Suisse<\/title>\n<meta name=\"robots\" content=\"index, follow, max-snippet:-1, max-image-preview:large, max-video-preview:-1\" \/>\n<link rel=\"canonical\" href=\"https:\/\/revuemilitairesuisse.ch\/de\/la-rms\/groupe-des-200\/\" \/>\n<meta property=\"og:locale\" content=\"de_DE\" \/>\n<meta property=\"og:type\" content=\"article\" \/>\n<meta property=\"og:title\" content=\"Groupe des 200 - Revue Militaire Suisse\" \/>\n<meta property=\"og:description\" content=\"Le Groupe des 200 de la Revue militaire suisse est constitu\u00e9 de souscripteurs qui acceptent de soutenir notre magazine en versant 200 frs en lieu et place de l\u2019abonnement annuel usuel.\u00a0L\u2019Association de la Revue militaire suisse\u00a0ambitionne de maintenir l\u2019effectif de ce Groupe \u00e0 200, voire de le d\u00e9passer, afin de garantir annuellement 40\u2019000 frs servant [&hellip;]\" \/>\n<meta property=\"og:url\" content=\"https:\/\/revuemilitairesuisse.ch\/de\/la-rms\/groupe-des-200\/\" \/>\n<meta property=\"og:site_name\" content=\"Revue Militaire Suisse\" \/>\n<meta property=\"article:publisher\" content=\"https:\/\/www.facebook.com\/revuemilitairesuisse\/\" \/>\n<meta property=\"article:modified_time\" content=\"2025-02-10T16:43:31+00:00\" \/>\n<meta property=\"og:image\" content=\"https:\/\/revuemilitairesuisse.ch\/app\/uploads\/2025\/02\/revue-militaire-suisse-bureau.jpg\" \/>\n\t<meta property=\"og:image:width\" content=\"2200\" \/>\n\t<meta property=\"og:image:height\" content=\"660\" \/>\n\t<meta property=\"og:image:type\" content=\"image\/jpeg\" \/>\n<meta name=\"twitter:card\" content=\"summary_large_image\" \/>\n<meta name=\"twitter:label1\" content=\"Gesch\u00e4tzte Lesezeit\" \/>\n\t<meta name=\"twitter:data1\" content=\"1\u00a0Minute\" \/>\n<script type=\"application\/ld+json\" class=\"yoast-schema-graph\">{\"@context\":\"https:\\\/\\\/schema.org\",\"@graph\":[{\"@type\":\"WebPage\",\"@id\":\"https:\\\/\\\/revuemilitairesuisse.ch\\\/la-rms\\\/groupe-des-200\\\/\",\"url\":\"https:\\\/\\\/revuemilitairesuisse.ch\\\/la-rms\\\/groupe-des-200\\\/\",\"name\":\"Groupe des 200 - Revue Militaire Suisse\",\"isPartOf\":{\"@id\":\"https:\\\/\\\/revuemilitairesuisse.ch\\\/#website\"},\"primaryImageOfPage\":{\"@id\":\"https:\\\/\\\/revuemilitairesuisse.ch\\\/la-rms\\\/groupe-des-200\\\/#primaryimage\"},\"image\":{\"@id\":\"https:\\\/\\\/revuemilitairesuisse.ch\\\/la-rms\\\/groupe-des-200\\\/#primaryimage\"},\"thumbnailUrl\":\"https:\\\/\\\/revuemilitairesuisse.ch\\\/app\\\/uploads\\\/2025\\\/02\\\/revue-militaire-suisse-bureau.jpg\",\"datePublished\":\"2025-02-10T16:43:22+00:00\",\"dateModified\":\"2025-02-10T16:43:31+00:00\",\"breadcrumb\":{\"@id\":\"https:\\\/\\\/revuemilitairesuisse.ch\\\/la-rms\\\/groupe-des-200\\\/#breadcrumb\"},\"inLanguage\":\"de\",\"potentialAction\":[{\"@type\":\"ReadAction\",\"target\":[\"https:\\\/\\\/revuemilitairesuisse.ch\\\/la-rms\\\/groupe-des-200\\\/\"]}]},{\"@type\":\"ImageObject\",\"inLanguage\":\"de\",\"@id\":\"https:\\\/\\\/revuemilitairesuisse.ch\\\/la-rms\\\/groupe-des-200\\\/#primaryimage\",\"url\":\"https:\\\/\\\/revuemilitairesuisse.ch\\\/app\\\/uploads\\\/2025\\\/02\\\/revue-militaire-suisse-bureau.jpg\",\"contentUrl\":\"https:\\\/\\\/revuemilitairesuisse.ch\\\/app\\\/uploads\\\/2025\\\/02\\\/revue-militaire-suisse-bureau.jpg\",\"width\":2200,\"height\":660},{\"@type\":\"BreadcrumbList\",\"@id\":\"https:\\\/\\\/revuemilitairesuisse.ch\\\/la-rms\\\/groupe-des-200\\\/#breadcrumb\",\"itemListElement\":[{\"@type\":\"ListItem\",\"position\":1,\"name\":\"Accueil\",\"item\":\"https:\\\/\\\/revuemilitairesuisse.ch\\\/\"},{\"@type\":\"ListItem\",\"position\":2,\"name\":\"La RMS\",\"item\":\"https:\\\/\\\/revuemilitairesuisse.ch\\\/la-rms\\\/\"},{\"@type\":\"ListItem\",\"position\":3,\"name\":\"Groupe des 200\"}]},{\"@type\":\"WebSite\",\"@id\":\"https:\\\/\\\/revuemilitairesuisse.ch\\\/#website\",\"url\":\"https:\\\/\\\/revuemilitairesuisse.ch\\\/\",\"name\":\"Revue Militaire Suisse\",\"description\":\"\",\"publisher\":{\"@id\":\"https:\\\/\\\/revuemilitairesuisse.ch\\\/#organization\"},\"potentialAction\":[{\"@type\":\"SearchAction\",\"target\":{\"@type\":\"EntryPoint\",\"urlTemplate\":\"https:\\\/\\\/revuemilitairesuisse.ch\\\/?s={search_term_string}\"},\"query-input\":{\"@type\":\"PropertyValueSpecification\",\"valueRequired\":true,\"valueName\":\"search_term_string\"}}],\"inLanguage\":\"de\"},{\"@type\":\"Organization\",\"@id\":\"https:\\\/\\\/revuemilitairesuisse.ch\\\/#organization\",\"name\":\"Revue Militaire Suisse\",\"url\":\"https:\\\/\\\/revuemilitairesuisse.ch\\\/\",\"logo\":{\"@type\":\"ImageObject\",\"inLanguage\":\"de\",\"@id\":\"https:\\\/\\\/revuemilitairesuisse.ch\\\/#\\\/schema\\\/logo\\\/image\\\/\",\"url\":\"https:\\\/\\\/revuemilitairesuisse.ch\\\/app\\\/uploads\\\/2025\\\/07\\\/logoRMS-trans.svg\",\"contentUrl\":\"https:\\\/\\\/revuemilitairesuisse.ch\\\/app\\\/uploads\\\/2025\\\/07\\\/logoRMS-trans.svg\",\"caption\":\"Revue Militaire Suisse\"},\"image\":{\"@id\":\"https:\\\/\\\/revuemilitairesuisse.ch\\\/#\\\/schema\\\/logo\\\/image\\\/\"},\"sameAs\":[\"https:\\\/\\\/www.facebook.com\\\/revuemilitairesuisse\\\/\"]}]}<\/script>\n<!-- \/ Yoast SEO plugin. -->","yoast_head_json":{"title":"Groupe des 200 - Revue Militaire Suisse","robots":{"index":"index","follow":"follow","max-snippet":"max-snippet:-1","max-image-preview":"max-image-preview:large","max-video-preview":"max-video-preview:-1"},"canonical":"https:\/\/revuemilitairesuisse.ch\/de\/la-rms\/groupe-des-200\/","og_locale":"de_DE","og_type":"article","og_title":"Groupe des 200 - Revue Militaire Suisse","og_description":"Le Groupe des 200 de la Revue militaire suisse est constitu\u00e9 de souscripteurs qui acceptent de soutenir notre magazine en versant 200 frs en lieu et place de l\u2019abonnement annuel usuel.\u00a0L\u2019Association de la Revue militaire suisse\u00a0ambitionne de maintenir l\u2019effectif de ce Groupe \u00e0 200, voire de le d\u00e9passer, afin de garantir annuellement 40\u2019000 frs servant [&hellip;]","og_url":"https:\/\/revuemilitairesuisse.ch\/de\/la-rms\/groupe-des-200\/","og_site_name":"Revue Militaire Suisse","article_publisher":"https:\/\/www.facebook.com\/revuemilitairesuisse\/","article_modified_time":"2025-02-10T16:43:31+00:00","og_image":[{"width":2200,"height":660,"url":"https:\/\/revuemilitairesuisse.ch\/app\/uploads\/2025\/02\/revue-militaire-suisse-bureau.jpg","type":"image\/jpeg"}],"twitter_card":"summary_large_image","twitter_misc":{"Gesch\u00e4tzte Lesezeit":"1\u00a0Minute"},"schema":{"@context":"https:\/\/schema.org","@graph":[{"@type":"WebPage","@id":"https:\/\/revuemilitairesuisse.ch\/la-rms\/groupe-des-200\/","url":"https:\/\/revuemilitairesuisse.ch\/la-rms\/groupe-des-200\/","name":"Groupe des 200 - Revue Militaire Suisse","isPartOf":{"@id":"https:\/\/revuemilitairesuisse.ch\/#website"},"primaryImageOfPage":{"@id":"https:\/\/revuemilitairesuisse.ch\/la-rms\/groupe-des-200\/#primaryimage"},"image":{"@id":"https:\/\/revuemilitairesuisse.ch\/la-rms\/groupe-des-200\/#primaryimage"},"thumbnailUrl":"https:\/\/revuemilitairesuisse.ch\/app\/uploads\/2025\/02\/revue-militaire-suisse-bureau.jpg","datePublished":"2025-02-10T16:43:22+00:00","dateModified":"2025-02-10T16:43:31+00:00","breadcrumb":{"@id":"https:\/\/revuemilitairesuisse.ch\/la-rms\/groupe-des-200\/#breadcrumb"},"inLanguage":"de","potentialAction":[{"@type":"ReadAction","target":["https:\/\/revuemilitairesuisse.ch\/la-rms\/groupe-des-200\/"]}]},{"@type":"ImageObject","inLanguage":"de","@id":"https:\/\/revuemilitairesuisse.ch\/la-rms\/groupe-des-200\/#primaryimage","url":"https:\/\/revuemilitairesuisse.ch\/app\/uploads\/2025\/02\/revue-militaire-suisse-bureau.jpg","contentUrl":"https:\/\/revuemilitairesuisse.ch\/app\/uploads\/2025\/02\/revue-militaire-suisse-bureau.jpg","width":2200,"height":660},{"@type":"BreadcrumbList","@id":"https:\/\/revuemilitairesuisse.ch\/la-rms\/groupe-des-200\/#breadcrumb","itemListElement":[{"@type":"ListItem","position":1,"name":"Accueil","item":"https:\/\/revuemilitairesuisse.ch\/"},{"@type":"ListItem","position":2,"name":"La RMS","item":"https:\/\/revuemilitairesuisse.ch\/la-rms\/"},{"@type":"ListItem","position":3,"name":"Groupe des 200"}]},{"@type":"WebSite","@id":"https:\/\/revuemilitairesuisse.ch\/#website","url":"https:\/\/revuemilitairesuisse.ch\/","name":"Revue Militaire Suisse","description":"","publisher":{"@id":"https:\/\/revuemilitairesuisse.ch\/#organization"},"potentialAction":[{"@type":"SearchAction","target":{"@type":"EntryPoint","urlTemplate":"https:\/\/revuemilitairesuisse.ch\/?s={search_term_string}"},"query-input":{"@type":"PropertyValueSpecification","valueRequired":true,"valueName":"search_term_string"}}],"inLanguage":"de"},{"@type":"Organization","@id":"https:\/\/revuemilitairesuisse.ch\/#organization","name":"Revue Militaire Suisse","url":"https:\/\/revuemilitairesuisse.ch\/","logo":{"@type":"ImageObject","inLanguage":"de","@id":"https:\/\/revuemilitairesuisse.ch\/#\/schema\/logo\/image\/","url":"https:\/\/revuemilitairesuisse.ch\/app\/uploads\/2025\/07\/logoRMS-trans.svg","contentUrl":"https:\/\/revuemilitairesuisse.ch\/app\/uploads\/2025\/07\/logoRMS-trans.svg","caption":"Revue Militaire Suisse"},"image":{"@id":"https:\/\/revuemilitairesuisse.ch\/#\/schema\/logo\/image\/"},"sameAs":["https:\/\/www.facebook.com\/revuemilitairesuisse\/"]}]}},"_links":{"self":[{"href":"https:\/\/revuemilitairesuisse.ch\/de\/wp-json\/wp\/v2\/pages\/428","targetHints":{"allow":["GET"]}}],"collection":[{"href":"https:\/\/revuemilitairesuisse.ch\/de\/wp-json\/wp\/v2\/pages"}],"about":[{"href":"https:\/\/revuemilitairesuisse.ch\/de\/wp-json\/wp\/v2\/types\/page"}],"author":[{"embeddable":true,"href":"https:\/\/revuemilitairesuisse.ch\/de\/wp-json\/wp\/v2\/users\/1"}],"replies":[{"embeddable":true,"href":"https:\/\/revuemilitairesuisse.ch\/de\/wp-json\/wp\/v2\/comments?post=428"}],"version-history":[{"count":2,"href":"https:\/\/revuemilitairesuisse.ch\/de\/wp-json\/wp\/v2\/pages\/428\/revisions"}],"predecessor-version":[{"id":431,"href":"https:\/\/revuemilitairesuisse.ch\/de\/wp-json\/wp\/v2\/pages\/428\/revisions\/431"}],"up":[{"embeddable":true,"href":"https:\/\/revuemilitairesuisse.ch\/de\/wp-json\/wp\/v2\/pages\/13"}],"wp:featuredmedia":[{"embeddable":true,"href":"https:\/\/revuemilitairesuisse.ch\/de\/wp-json\/wp\/v2\/media\/429"}],"wp:attachment":[{"href":"https:\/\/revuemilitairesuisse.ch\/de\/wp-json\/wp\/v2\/media?parent=428"}],"curies":[{"name":"wp","href":"https:\/\/api.w.org\/{rel}","templated":true}]}}