{"id":420,"date":"2025-02-10T16:03:36","date_gmt":"2025-02-10T15:03:36","guid":{"rendered":"https:\/\/revuemilitairesuisse.ch\/?page_id=420"},"modified":"2026-03-27T10:39:53","modified_gmt":"2026-03-27T09:39:53","slug":"comite-de-larms","status":"publish","type":"page","link":"https:\/\/revuemilitairesuisse.ch\/de\/la-rms\/comite-de-larms\/","title":{"rendered":"Vorstand der ARMS"},"content":{"rendered":"<section\n\tclass=\"block\tblock-text\tbackground-grey\tno-background\t\tone-column\">\n\t<div class=\"block-inner block-text-inner\">\n\t\t<div class=\"columns\">\n\t\t\t\n\t\t\t<div class=\"column\">\n\t\t\t\t<div class=\"block-content block-content-body\"><p class=\"translation-block\">Die Revue militaire suisse (RMS) ist Eigentum der Westschweizer Offiziere.\nDer Verein der Revue militaire suisse (ARMS), gegr\u00fcndet am 14. Dezember 1968 in Lausanne, ist f\u00fcr die Verwaltung der Zeitschrift verantwortlich.\n\nDer Vorstand des Vereins setzt sich derzeit wie folgt zusammen:<\/p>\n<ul>\n<li>Pr\u00e4sident: Division\u00e4r\u00a0<a href=\"mailto:ma&#116;hi&#97;s&#46;t&#117;&#101;&#115;ch&#101;&#114;&#64;r&#101;&#118;&#117;e&#109;il&#105;&#116;ai&#114;&#101;&#115;uisse.ch\">Mathias T\u00fcscher<\/a><\/li>\n<li>Vizepr\u00e4sident: Oberst\u00a0<a href=\"mailto:&#105;nfo&#64;re&#121;&#103;&#114;&#111;u&#112;&#46;c&#104;\">Christian Rey<\/a><\/li>\n<li>Verwalter: Herr\u00a0<a href=\"mailto:ad&#109;&#105;n&#105;&#115;&#116;r&#97;&#116;i&#111;&#110;&#64;&#114;evu&#101;militai&#114;&#101;&#115;&#117;&#105;&#115;&#115;&#101;.&#99;h\">Hubert Varrin<\/a><\/li>\n<li>Chefredaktor: Oberst EMG\u00a0<a href=\"mailto:&#97;&#108;&#101;xand&#114;e.v&#97;&#117;&#116;&#114;av&#101;rs&#64;r&#101;v&#117;emi&#108;it&#97;&#105;&#114;&#101;suis&#115;e&#46;ch\">Alexandre Vautravers<\/a><\/li>\n<li>Schweizerische Offiziersgesellschaft :\u00a0<a href=\"mailto:o&#102;&#102;i&#99;e&#64;so&#103;.c&#104;\">Pr\u00e9sidence de la SSO<\/a><\/li>\n<li>Soci\u00e9t\u00e9 militaire de Gen\u00e8ve : Lt col EMG <a href=\"mailto:m.&#97;l&#100;e&#114;&#64;&#115;m&#103;&#45;ge.&#99;h\">Murat Alder <\/a><\/li>\n<li>Waadtl\u00e4nder Offiziersgesellschaft: Oberst EMG\u00a0<a href=\"mailto:&#99;&#104;&#114;&#105;&#115;toph&#101;&#46;&#103;e&#114;ber&#64;ofv&#100;.c&#104;\">Christophe Gerber<\/a>\u00a0vertreten durch Lt\u00a0<a href=\"mailto:&#112;hi&#108;ipp&#101;.&#108;&#111;er&#116;&#115;che&#114;&#64;of&#118;&#100;.ch\">Philippe Loertscher<\/a><\/li>\n<li>Neuenburger Offiziersgesellschaft: Oberstlt\u00a0<a href=\"mailto:f&#112;&#97;c&#99;&#111;&#108;&#97;&#116;&#64;&#98;&#108;uew&#105;n.&#99;h\">Fran\u00e7ois Paccolat<\/a><\/li>\n<li>Offiziersgesellschaft Unterwallis: Hauptmann\u00a0<a href=\"mailto:&#114;&#111;ger&#46;&#104;&#97;u&#112;t7&#54;&#64;&#98;lue&#119;&#105;&#110;.c&#104;\">Tobias Meyer<\/a><\/li>\n<li>Bernische Offiziersgesellschaft: Major<a href=\"mailto:p&#97;t&#114;ic&#107;.dem&#105;&#101;r&#114;e&#64;&#104;o&#116;&#109;a&#105;&#108;.&#99;o&#109;\"> Patrick Demierre<\/a>\u00a0vertreten durch Plt\u00a0<a href=\"mailto:&#114;o&#109;&#97;&#105;n&#46;&#115;u&#110;&#105;&#101;&#114;&#64;&#98;&#101;.&#99;&#104;\">Romain Sunier<\/a><\/li>\n<li>Freiburger Offiziersgesellschaft: Oberstlt<a href=\"mailto:h&#101;nr&#105;&#46;&#108;anth&#101;m&#97;n&#110;&#64;s&#102;&#111;-&#102;&#111;&#103;&#46;ch\">\u00a0Henri Lanthemann<\/a><\/li>\n<li><u><\/u>Jurassische Offiziersgesellschaft: Oberstlt i Gst\u00a0<a href=\"mailto:&#101;&#100;&#111;&#117;&#97;rd.v&#105;&#102;i&#97;n&#64;&#118;&#116;g&#46;&#97;d&#109;&#105;&#110;.ch\">Edouard Vifian<\/a><\/li>\n<\/ul>\n<\/div>\n\t\t\t<\/div>\n\n\t\t\t\t\t<\/div>\n\t<\/div>\n<\/section>","protected":false},"excerpt":{"rendered":"La\u00a0Revue militaire suisse\u00a0est la propri\u00e9t\u00e9 des officiers de Suisse romande. Fond\u00e9e \u00e0 Lausanne le 14 d\u00e9cembre 1968,\u00a0l\u2019Association de la Revue militaire suisse (ARMS)\u00a0assure la gestion de la revue.\u00a0Son comit\u00e9\u00a0comprend actuellement : Pr\u00e9sident : Divisionnaire\u00a0Mathias T\u00fcscher Vice-pr\u00e9sident : Colonel\u00a0Christian Rey Administrateur : M.\u00a0Hubert Varrin R\u00e9dacteur en chef : Colonel EMG\u00a0Alexandre Vautravers Soci\u00e9t\u00e9 suisse des officiers :\u00a0Pr\u00e9sidence","protected":false},"author":1,"featured_media":426,"parent":13,"menu_order":0,"comment_status":"closed","ping_status":"closed","template":"","meta":{"_acf_changed":false,"footnotes":""},"class_list":["post-420","page","type-page","status-publish","has-post-thumbnail","hentry"],"acf":[],"yoast_head":"<!-- This site is optimized with the Yoast SEO plugin v27.5 - https:\/\/yoast.com\/product\/yoast-seo-wordpress\/ -->\n<title>Comit\u00e9 de l\u2019ARMS - Revue Militaire Suisse<\/title>\n<meta name=\"robots\" content=\"index, follow, max-snippet:-1, max-image-preview:large, max-video-preview:-1\" \/>\n<link rel=\"canonical\" href=\"https:\/\/revuemilitairesuisse.ch\/de\/la-rms\/comite-de-larms\/\" \/>\n<meta property=\"og:locale\" content=\"de_DE\" \/>\n<meta property=\"og:type\" content=\"article\" \/>\n<meta property=\"og:title\" content=\"Comit\u00e9 de l\u2019ARMS - Revue Militaire Suisse\" \/>\n<meta property=\"og:description\" content=\"La\u00a0Revue militaire suisse\u00a0est la propri\u00e9t\u00e9 des officiers de Suisse romande. Fond\u00e9e \u00e0 Lausanne le 14 d\u00e9cembre 1968,\u00a0l\u2019Association de la Revue militaire suisse (ARMS)\u00a0assure la gestion de la revue.\u00a0Son comit\u00e9\u00a0comprend actuellement : Pr\u00e9sident : Divisionnaire\u00a0Mathias T\u00fcscher Vice-pr\u00e9sident : Colonel\u00a0Christian Rey Administrateur : M.\u00a0Hubert Varrin R\u00e9dacteur en chef : Colonel EMG\u00a0Alexandre Vautravers Soci\u00e9t\u00e9 suisse des officiers :\u00a0Pr\u00e9sidence [&hellip;]\" \/>\n<meta property=\"og:url\" content=\"https:\/\/revuemilitairesuisse.ch\/de\/la-rms\/comite-de-larms\/\" \/>\n<meta property=\"og:site_name\" content=\"Revue Militaire Suisse\" \/>\n<meta property=\"article:publisher\" content=\"https:\/\/www.facebook.com\/revuemilitairesuisse\/\" \/>\n<meta property=\"article:modified_time\" content=\"2026-03-27T09:39:53+00:00\" \/>\n<meta property=\"og:image\" content=\"https:\/\/revuemilitairesuisse.ch\/app\/uploads\/2025\/02\/revue-militarire-suisse-drapeax.jpg\" \/>\n\t<meta property=\"og:image:width\" content=\"2200\" \/>\n\t<meta property=\"og:image:height\" content=\"660\" \/>\n\t<meta property=\"og:image:type\" content=\"image\/jpeg\" \/>\n<meta name=\"twitter:card\" content=\"summary_large_image\" \/>\n<meta name=\"twitter:label1\" content=\"Gesch\u00e4tzte Lesezeit\" \/>\n\t<meta name=\"twitter:data1\" content=\"1\u00a0Minute\" \/>\n<script type=\"application\/ld+json\" class=\"yoast-schema-graph\">{\"@context\":\"https:\\\/\\\/schema.org\",\"@graph\":[{\"@type\":\"WebPage\",\"@id\":\"https:\\\/\\\/revuemilitairesuisse.ch\\\/la-rms\\\/comite-de-larms\\\/\",\"url\":\"https:\\\/\\\/revuemilitairesuisse.ch\\\/la-rms\\\/comite-de-larms\\\/\",\"name\":\"Comit\u00e9 de l\u2019ARMS - Revue Militaire Suisse\",\"isPartOf\":{\"@id\":\"https:\\\/\\\/revuemilitairesuisse.ch\\\/#website\"},\"primaryImageOfPage\":{\"@id\":\"https:\\\/\\\/revuemilitairesuisse.ch\\\/la-rms\\\/comite-de-larms\\\/#primaryimage\"},\"image\":{\"@id\":\"https:\\\/\\\/revuemilitairesuisse.ch\\\/la-rms\\\/comite-de-larms\\\/#primaryimage\"},\"thumbnailUrl\":\"https:\\\/\\\/revuemilitairesuisse.ch\\\/app\\\/uploads\\\/2025\\\/02\\\/revue-militarire-suisse-drapeax.jpg\",\"datePublished\":\"2025-02-10T15:03:36+00:00\",\"dateModified\":\"2026-03-27T09:39:53+00:00\",\"breadcrumb\":{\"@id\":\"https:\\\/\\\/revuemilitairesuisse.ch\\\/la-rms\\\/comite-de-larms\\\/#breadcrumb\"},\"inLanguage\":\"de\",\"potentialAction\":[{\"@type\":\"ReadAction\",\"target\":[\"https:\\\/\\\/revuemilitairesuisse.ch\\\/la-rms\\\/comite-de-larms\\\/\"]}]},{\"@type\":\"ImageObject\",\"inLanguage\":\"de\",\"@id\":\"https:\\\/\\\/revuemilitairesuisse.ch\\\/la-rms\\\/comite-de-larms\\\/#primaryimage\",\"url\":\"https:\\\/\\\/revuemilitairesuisse.ch\\\/app\\\/uploads\\\/2025\\\/02\\\/revue-militarire-suisse-drapeax.jpg\",\"contentUrl\":\"https:\\\/\\\/revuemilitairesuisse.ch\\\/app\\\/uploads\\\/2025\\\/02\\\/revue-militarire-suisse-drapeax.jpg\",\"width\":2200,\"height\":660},{\"@type\":\"BreadcrumbList\",\"@id\":\"https:\\\/\\\/revuemilitairesuisse.ch\\\/la-rms\\\/comite-de-larms\\\/#breadcrumb\",\"itemListElement\":[{\"@type\":\"ListItem\",\"position\":1,\"name\":\"Accueil\",\"item\":\"https:\\\/\\\/revuemilitairesuisse.ch\\\/\"},{\"@type\":\"ListItem\",\"position\":2,\"name\":\"La RMS\",\"item\":\"https:\\\/\\\/revuemilitairesuisse.ch\\\/la-rms\\\/\"},{\"@type\":\"ListItem\",\"position\":3,\"name\":\"Comit\u00e9 de l\u2019ARMS\"}]},{\"@type\":\"WebSite\",\"@id\":\"https:\\\/\\\/revuemilitairesuisse.ch\\\/#website\",\"url\":\"https:\\\/\\\/revuemilitairesuisse.ch\\\/\",\"name\":\"Revue Militaire Suisse\",\"description\":\"\",\"publisher\":{\"@id\":\"https:\\\/\\\/revuemilitairesuisse.ch\\\/#organization\"},\"potentialAction\":[{\"@type\":\"SearchAction\",\"target\":{\"@type\":\"EntryPoint\",\"urlTemplate\":\"https:\\\/\\\/revuemilitairesuisse.ch\\\/?s={search_term_string}\"},\"query-input\":{\"@type\":\"PropertyValueSpecification\",\"valueRequired\":true,\"valueName\":\"search_term_string\"}}],\"inLanguage\":\"de\"},{\"@type\":\"Organization\",\"@id\":\"https:\\\/\\\/revuemilitairesuisse.ch\\\/#organization\",\"name\":\"Revue Militaire Suisse\",\"url\":\"https:\\\/\\\/revuemilitairesuisse.ch\\\/\",\"logo\":{\"@type\":\"ImageObject\",\"inLanguage\":\"de\",\"@id\":\"https:\\\/\\\/revuemilitairesuisse.ch\\\/#\\\/schema\\\/logo\\\/image\\\/\",\"url\":\"https:\\\/\\\/revuemilitairesuisse.ch\\\/app\\\/uploads\\\/2025\\\/07\\\/logoRMS-trans.svg\",\"contentUrl\":\"https:\\\/\\\/revuemilitairesuisse.ch\\\/app\\\/uploads\\\/2025\\\/07\\\/logoRMS-trans.svg\",\"caption\":\"Revue Militaire Suisse\"},\"image\":{\"@id\":\"https:\\\/\\\/revuemilitairesuisse.ch\\\/#\\\/schema\\\/logo\\\/image\\\/\"},\"sameAs\":[\"https:\\\/\\\/www.facebook.com\\\/revuemilitairesuisse\\\/\"]}]}<\/script>\n<!-- \/ Yoast SEO plugin. -->","yoast_head_json":{"title":"Comit\u00e9 de l\u2019ARMS - Revue Militaire Suisse","robots":{"index":"index","follow":"follow","max-snippet":"max-snippet:-1","max-image-preview":"max-image-preview:large","max-video-preview":"max-video-preview:-1"},"canonical":"https:\/\/revuemilitairesuisse.ch\/de\/la-rms\/comite-de-larms\/","og_locale":"de_DE","og_type":"article","og_title":"Comit\u00e9 de l\u2019ARMS - Revue Militaire Suisse","og_description":"La\u00a0Revue militaire suisse\u00a0est la propri\u00e9t\u00e9 des officiers de Suisse romande. Fond\u00e9e \u00e0 Lausanne le 14 d\u00e9cembre 1968,\u00a0l\u2019Association de la Revue militaire suisse (ARMS)\u00a0assure la gestion de la revue.\u00a0Son comit\u00e9\u00a0comprend actuellement : Pr\u00e9sident : Divisionnaire\u00a0Mathias T\u00fcscher Vice-pr\u00e9sident : Colonel\u00a0Christian Rey Administrateur : M.\u00a0Hubert Varrin R\u00e9dacteur en chef : Colonel EMG\u00a0Alexandre Vautravers Soci\u00e9t\u00e9 suisse des officiers :\u00a0Pr\u00e9sidence [&hellip;]","og_url":"https:\/\/revuemilitairesuisse.ch\/de\/la-rms\/comite-de-larms\/","og_site_name":"Revue Militaire Suisse","article_publisher":"https:\/\/www.facebook.com\/revuemilitairesuisse\/","article_modified_time":"2026-03-27T09:39:53+00:00","og_image":[{"width":2200,"height":660,"url":"https:\/\/revuemilitairesuisse.ch\/app\/uploads\/2025\/02\/revue-militarire-suisse-drapeax.jpg","type":"image\/jpeg"}],"twitter_card":"summary_large_image","twitter_misc":{"Gesch\u00e4tzte Lesezeit":"1\u00a0Minute"},"schema":{"@context":"https:\/\/schema.org","@graph":[{"@type":"WebPage","@id":"https:\/\/revuemilitairesuisse.ch\/la-rms\/comite-de-larms\/","url":"https:\/\/revuemilitairesuisse.ch\/la-rms\/comite-de-larms\/","name":"Comit\u00e9 de l\u2019ARMS - Revue Militaire Suisse","isPartOf":{"@id":"https:\/\/revuemilitairesuisse.ch\/#website"},"primaryImageOfPage":{"@id":"https:\/\/revuemilitairesuisse.ch\/la-rms\/comite-de-larms\/#primaryimage"},"image":{"@id":"https:\/\/revuemilitairesuisse.ch\/la-rms\/comite-de-larms\/#primaryimage"},"thumbnailUrl":"https:\/\/revuemilitairesuisse.ch\/app\/uploads\/2025\/02\/revue-militarire-suisse-drapeax.jpg","datePublished":"2025-02-10T15:03:36+00:00","dateModified":"2026-03-27T09:39:53+00:00","breadcrumb":{"@id":"https:\/\/revuemilitairesuisse.ch\/la-rms\/comite-de-larms\/#breadcrumb"},"inLanguage":"de","potentialAction":[{"@type":"ReadAction","target":["https:\/\/revuemilitairesuisse.ch\/la-rms\/comite-de-larms\/"]}]},{"@type":"ImageObject","inLanguage":"de","@id":"https:\/\/revuemilitairesuisse.ch\/la-rms\/comite-de-larms\/#primaryimage","url":"https:\/\/revuemilitairesuisse.ch\/app\/uploads\/2025\/02\/revue-militarire-suisse-drapeax.jpg","contentUrl":"https:\/\/revuemilitairesuisse.ch\/app\/uploads\/2025\/02\/revue-militarire-suisse-drapeax.jpg","width":2200,"height":660},{"@type":"BreadcrumbList","@id":"https:\/\/revuemilitairesuisse.ch\/la-rms\/comite-de-larms\/#breadcrumb","itemListElement":[{"@type":"ListItem","position":1,"name":"Accueil","item":"https:\/\/revuemilitairesuisse.ch\/"},{"@type":"ListItem","position":2,"name":"La RMS","item":"https:\/\/revuemilitairesuisse.ch\/la-rms\/"},{"@type":"ListItem","position":3,"name":"Comit\u00e9 de l\u2019ARMS"}]},{"@type":"WebSite","@id":"https:\/\/revuemilitairesuisse.ch\/#website","url":"https:\/\/revuemilitairesuisse.ch\/","name":"Revue Militaire Suisse","description":"","publisher":{"@id":"https:\/\/revuemilitairesuisse.ch\/#organization"},"potentialAction":[{"@type":"SearchAction","target":{"@type":"EntryPoint","urlTemplate":"https:\/\/revuemilitairesuisse.ch\/?s={search_term_string}"},"query-input":{"@type":"PropertyValueSpecification","valueRequired":true,"valueName":"search_term_string"}}],"inLanguage":"de"},{"@type":"Organization","@id":"https:\/\/revuemilitairesuisse.ch\/#organization","name":"Revue Militaire Suisse","url":"https:\/\/revuemilitairesuisse.ch\/","logo":{"@type":"ImageObject","inLanguage":"de","@id":"https:\/\/revuemilitairesuisse.ch\/#\/schema\/logo\/image\/","url":"https:\/\/revuemilitairesuisse.ch\/app\/uploads\/2025\/07\/logoRMS-trans.svg","contentUrl":"https:\/\/revuemilitairesuisse.ch\/app\/uploads\/2025\/07\/logoRMS-trans.svg","caption":"Revue Militaire Suisse"},"image":{"@id":"https:\/\/revuemilitairesuisse.ch\/#\/schema\/logo\/image\/"},"sameAs":["https:\/\/www.facebook.com\/revuemilitairesuisse\/"]}]}},"_links":{"self":[{"href":"https:\/\/revuemilitairesuisse.ch\/de\/wp-json\/wp\/v2\/pages\/420","targetHints":{"allow":["GET"]}}],"collection":[{"href":"https:\/\/revuemilitairesuisse.ch\/de\/wp-json\/wp\/v2\/pages"}],"about":[{"href":"https:\/\/revuemilitairesuisse.ch\/de\/wp-json\/wp\/v2\/types\/page"}],"author":[{"embeddable":true,"href":"https:\/\/revuemilitairesuisse.ch\/de\/wp-json\/wp\/v2\/users\/1"}],"replies":[{"embeddable":true,"href":"https:\/\/revuemilitairesuisse.ch\/de\/wp-json\/wp\/v2\/comments?post=420"}],"version-history":[{"count":20,"href":"https:\/\/revuemilitairesuisse.ch\/de\/wp-json\/wp\/v2\/pages\/420\/revisions"}],"predecessor-version":[{"id":991,"href":"https:\/\/revuemilitairesuisse.ch\/de\/wp-json\/wp\/v2\/pages\/420\/revisions\/991"}],"up":[{"embeddable":true,"href":"https:\/\/revuemilitairesuisse.ch\/de\/wp-json\/wp\/v2\/pages\/13"}],"wp:featuredmedia":[{"embeddable":true,"href":"https:\/\/revuemilitairesuisse.ch\/de\/wp-json\/wp\/v2\/media\/426"}],"wp:attachment":[{"href":"https:\/\/revuemilitairesuisse.ch\/de\/wp-json\/wp\/v2\/media?parent=420"}],"curies":[{"name":"wp","href":"https:\/\/api.w.org\/{rel}","templated":true}]}}