{"id":414,"date":"2025-02-10T15:59:18","date_gmt":"2025-02-10T14:59:18","guid":{"rendered":"https:\/\/revuemilitairesuisse.ch\/?page_id=414"},"modified":"2025-02-10T17:44:18","modified_gmt":"2025-02-10T16:44:18","slug":"lassociation-de-la-revue-militaire-suisse","status":"publish","type":"page","link":"https:\/\/revuemilitairesuisse.ch\/de\/la-rms\/lassociation-de-la-revue-militaire-suisse\/","title":{"rendered":"Verein der Schweizerischen Milit\u00e4rzeitschrift"},"content":{"rendered":"<section\n\tclass=\"block\tblock-text\tbackground-grey\tno-background\t\tone-column\">\n\t<div class=\"block-inner block-text-inner\">\n\t\t<div class=\"columns\">\n\t\t\t\n\t\t\t<div class=\"column\">\n\t\t\t\t<div class=\"block-content block-content-body\"><p>Der Verein der Revue militaire suisse (ARMS) ist ein Verein im Sinne seiner Statuten und der Artikel 60 ff. des Schweizerischen Zivilgesetzbuches.\nSein Sitz befindet sich in Lausanne, und seine Dauer ist unbefristet (Art. 1).<\/p>\n<p>Der Verein hat zum Ziel, unter dem Namen\u00a0<a href=\"https:\/\/revuemilitairesuisse.ch\/de\/la-rms\/\">Revue militaire suisse (RMS)<\/a>eine milit\u00e4rische Fachzeitschrift herauszugeben und zu ver\u00f6ffentlichen, die insbesondere den Austausch von Ideen zu Fragen der Sicherheits- und Verteidigungspolitik f\u00f6rdert sowie das milit\u00e4rische Wissen der an diesen Themen interessierten Personen vertieft.\nDer Verein verfolgt keinerlei Erwerbszweck (Art. 2).<\/p>\n<p><a href=\"https:\/\/revuemilitairesuisse.ch\/de\/la-rms\/\">Die Revue militaire suisse<\/a>\u00a0ist ein Presseorgan der Schweizerischen Offiziersgesellschaft (SOG) sowie der kantonalen Offiziersgesellschaften der Westschweizer Kantone (Art. 3).<\/p>\n<p>Mitglieder des Vereins sind die Schweizerische Offiziersgesellschaft (SOG), soweit sie nicht die in der ARMS vertretenen Gesellschaften repr\u00e4sentiert, sowie die kantonalen Offiziersgesellschaften der Kantone Bern, Freiburg, Waadt, Unterwallis, Neuenburg, Genf und Jura.\n\nMitglied des Vereins k\u00f6nnen au\u00dferdem westschweizerische oder kantonale Offiziersgesellschaften werden, die eine oder mehrere Waffen oder Dienste, ein Amt des Eidgen\u00f6ssischen Departements f\u00fcr Verteidigung, Bev\u00f6lkerungsschutz und Sport (VBS) oder eine Gro\u00dfe Einheit vertreten (Art. 4).<\/p>\n<\/div>\n\t\t\t<\/div>\n\n\t\t\t\t\t<\/div>\n\t<\/div>\n<\/section>","protected":false},"excerpt":{"rendered":"L\u2019Association de la Revue militaire suisse (ARMS) est une association r\u00e9gie par ses statuts et les articles 60 et suivants du Code Civil Suisse. Son si\u00e8ge est \u00e0 Lausanne. Sa dur\u00e9e est illimit\u00e9e (art 1). L\u2019Association a pour but d\u2019\u00e9diter et de publier, sous le nom de\u00a0Revue militaire suisse, une revue d\u2019informations militaires destin\u00e9es notamment","protected":false},"author":1,"featured_media":419,"parent":13,"menu_order":0,"comment_status":"closed","ping_status":"closed","template":"","meta":{"_acf_changed":false,"footnotes":""},"class_list":["post-414","page","type-page","status-publish","has-post-thumbnail","hentry"],"acf":[],"yoast_head":"<!-- This site is optimized with the Yoast SEO plugin v27.4 - https:\/\/yoast.com\/product\/yoast-seo-wordpress\/ -->\n<title>L\u2019Association de la Revue militaire suisse - Revue Militaire Suisse<\/title>\n<meta name=\"robots\" content=\"index, follow, max-snippet:-1, max-image-preview:large, max-video-preview:-1\" \/>\n<link rel=\"canonical\" href=\"https:\/\/revuemilitairesuisse.ch\/de\/la-rms\/lassociation-de-la-revue-militaire-suisse\/\" \/>\n<meta property=\"og:locale\" content=\"de_DE\" \/>\n<meta property=\"og:type\" content=\"article\" \/>\n<meta property=\"og:title\" content=\"L\u2019Association de la Revue militaire suisse - Revue Militaire Suisse\" \/>\n<meta property=\"og:description\" content=\"L\u2019Association de la Revue militaire suisse (ARMS) est une association r\u00e9gie par ses statuts et les articles 60 et suivants du Code Civil Suisse. Son si\u00e8ge est \u00e0 Lausanne. Sa dur\u00e9e est illimit\u00e9e (art 1). L\u2019Association a pour but d\u2019\u00e9diter et de publier, sous le nom de\u00a0Revue militaire suisse, une revue d\u2019informations militaires destin\u00e9es notamment [&hellip;]\" \/>\n<meta property=\"og:url\" content=\"https:\/\/revuemilitairesuisse.ch\/de\/la-rms\/lassociation-de-la-revue-militaire-suisse\/\" \/>\n<meta property=\"og:site_name\" content=\"Revue Militaire Suisse\" \/>\n<meta property=\"article:publisher\" content=\"https:\/\/www.facebook.com\/revuemilitairesuisse\/\" \/>\n<meta property=\"article:modified_time\" content=\"2025-02-10T16:44:18+00:00\" \/>\n<meta property=\"og:image\" content=\"https:\/\/revuemilitairesuisse.ch\/app\/uploads\/2025\/02\/batiment-revue-militaire-suisse-quart.jpg\" \/>\n\t<meta property=\"og:image:width\" content=\"2200\" \/>\n\t<meta property=\"og:image:height\" content=\"660\" \/>\n\t<meta property=\"og:image:type\" content=\"image\/jpeg\" \/>\n<meta name=\"twitter:card\" content=\"summary_large_image\" \/>\n<meta name=\"twitter:label1\" content=\"Gesch\u00e4tzte Lesezeit\" \/>\n\t<meta name=\"twitter:data1\" content=\"2\u00a0Minuten\" \/>\n<script type=\"application\/ld+json\" class=\"yoast-schema-graph\">{\"@context\":\"https:\\\/\\\/schema.org\",\"@graph\":[{\"@type\":\"WebPage\",\"@id\":\"https:\\\/\\\/revuemilitairesuisse.ch\\\/la-rms\\\/lassociation-de-la-revue-militaire-suisse\\\/\",\"url\":\"https:\\\/\\\/revuemilitairesuisse.ch\\\/la-rms\\\/lassociation-de-la-revue-militaire-suisse\\\/\",\"name\":\"L\u2019Association de la Revue militaire suisse - Revue Militaire Suisse\",\"isPartOf\":{\"@id\":\"https:\\\/\\\/revuemilitairesuisse.ch\\\/#website\"},\"primaryImageOfPage\":{\"@id\":\"https:\\\/\\\/revuemilitairesuisse.ch\\\/la-rms\\\/lassociation-de-la-revue-militaire-suisse\\\/#primaryimage\"},\"image\":{\"@id\":\"https:\\\/\\\/revuemilitairesuisse.ch\\\/la-rms\\\/lassociation-de-la-revue-militaire-suisse\\\/#primaryimage\"},\"thumbnailUrl\":\"https:\\\/\\\/revuemilitairesuisse.ch\\\/app\\\/uploads\\\/2025\\\/02\\\/batiment-revue-militaire-suisse-quart.jpg\",\"datePublished\":\"2025-02-10T14:59:18+00:00\",\"dateModified\":\"2025-02-10T16:44:18+00:00\",\"breadcrumb\":{\"@id\":\"https:\\\/\\\/revuemilitairesuisse.ch\\\/la-rms\\\/lassociation-de-la-revue-militaire-suisse\\\/#breadcrumb\"},\"inLanguage\":\"de\",\"potentialAction\":[{\"@type\":\"ReadAction\",\"target\":[\"https:\\\/\\\/revuemilitairesuisse.ch\\\/la-rms\\\/lassociation-de-la-revue-militaire-suisse\\\/\"]}]},{\"@type\":\"ImageObject\",\"inLanguage\":\"de\",\"@id\":\"https:\\\/\\\/revuemilitairesuisse.ch\\\/la-rms\\\/lassociation-de-la-revue-militaire-suisse\\\/#primaryimage\",\"url\":\"https:\\\/\\\/revuemilitairesuisse.ch\\\/app\\\/uploads\\\/2025\\\/02\\\/batiment-revue-militaire-suisse-quart.jpg\",\"contentUrl\":\"https:\\\/\\\/revuemilitairesuisse.ch\\\/app\\\/uploads\\\/2025\\\/02\\\/batiment-revue-militaire-suisse-quart.jpg\",\"width\":2200,\"height\":660},{\"@type\":\"BreadcrumbList\",\"@id\":\"https:\\\/\\\/revuemilitairesuisse.ch\\\/la-rms\\\/lassociation-de-la-revue-militaire-suisse\\\/#breadcrumb\",\"itemListElement\":[{\"@type\":\"ListItem\",\"position\":1,\"name\":\"Accueil\",\"item\":\"https:\\\/\\\/revuemilitairesuisse.ch\\\/\"},{\"@type\":\"ListItem\",\"position\":2,\"name\":\"La RMS\",\"item\":\"https:\\\/\\\/revuemilitairesuisse.ch\\\/la-rms\\\/\"},{\"@type\":\"ListItem\",\"position\":3,\"name\":\"L\u2019Association de la Revue militaire suisse\"}]},{\"@type\":\"WebSite\",\"@id\":\"https:\\\/\\\/revuemilitairesuisse.ch\\\/#website\",\"url\":\"https:\\\/\\\/revuemilitairesuisse.ch\\\/\",\"name\":\"Revue Militaire Suisse\",\"description\":\"\",\"publisher\":{\"@id\":\"https:\\\/\\\/revuemilitairesuisse.ch\\\/#organization\"},\"potentialAction\":[{\"@type\":\"SearchAction\",\"target\":{\"@type\":\"EntryPoint\",\"urlTemplate\":\"https:\\\/\\\/revuemilitairesuisse.ch\\\/?s={search_term_string}\"},\"query-input\":{\"@type\":\"PropertyValueSpecification\",\"valueRequired\":true,\"valueName\":\"search_term_string\"}}],\"inLanguage\":\"de\"},{\"@type\":\"Organization\",\"@id\":\"https:\\\/\\\/revuemilitairesuisse.ch\\\/#organization\",\"name\":\"Revue Militaire Suisse\",\"url\":\"https:\\\/\\\/revuemilitairesuisse.ch\\\/\",\"logo\":{\"@type\":\"ImageObject\",\"inLanguage\":\"de\",\"@id\":\"https:\\\/\\\/revuemilitairesuisse.ch\\\/#\\\/schema\\\/logo\\\/image\\\/\",\"url\":\"https:\\\/\\\/revuemilitairesuisse.ch\\\/app\\\/uploads\\\/2025\\\/07\\\/logoRMS-trans.svg\",\"contentUrl\":\"https:\\\/\\\/revuemilitairesuisse.ch\\\/app\\\/uploads\\\/2025\\\/07\\\/logoRMS-trans.svg\",\"caption\":\"Revue Militaire Suisse\"},\"image\":{\"@id\":\"https:\\\/\\\/revuemilitairesuisse.ch\\\/#\\\/schema\\\/logo\\\/image\\\/\"},\"sameAs\":[\"https:\\\/\\\/www.facebook.com\\\/revuemilitairesuisse\\\/\"]}]}<\/script>\n<!-- \/ Yoast SEO plugin. -->","yoast_head_json":{"title":"L\u2019Association de la Revue militaire suisse - Revue Militaire Suisse","robots":{"index":"index","follow":"follow","max-snippet":"max-snippet:-1","max-image-preview":"max-image-preview:large","max-video-preview":"max-video-preview:-1"},"canonical":"https:\/\/revuemilitairesuisse.ch\/de\/la-rms\/lassociation-de-la-revue-militaire-suisse\/","og_locale":"de_DE","og_type":"article","og_title":"L\u2019Association de la Revue militaire suisse - Revue Militaire Suisse","og_description":"L\u2019Association de la Revue militaire suisse (ARMS) est une association r\u00e9gie par ses statuts et les articles 60 et suivants du Code Civil Suisse. Son si\u00e8ge est \u00e0 Lausanne. Sa dur\u00e9e est illimit\u00e9e (art 1). L\u2019Association a pour but d\u2019\u00e9diter et de publier, sous le nom de\u00a0Revue militaire suisse, une revue d\u2019informations militaires destin\u00e9es notamment [&hellip;]","og_url":"https:\/\/revuemilitairesuisse.ch\/de\/la-rms\/lassociation-de-la-revue-militaire-suisse\/","og_site_name":"Revue Militaire Suisse","article_publisher":"https:\/\/www.facebook.com\/revuemilitairesuisse\/","article_modified_time":"2025-02-10T16:44:18+00:00","og_image":[{"width":2200,"height":660,"url":"https:\/\/revuemilitairesuisse.ch\/app\/uploads\/2025\/02\/batiment-revue-militaire-suisse-quart.jpg","type":"image\/jpeg"}],"twitter_card":"summary_large_image","twitter_misc":{"Gesch\u00e4tzte Lesezeit":"2\u00a0Minuten"},"schema":{"@context":"https:\/\/schema.org","@graph":[{"@type":"WebPage","@id":"https:\/\/revuemilitairesuisse.ch\/la-rms\/lassociation-de-la-revue-militaire-suisse\/","url":"https:\/\/revuemilitairesuisse.ch\/la-rms\/lassociation-de-la-revue-militaire-suisse\/","name":"L\u2019Association de la Revue militaire suisse - Revue Militaire Suisse","isPartOf":{"@id":"https:\/\/revuemilitairesuisse.ch\/#website"},"primaryImageOfPage":{"@id":"https:\/\/revuemilitairesuisse.ch\/la-rms\/lassociation-de-la-revue-militaire-suisse\/#primaryimage"},"image":{"@id":"https:\/\/revuemilitairesuisse.ch\/la-rms\/lassociation-de-la-revue-militaire-suisse\/#primaryimage"},"thumbnailUrl":"https:\/\/revuemilitairesuisse.ch\/app\/uploads\/2025\/02\/batiment-revue-militaire-suisse-quart.jpg","datePublished":"2025-02-10T14:59:18+00:00","dateModified":"2025-02-10T16:44:18+00:00","breadcrumb":{"@id":"https:\/\/revuemilitairesuisse.ch\/la-rms\/lassociation-de-la-revue-militaire-suisse\/#breadcrumb"},"inLanguage":"de","potentialAction":[{"@type":"ReadAction","target":["https:\/\/revuemilitairesuisse.ch\/la-rms\/lassociation-de-la-revue-militaire-suisse\/"]}]},{"@type":"ImageObject","inLanguage":"de","@id":"https:\/\/revuemilitairesuisse.ch\/la-rms\/lassociation-de-la-revue-militaire-suisse\/#primaryimage","url":"https:\/\/revuemilitairesuisse.ch\/app\/uploads\/2025\/02\/batiment-revue-militaire-suisse-quart.jpg","contentUrl":"https:\/\/revuemilitairesuisse.ch\/app\/uploads\/2025\/02\/batiment-revue-militaire-suisse-quart.jpg","width":2200,"height":660},{"@type":"BreadcrumbList","@id":"https:\/\/revuemilitairesuisse.ch\/la-rms\/lassociation-de-la-revue-militaire-suisse\/#breadcrumb","itemListElement":[{"@type":"ListItem","position":1,"name":"Accueil","item":"https:\/\/revuemilitairesuisse.ch\/"},{"@type":"ListItem","position":2,"name":"La RMS","item":"https:\/\/revuemilitairesuisse.ch\/la-rms\/"},{"@type":"ListItem","position":3,"name":"L\u2019Association de la Revue militaire suisse"}]},{"@type":"WebSite","@id":"https:\/\/revuemilitairesuisse.ch\/#website","url":"https:\/\/revuemilitairesuisse.ch\/","name":"Revue Militaire Suisse","description":"","publisher":{"@id":"https:\/\/revuemilitairesuisse.ch\/#organization"},"potentialAction":[{"@type":"SearchAction","target":{"@type":"EntryPoint","urlTemplate":"https:\/\/revuemilitairesuisse.ch\/?s={search_term_string}"},"query-input":{"@type":"PropertyValueSpecification","valueRequired":true,"valueName":"search_term_string"}}],"inLanguage":"de"},{"@type":"Organization","@id":"https:\/\/revuemilitairesuisse.ch\/#organization","name":"Revue Militaire Suisse","url":"https:\/\/revuemilitairesuisse.ch\/","logo":{"@type":"ImageObject","inLanguage":"de","@id":"https:\/\/revuemilitairesuisse.ch\/#\/schema\/logo\/image\/","url":"https:\/\/revuemilitairesuisse.ch\/app\/uploads\/2025\/07\/logoRMS-trans.svg","contentUrl":"https:\/\/revuemilitairesuisse.ch\/app\/uploads\/2025\/07\/logoRMS-trans.svg","caption":"Revue Militaire Suisse"},"image":{"@id":"https:\/\/revuemilitairesuisse.ch\/#\/schema\/logo\/image\/"},"sameAs":["https:\/\/www.facebook.com\/revuemilitairesuisse\/"]}]}},"_links":{"self":[{"href":"https:\/\/revuemilitairesuisse.ch\/de\/wp-json\/wp\/v2\/pages\/414","targetHints":{"allow":["GET"]}}],"collection":[{"href":"https:\/\/revuemilitairesuisse.ch\/de\/wp-json\/wp\/v2\/pages"}],"about":[{"href":"https:\/\/revuemilitairesuisse.ch\/de\/wp-json\/wp\/v2\/types\/page"}],"author":[{"embeddable":true,"href":"https:\/\/revuemilitairesuisse.ch\/de\/wp-json\/wp\/v2\/users\/1"}],"replies":[{"embeddable":true,"href":"https:\/\/revuemilitairesuisse.ch\/de\/wp-json\/wp\/v2\/comments?post=414"}],"version-history":[{"count":6,"href":"https:\/\/revuemilitairesuisse.ch\/de\/wp-json\/wp\/v2\/pages\/414\/revisions"}],"predecessor-version":[{"id":439,"href":"https:\/\/revuemilitairesuisse.ch\/de\/wp-json\/wp\/v2\/pages\/414\/revisions\/439"}],"up":[{"embeddable":true,"href":"https:\/\/revuemilitairesuisse.ch\/de\/wp-json\/wp\/v2\/pages\/13"}],"wp:featuredmedia":[{"embeddable":true,"href":"https:\/\/revuemilitairesuisse.ch\/de\/wp-json\/wp\/v2\/media\/419"}],"wp:attachment":[{"href":"https:\/\/revuemilitairesuisse.ch\/de\/wp-json\/wp\/v2\/media?parent=414"}],"curies":[{"name":"wp","href":"https:\/\/api.w.org\/{rel}","templated":true}]}}