{"id":393,"date":"2025-02-06T14:11:33","date_gmt":"2025-02-06T13:11:33","guid":{"rendered":"https:\/\/revuemilitairesuisse.ch\/?page_id=393"},"modified":"2025-05-27T23:20:00","modified_gmt":"2025-05-27T21:20:00","slug":"une-revue-independante","status":"publish","type":"page","link":"https:\/\/revuemilitairesuisse.ch\/de\/la-rms\/une-revue-independante\/","title":{"rendered":"Eine unabh\u00e4ngige Zeitschrift"},"content":{"rendered":"<section\n\tclass=\"\n\tblock\n\tblock-text\tbackground-grey\tno-background\t\tone-column\t\">\n\t<div class=\"block-inner block-text-inner\">\n\t\t<div class=\"columns\">\n\t\t\t\n\t\t\t<div class=\"column \">\n\t\t\t\t<div class=\"block-content block-content-body\"><p>\u00ab La Revue militaire suisse (RMS), \u00e9dit\u00e9e par l\u2019Association de la Revue militaire suisse (ARMS), est un organe officiel de la Soci\u00e9t\u00e9 suisse des officiers (SSO). Elle appartient aux sections cantonales de Suisse romande et de Berne. Son but est, notamment, de faciliter l\u2019\u00e9change sur les probl\u00e8mes militaires, de d\u00e9velopper les connaissances et la culture g\u00e9n\u00e9rale des officiers. Les textes publi\u00e9s expriment la seule opinion de leurs auteurs. La RMS est ouverte \u00e4 toutes les personnes soucieuses d\u2019\u0153uvrer constructivement au bien de la d\u00e9fense g\u00e9n\u00e9rale. \u00bb (Dans l\u2019mpressum actuel de la revue)<\/p>\n<p>Dans un Etat f\u00e9d\u00e9ratif aux quatre langues nationales, d\u00e9sireux de conserver une arm\u00e9e de milice, serait-il acceptable que disparaissent la RMS et la Rivista Militare della Svizzera Italiana, deux p\u00e9riodiques ind\u00e9pendants en langues fran\u00e7aise et italienne ? En effet, la presse militaire et les m\u00e9dias en g\u00e9n\u00e9ral n\u2019ont pas le m\u00eame contenu en Suisse al\u00e9manique, romande et italienne. Le f\u00e9d\u00e9ralisme et l\u2019arm\u00e9e de milice rendent impossible le syst\u00e8me que conna\u00eet un Etat centralis\u00e9 comme la France. Outre\u2011Jura, le commandement et le minist\u00e8re de la D\u00e9fense exercent un contr\u00f4le sur les textes publi\u00e9s dans des p\u00e9riodiques qu\u2019ils financent en grande partie et qui apparaissent comme des porte\u2011paroles officiels.<\/p>\n<\/div>\n\t\t\t<\/div>\n\n\t\t\t\t\t<\/div>\n\t<\/div>\n<\/section>\n<section\n\tclass=\"\n\tblock\n\tblock-text\tbackground-white\thas-background\tvalign-center\ttwo-columns\t\">\n\t<div class=\"block-inner block-text-inner\">\n\t\t<div class=\"columns\">\n\t\t\t\n\t\t\t<div class=\"column \">\n\t\t\t\t<div class=\"block-content block-content-body\"><p>En Suisse, deux diff\u00e9rences essentielles. La presse militaire appartient \u00e0 des associations de droit priv\u00e9 qui ne re\u00e7oivent pas de subventions des autorit\u00e9s. Tout en ayant l\u2019obligation de se montrer loyaux et ne pas trahir de secrets militaires, \u00e9diteurs et r\u00e9dacteurs n\u2019ont aucun compte \u00e0 rendre \u00e0 Berne ; les textes qu\u2019ils publient ne subissent pas de contr\u00f4le ou de censure. L\u2019\u00e9crasante majorit\u00e9 officiers ne sont pas des professionnels, ils ont le droit d\u2019exprimer librement des id\u00e9es originales et des critiques constructives. Pour les professionnels, la situation appara\u00eet plus d\u00e9licate : ils travaillent comme fonctionnaires au D\u00e9partement de la d\u00e9fense, surtout comme instructeurs et enseignants dans les diff\u00e9rentes \u00e9coles de l\u2019Arm\u00e9e, mais ils font \u00e9galement service au titre de la milice. Le colonel EMG X\u2026, qui commande \u00e0 titre professionnel une \u00e9cole d\u2019officiers, est \u00e9galement chef d\u2019\u00e9tat-major d\u2019une division territoriale, une fonction de milice.<\/p>\n<\/div>\n\t\t\t<\/div>\n\n\t\t\t\t\t\t\t\n\t\t\t\t<div class=\"column is-image\">\n\t\t\t\t\t\n<div class=\"block-content block-content-image\" data-type=\"image\">\n\t\n\t\t\n\t\t\t<img width=\"2249\" height=\"1500\" src=\"https:\/\/revuemilitairesuisse.ch\/app\/uploads\/2025\/05\/7798_004.jpg\" class=\"attachment-third-width size-third-width\" alt=\"\" srcset=\"https:\/\/revuemilitairesuisse.ch\/app\/uploads\/2025\/05\/7798_004.jpg 2249w, https:\/\/revuemilitairesuisse.ch\/app\/uploads\/2025\/05\/7798_004-350x233.jpg 350w, https:\/\/revuemilitairesuisse.ch\/app\/uploads\/2025\/05\/7798_004-540x360.jpg 540w, https:\/\/revuemilitairesuisse.ch\/app\/uploads\/2025\/05\/7798_004-300x200.jpg 300w, https:\/\/revuemilitairesuisse.ch\/app\/uploads\/2025\/05\/7798_004-1024x683.jpg 1024w, https:\/\/revuemilitairesuisse.ch\/app\/uploads\/2025\/05\/7798_004-768x512.jpg 768w, https:\/\/revuemilitairesuisse.ch\/app\/uploads\/2025\/05\/7798_004-1536x1024.jpg 1536w, https:\/\/revuemilitairesuisse.ch\/app\/uploads\/2025\/05\/7798_004-2048x1366.jpg 2048w, https:\/\/revuemilitairesuisse.ch\/app\/uploads\/2025\/05\/7798_004-1280x854.jpg 1280w, https:\/\/revuemilitairesuisse.ch\/app\/uploads\/2025\/05\/7798_004-380x253.jpg 380w, https:\/\/revuemilitairesuisse.ch\/app\/uploads\/2025\/05\/7798_004-620x414.jpg 620w\" sizes=\"(max-width: 2249px) 100vw, 2249px\" \/>\n\t\t\t\t\t\t\t<p class=\"block-content-image-copyright\">\n\t\t\t\t\t<small>\n\t\t\t\t\t\tPhoto : VBS\/DDPS \u2013 Philipp Schmidli\t\t\t\t\t<\/small>\n\t\t\t\t<\/p>\n\t\t\t\n\t\t\t\n\t\t\t<\/div>\n\t\t\t\t<\/div>\n\t\t\t\t\t<\/div>\n\t<\/div>\n<\/section>\n<section\n\tclass=\"\n\tblock\n\tblock-text\tbackground-grey\tno-background\t\tone-column\t\">\n\t<div class=\"block-inner block-text-inner\">\n\t\t<div class=\"columns\">\n\t\t\t\n\t\t\t<div class=\"column \">\n\t\t\t\t<div class=\"block-content block-content-body\"><h3>Une ind\u00e9pendance d\u00e8s l\u2019origine<\/h3>\n<p>Le colonel Fernand Feyler, r\u00e9dacteur en chef de la RMS entre 1896 et 1930, est un officier de milice qui admet que ses auteurs \u00e9mettent des consid\u00e9rations contraires \u00e0 ses convictions. Sous sa direction, la Revue militaire suisse se montre critique, parfois frondeuse vis\u2011\u00e0\u2011vis du Conseil f\u00e9d\u00e9ral et du commandement. Son contenu est tr\u00e8s ax\u00e9 sur la politique int\u00e9rieure et ext\u00e9rieure du pays. Son successeur, le lieutenant-colonel EMG Roger Masson, un officier de carri\u00e8re, assume une double fonction, celle de chef du Service de renseignement de l\u2019Arm\u00e9e et de r\u00e9dacteur en chef. Ses successeurs officiers de carri\u00e8re, les divisionnaires Montfort, le colonel EMG Paul Ducotterd occupent diff\u00e9rents postes au sein du D\u00e9partement militaire f\u00e9d\u00e9ral<span class=\"tooltip\"><i class=\"icon icon-informations\"><\/i><span class=\"tooltip-text\"><span class=\"tooltip-text-inner\">Aujourd\u2019hui, D\u00e9partement de la defense, de la protection de la population et des sports.<\/span><\/span><\/span>. Ils n\u2019ont pas leur langue dans la poche et ne parlent pas la langue de bois. Sous leur r\u00e8gne, la RMS garde sa pleine ind\u00e9pendance, m\u00eame durant la Seconde Guerre mondiale.<\/p>\n<\/div>\n\t\t\t<\/div>\n\n\t\t\t\t\t<\/div>\n\t<\/div>\n<\/section>\n<section\n\tclass=\"\n\tblock\n\tblock-text\tbackground-red\thas-background\tvalign-center\ttwo-columns\t\">\n\t<div class=\"block-inner block-text-inner\">\n\t\t<div class=\"columns\">\n\t\t\t\n\t\t\t<div class=\"column is-image\">\n\t\t\t\t\n<div class=\"block-content block-content-image\" data-type=\"image\">\n\t\n\t\t\n\t\t\t<img width=\"2254\" height=\"1500\" src=\"https:\/\/revuemilitairesuisse.ch\/app\/uploads\/2025\/05\/5915_050.jpg\" class=\"attachment-third-width size-third-width\" alt=\"\" srcset=\"https:\/\/revuemilitairesuisse.ch\/app\/uploads\/2025\/05\/5915_050.jpg 2254w, https:\/\/revuemilitairesuisse.ch\/app\/uploads\/2025\/05\/5915_050-350x233.jpg 350w, https:\/\/revuemilitairesuisse.ch\/app\/uploads\/2025\/05\/5915_050-540x359.jpg 540w, https:\/\/revuemilitairesuisse.ch\/app\/uploads\/2025\/05\/5915_050-300x200.jpg 300w, https:\/\/revuemilitairesuisse.ch\/app\/uploads\/2025\/05\/5915_050-1024x681.jpg 1024w, https:\/\/revuemilitairesuisse.ch\/app\/uploads\/2025\/05\/5915_050-768x511.jpg 768w, https:\/\/revuemilitairesuisse.ch\/app\/uploads\/2025\/05\/5915_050-1536x1022.jpg 1536w, https:\/\/revuemilitairesuisse.ch\/app\/uploads\/2025\/05\/5915_050-2048x1363.jpg 2048w, https:\/\/revuemilitairesuisse.ch\/app\/uploads\/2025\/05\/5915_050-1280x852.jpg 1280w, https:\/\/revuemilitairesuisse.ch\/app\/uploads\/2025\/05\/5915_050-380x253.jpg 380w, https:\/\/revuemilitairesuisse.ch\/app\/uploads\/2025\/05\/5915_050-620x413.jpg 620w\" sizes=\"(max-width: 2254px) 100vw, 2254px\" \/>\n\t\t\t\t\t\t\t<p class=\"block-content-image-copyright\">\n\t\t\t\t\t<small>\n\t\t\t\t\t\tPhoto : VBS\/DDPS \u2013  Raphael Falchi\t\t\t\t\t<\/small>\n\t\t\t\t<\/p>\n\t\t\t\n\t\t\t\n\t\t\t<\/div>\n\t\t\t<\/div>\n\n\t\t\t\t\t\t\t\n\t\t\t\t<div class=\"column \">\n\t\t\t\t\t<div class=\"block-content block-content-body\"><p>Tous les r\u00e9dacteurs en chef, qu\u2019ils soient professionnels ou de milice, auraient pu faire \u00e0 certains moments la r\u00e9flexion de Bovard, ce philosophe-po\u00e8te, personnage de Passage du po\u00e8te de Ramuz, dont la famille s\u2019\u00e9chine depuis des g\u00e9n\u00e9rations sur les coteaux du Lavaux : \u00ab C\u2019est de faire pour rien qui est beau. M\u00eame si le travail ne paie pas, parce que c\u2019est de faire qui compte. Quand m\u00eame je serais tout seul et quand m\u00eame je n\u2019ai pas \u00e9t\u00e9 g\u00e2t\u00e9, quand m\u00eame je sais bien ce que c\u2019est, allez ! Et on n\u2019est pas toujours pay\u00e9 et c\u2019est dur et c\u2019est ingrat, et c\u2019est toujours la m\u00eame chose, mais je dis \u2019c\u2019est \u00e7a qui est beau !\u2026\u2019 [\u2026] On ne peut pas \u00eatre pay\u00e9 en argent pour un travail de ce genre-l\u00e0 : on est pay\u00e9 d\u00e8s qu\u2019on y croit\u2026 Nous, on est comme le soldat, le soldat se bat pour se battre. [\u2026] Je dis que c\u2019est comme \u00e7a : l\u2019honneur et l\u2019amour. Et point d\u2019argent du tout, s\u2019il faut, parce qu\u2019il resterait l\u2019honneur, l\u2019honneur et l\u2019amour. \u00bb Ce que pense Bovard, c\u2019est en fait un d\u00e9veloppement de la devise de Guillaume le Taciturne : \u00ab Point besoin d\u2019esp\u00e9rer pour entreprendre, ni de r\u00e9ussir pour pers\u00e9v\u00e9rer. \u00bb<\/p>\n<p><strong>Colonel Herv\u00e9 de Weck<br \/>\n<\/strong>Ancien r\u00e9dacteur en chef, Revue Militaire Suisse<\/p>\n<\/div>\n\t\t\t\t<\/div>\n\t\t\t\t\t<\/div>\n\t<\/div>\n<\/section>\n","protected":false},"excerpt":{"rendered":"\u00ab La Revue militaire suisse (RMS), \u00e9dit\u00e9e par l\u2019Association de la Revue militaire suisse (ARMS), est un organe officiel de la Soci\u00e9t\u00e9 suisse des officiers (SSO). Elle appartient aux sections cantonales de Suisse romande et de Berne. Son but est, notamment, de faciliter l\u2019\u00e9change sur les probl\u00e8mes militaires, de d\u00e9velopper les connaissances et la culture","protected":false},"author":1,"featured_media":229,"parent":13,"menu_order":0,"comment_status":"closed","ping_status":"closed","template":"","meta":{"_acf_changed":false,"footnotes":""},"class_list":["post-393","page","type-page","status-publish","has-post-thumbnail","hentry"],"acf":[],"yoast_head":"<!-- This site is optimized with the Yoast SEO plugin v27.4 - https:\/\/yoast.com\/product\/yoast-seo-wordpress\/ -->\n<title>Une revue ind\u00e9pendante - Revue Militaire Suisse<\/title>\n<meta name=\"robots\" content=\"index, follow, max-snippet:-1, max-image-preview:large, max-video-preview:-1\" \/>\n<link rel=\"canonical\" href=\"https:\/\/revuemilitairesuisse.ch\/de\/la-rms\/une-revue-independante\/\" \/>\n<meta property=\"og:locale\" content=\"de_DE\" \/>\n<meta property=\"og:type\" content=\"article\" \/>\n<meta property=\"og:title\" content=\"Une revue ind\u00e9pendante - Revue Militaire Suisse\" \/>\n<meta property=\"og:description\" content=\"\u00ab La Revue militaire suisse (RMS), \u00e9dit\u00e9e par l\u2019Association de la Revue militaire suisse (ARMS), est un organe officiel de la Soci\u00e9t\u00e9 suisse des officiers (SSO). Elle appartient aux sections cantonales de Suisse romande et de Berne. Son but est, notamment, de faciliter l\u2019\u00e9change sur les probl\u00e8mes militaires, de d\u00e9velopper les connaissances et la culture [&hellip;]\" \/>\n<meta property=\"og:url\" content=\"https:\/\/revuemilitairesuisse.ch\/de\/la-rms\/une-revue-independante\/\" \/>\n<meta property=\"og:site_name\" content=\"Revue Militaire Suisse\" \/>\n<meta property=\"article:publisher\" content=\"https:\/\/www.facebook.com\/revuemilitairesuisse\/\" \/>\n<meta property=\"article:modified_time\" content=\"2025-05-27T21:20:00+00:00\" \/>\n<meta property=\"og:image\" content=\"https:\/\/revuemilitairesuisse.ch\/app\/uploads\/2025\/01\/3-verte-rive-lac-scaled.jpg\" \/>\n\t<meta property=\"og:image:width\" content=\"2560\" \/>\n\t<meta property=\"og:image:height\" content=\"768\" \/>\n\t<meta property=\"og:image:type\" content=\"image\/jpeg\" \/>\n<meta name=\"twitter:card\" content=\"summary_large_image\" \/>\n<meta name=\"twitter:label1\" content=\"Gesch\u00e4tzte Lesezeit\" \/>\n\t<meta name=\"twitter:data1\" content=\"4\u00a0Minuten\" \/>\n<script type=\"application\/ld+json\" class=\"yoast-schema-graph\">{\"@context\":\"https:\\\/\\\/schema.org\",\"@graph\":[{\"@type\":\"WebPage\",\"@id\":\"https:\\\/\\\/revuemilitairesuisse.ch\\\/la-rms\\\/une-revue-independante\\\/\",\"url\":\"https:\\\/\\\/revuemilitairesuisse.ch\\\/la-rms\\\/une-revue-independante\\\/\",\"name\":\"Une revue ind\u00e9pendante - Revue Militaire Suisse\",\"isPartOf\":{\"@id\":\"https:\\\/\\\/revuemilitairesuisse.ch\\\/#website\"},\"primaryImageOfPage\":{\"@id\":\"https:\\\/\\\/revuemilitairesuisse.ch\\\/la-rms\\\/une-revue-independante\\\/#primaryimage\"},\"image\":{\"@id\":\"https:\\\/\\\/revuemilitairesuisse.ch\\\/la-rms\\\/une-revue-independante\\\/#primaryimage\"},\"thumbnailUrl\":\"https:\\\/\\\/revuemilitairesuisse.ch\\\/app\\\/uploads\\\/2025\\\/01\\\/3-verte-rive-lac-scaled.jpg\",\"datePublished\":\"2025-02-06T13:11:33+00:00\",\"dateModified\":\"2025-05-27T21:20:00+00:00\",\"breadcrumb\":{\"@id\":\"https:\\\/\\\/revuemilitairesuisse.ch\\\/la-rms\\\/une-revue-independante\\\/#breadcrumb\"},\"inLanguage\":\"de\",\"potentialAction\":[{\"@type\":\"ReadAction\",\"target\":[\"https:\\\/\\\/revuemilitairesuisse.ch\\\/la-rms\\\/une-revue-independante\\\/\"]}]},{\"@type\":\"ImageObject\",\"inLanguage\":\"de\",\"@id\":\"https:\\\/\\\/revuemilitairesuisse.ch\\\/la-rms\\\/une-revue-independante\\\/#primaryimage\",\"url\":\"https:\\\/\\\/revuemilitairesuisse.ch\\\/app\\\/uploads\\\/2025\\\/01\\\/3-verte-rive-lac-scaled.jpg\",\"contentUrl\":\"https:\\\/\\\/revuemilitairesuisse.ch\\\/app\\\/uploads\\\/2025\\\/01\\\/3-verte-rive-lac-scaled.jpg\",\"width\":2560,\"height\":768},{\"@type\":\"BreadcrumbList\",\"@id\":\"https:\\\/\\\/revuemilitairesuisse.ch\\\/la-rms\\\/une-revue-independante\\\/#breadcrumb\",\"itemListElement\":[{\"@type\":\"ListItem\",\"position\":1,\"name\":\"Accueil\",\"item\":\"https:\\\/\\\/revuemilitairesuisse.ch\\\/\"},{\"@type\":\"ListItem\",\"position\":2,\"name\":\"La RMS\",\"item\":\"https:\\\/\\\/revuemilitairesuisse.ch\\\/la-rms\\\/\"},{\"@type\":\"ListItem\",\"position\":3,\"name\":\"Une revue ind\u00e9pendante\"}]},{\"@type\":\"WebSite\",\"@id\":\"https:\\\/\\\/revuemilitairesuisse.ch\\\/#website\",\"url\":\"https:\\\/\\\/revuemilitairesuisse.ch\\\/\",\"name\":\"Revue Militaire Suisse\",\"description\":\"\",\"publisher\":{\"@id\":\"https:\\\/\\\/revuemilitairesuisse.ch\\\/#organization\"},\"potentialAction\":[{\"@type\":\"SearchAction\",\"target\":{\"@type\":\"EntryPoint\",\"urlTemplate\":\"https:\\\/\\\/revuemilitairesuisse.ch\\\/?s={search_term_string}\"},\"query-input\":{\"@type\":\"PropertyValueSpecification\",\"valueRequired\":true,\"valueName\":\"search_term_string\"}}],\"inLanguage\":\"de\"},{\"@type\":\"Organization\",\"@id\":\"https:\\\/\\\/revuemilitairesuisse.ch\\\/#organization\",\"name\":\"Revue Militaire Suisse\",\"url\":\"https:\\\/\\\/revuemilitairesuisse.ch\\\/\",\"logo\":{\"@type\":\"ImageObject\",\"inLanguage\":\"de\",\"@id\":\"https:\\\/\\\/revuemilitairesuisse.ch\\\/#\\\/schema\\\/logo\\\/image\\\/\",\"url\":\"https:\\\/\\\/revuemilitairesuisse.ch\\\/app\\\/uploads\\\/2025\\\/07\\\/logoRMS-trans.svg\",\"contentUrl\":\"https:\\\/\\\/revuemilitairesuisse.ch\\\/app\\\/uploads\\\/2025\\\/07\\\/logoRMS-trans.svg\",\"caption\":\"Revue Militaire Suisse\"},\"image\":{\"@id\":\"https:\\\/\\\/revuemilitairesuisse.ch\\\/#\\\/schema\\\/logo\\\/image\\\/\"},\"sameAs\":[\"https:\\\/\\\/www.facebook.com\\\/revuemilitairesuisse\\\/\"]}]}<\/script>\n<!-- \/ Yoast SEO plugin. -->","yoast_head_json":{"title":"Une revue ind\u00e9pendante - Revue Militaire Suisse","robots":{"index":"index","follow":"follow","max-snippet":"max-snippet:-1","max-image-preview":"max-image-preview:large","max-video-preview":"max-video-preview:-1"},"canonical":"https:\/\/revuemilitairesuisse.ch\/de\/la-rms\/une-revue-independante\/","og_locale":"de_DE","og_type":"article","og_title":"Une revue ind\u00e9pendante - Revue Militaire Suisse","og_description":"\u00ab La Revue militaire suisse (RMS), \u00e9dit\u00e9e par l\u2019Association de la Revue militaire suisse (ARMS), est un organe officiel de la Soci\u00e9t\u00e9 suisse des officiers (SSO). Elle appartient aux sections cantonales de Suisse romande et de Berne. Son but est, notamment, de faciliter l\u2019\u00e9change sur les probl\u00e8mes militaires, de d\u00e9velopper les connaissances et la culture [&hellip;]","og_url":"https:\/\/revuemilitairesuisse.ch\/de\/la-rms\/une-revue-independante\/","og_site_name":"Revue Militaire Suisse","article_publisher":"https:\/\/www.facebook.com\/revuemilitairesuisse\/","article_modified_time":"2025-05-27T21:20:00+00:00","og_image":[{"width":2560,"height":768,"url":"https:\/\/revuemilitairesuisse.ch\/app\/uploads\/2025\/01\/3-verte-rive-lac-scaled.jpg","type":"image\/jpeg"}],"twitter_card":"summary_large_image","twitter_misc":{"Gesch\u00e4tzte Lesezeit":"4\u00a0Minuten"},"schema":{"@context":"https:\/\/schema.org","@graph":[{"@type":"WebPage","@id":"https:\/\/revuemilitairesuisse.ch\/la-rms\/une-revue-independante\/","url":"https:\/\/revuemilitairesuisse.ch\/la-rms\/une-revue-independante\/","name":"Une revue ind\u00e9pendante - Revue Militaire Suisse","isPartOf":{"@id":"https:\/\/revuemilitairesuisse.ch\/#website"},"primaryImageOfPage":{"@id":"https:\/\/revuemilitairesuisse.ch\/la-rms\/une-revue-independante\/#primaryimage"},"image":{"@id":"https:\/\/revuemilitairesuisse.ch\/la-rms\/une-revue-independante\/#primaryimage"},"thumbnailUrl":"https:\/\/revuemilitairesuisse.ch\/app\/uploads\/2025\/01\/3-verte-rive-lac-scaled.jpg","datePublished":"2025-02-06T13:11:33+00:00","dateModified":"2025-05-27T21:20:00+00:00","breadcrumb":{"@id":"https:\/\/revuemilitairesuisse.ch\/la-rms\/une-revue-independante\/#breadcrumb"},"inLanguage":"de","potentialAction":[{"@type":"ReadAction","target":["https:\/\/revuemilitairesuisse.ch\/la-rms\/une-revue-independante\/"]}]},{"@type":"ImageObject","inLanguage":"de","@id":"https:\/\/revuemilitairesuisse.ch\/la-rms\/une-revue-independante\/#primaryimage","url":"https:\/\/revuemilitairesuisse.ch\/app\/uploads\/2025\/01\/3-verte-rive-lac-scaled.jpg","contentUrl":"https:\/\/revuemilitairesuisse.ch\/app\/uploads\/2025\/01\/3-verte-rive-lac-scaled.jpg","width":2560,"height":768},{"@type":"BreadcrumbList","@id":"https:\/\/revuemilitairesuisse.ch\/la-rms\/une-revue-independante\/#breadcrumb","itemListElement":[{"@type":"ListItem","position":1,"name":"Accueil","item":"https:\/\/revuemilitairesuisse.ch\/"},{"@type":"ListItem","position":2,"name":"La RMS","item":"https:\/\/revuemilitairesuisse.ch\/la-rms\/"},{"@type":"ListItem","position":3,"name":"Une revue ind\u00e9pendante"}]},{"@type":"WebSite","@id":"https:\/\/revuemilitairesuisse.ch\/#website","url":"https:\/\/revuemilitairesuisse.ch\/","name":"Revue Militaire Suisse","description":"","publisher":{"@id":"https:\/\/revuemilitairesuisse.ch\/#organization"},"potentialAction":[{"@type":"SearchAction","target":{"@type":"EntryPoint","urlTemplate":"https:\/\/revuemilitairesuisse.ch\/?s={search_term_string}"},"query-input":{"@type":"PropertyValueSpecification","valueRequired":true,"valueName":"search_term_string"}}],"inLanguage":"de"},{"@type":"Organization","@id":"https:\/\/revuemilitairesuisse.ch\/#organization","name":"Revue Militaire Suisse","url":"https:\/\/revuemilitairesuisse.ch\/","logo":{"@type":"ImageObject","inLanguage":"de","@id":"https:\/\/revuemilitairesuisse.ch\/#\/schema\/logo\/image\/","url":"https:\/\/revuemilitairesuisse.ch\/app\/uploads\/2025\/07\/logoRMS-trans.svg","contentUrl":"https:\/\/revuemilitairesuisse.ch\/app\/uploads\/2025\/07\/logoRMS-trans.svg","caption":"Revue Militaire Suisse"},"image":{"@id":"https:\/\/revuemilitairesuisse.ch\/#\/schema\/logo\/image\/"},"sameAs":["https:\/\/www.facebook.com\/revuemilitairesuisse\/"]}]}},"_links":{"self":[{"href":"https:\/\/revuemilitairesuisse.ch\/de\/wp-json\/wp\/v2\/pages\/393","targetHints":{"allow":["GET"]}}],"collection":[{"href":"https:\/\/revuemilitairesuisse.ch\/de\/wp-json\/wp\/v2\/pages"}],"about":[{"href":"https:\/\/revuemilitairesuisse.ch\/de\/wp-json\/wp\/v2\/types\/page"}],"author":[{"embeddable":true,"href":"https:\/\/revuemilitairesuisse.ch\/de\/wp-json\/wp\/v2\/users\/1"}],"replies":[{"embeddable":true,"href":"https:\/\/revuemilitairesuisse.ch\/de\/wp-json\/wp\/v2\/comments?post=393"}],"version-history":[{"count":25,"href":"https:\/\/revuemilitairesuisse.ch\/de\/wp-json\/wp\/v2\/pages\/393\/revisions"}],"predecessor-version":[{"id":612,"href":"https:\/\/revuemilitairesuisse.ch\/de\/wp-json\/wp\/v2\/pages\/393\/revisions\/612"}],"up":[{"embeddable":true,"href":"https:\/\/revuemilitairesuisse.ch\/de\/wp-json\/wp\/v2\/pages\/13"}],"wp:featuredmedia":[{"embeddable":true,"href":"https:\/\/revuemilitairesuisse.ch\/de\/wp-json\/wp\/v2\/media\/229"}],"wp:attachment":[{"href":"https:\/\/revuemilitairesuisse.ch\/de\/wp-json\/wp\/v2\/media?parent=393"}],"curies":[{"name":"wp","href":"https:\/\/api.w.org\/{rel}","templated":true}]}}