{"id":13,"date":"2024-11-20T13:27:33","date_gmt":"2024-11-20T12:27:33","guid":{"rendered":"http:\/\/localhost\/revue-militaire-suisse\/web\/?page_id=13"},"modified":"2025-01-23T10:55:35","modified_gmt":"2025-01-23T09:55:35","slug":"la-rms","status":"publish","type":"page","link":"https:\/\/revuemilitairesuisse.ch\/de\/la-rms\/","title":{"rendered":"Die RMS"},"content":{"rendered":"<section\n\tclass=\"block\tblock-text\tbackground-grey\tno-background\t\tone-column\">\n\t<div class=\"block-inner block-text-inner\">\n\t\t<div class=\"columns\">\n\t\t\t\n\t\t\t<div class=\"column\">\n\t\t\t\t<div class=\"block-content block-content-body\"><p>Die RMS ist die f\u00fchrende Fachzeitschrift der Romandie f\u00fcr Sicherheits- und Verteidigungsfragen.<\/p>\n<p>Ihr Ziel ist es, den Leserinnen und Lesern fundierte Einblicke in aktuelle Entwicklungen in der Schweiz und im Ausland zu geben. Sie berichtet \u00fcber die grossen Verb\u00e4nde und Truppenk\u00f6rper der Armee und stellt diese Themen in einen historischen Kontext. Zudem bietet sie den Offiziersgesellschaften der Romandie die M\u00f6glichkeit, ihre Aktivit\u00e4ten vorzustellen.<\/p>\n<p><a href=\"https:\/\/revuemilitairesuisse.ch\/de\/la-rms\/larms\/\">Die Association de la Revue Militaire Suisse (ARMS)<\/a>\u00a0sichert die Zukunft der Zeitschrift. Redaktion und Verein arbeiten nach dem Milizprinzip und investieren einen wesentlichen Teil ihrer Zeit in dieses Engagement.<\/p>\n<p>Die RMS versteht sich als Plattform f\u00fcr alle, die sich f\u00fcr sicherheitspolitische Fragen interessieren und ihre Analysen oder Forschungsergebnisse ver\u00f6ffentlichen m\u00f6chten.<\/p>\n<p>Die RMS, als unabh\u00e4ngiges Informationsorgan, finanziert sich in erster Linie durch ihre\u00a0<a href=\"https:\/\/revuemilitairesuisse.ch\/de\/abonnements\/\">Abonnements<\/a>\u00a0und\u00a0<a href=\"https:\/\/revuemilitairesuisse.ch\/de\/publicite\/\">Werbung.<\/a>\u00a0Sie k\u00f6nnen der\u00a0<a href=\"https:\/\/revuemilitairesuisse.ch\/de\/la-rms\/groupe-des-200\/\">Gruppe der 200<\/a>beitreten einem Kreis von Personen, die uns j\u00e4hrlich mit einem Beitrag von CHF 200.\u2013 unterst\u00fctzen, inklusive<\/p>\n<p>Gute Lekt\u00fcre!<\/p>\n<p><strong>Division\u00e4r Mathias T\u00fcscher<\/strong><\/p>\n<p>Pr\u00e4sident der Association de la Revue Militaire Suisse<\/p>\n<\/div>\n\t\t\t<\/div>\n\n\t\t\t\t\t<\/div>\n\t<\/div>\n<\/section>","protected":false},"excerpt":{"rendered":"La Revue Militaire Suisse (RMS) est le p\u00e9riodique de r\u00e9f\u00e9rence en Suisse romande pour les questions li\u00e9es \u00e0 la Politique de s\u00e9curit\u00e9 et \u00e0 la D\u00e9fense. Elle ambitionne d\u2019offrir \u00e0 ses lecteurs un \u00e9clairage de qualit\u00e9 sur les d\u00e9veloppements que connaissent ces domaines aussi bien en Suisse qu\u2019\u00e0 l\u2019\u00e9tranger, sur la vie des grandes unit\u00e9s","protected":false},"author":1,"featured_media":229,"parent":0,"menu_order":0,"comment_status":"closed","ping_status":"closed","template":"","meta":{"_acf_changed":false,"footnotes":""},"class_list":["post-13","page","type-page","status-publish","has-post-thumbnail","hentry"],"acf":[],"yoast_head":"<!-- This site is optimized with the Yoast SEO plugin v27.4 - https:\/\/yoast.com\/product\/yoast-seo-wordpress\/ -->\n<title>La RMS - Revue Militaire Suisse<\/title>\n<meta name=\"robots\" content=\"index, follow, max-snippet:-1, max-image-preview:large, max-video-preview:-1\" \/>\n<link rel=\"canonical\" href=\"https:\/\/revuemilitairesuisse.ch\/de\/la-rms\/\" \/>\n<meta property=\"og:locale\" content=\"de_DE\" \/>\n<meta property=\"og:type\" content=\"article\" \/>\n<meta property=\"og:title\" content=\"La RMS - Revue Militaire Suisse\" \/>\n<meta property=\"og:description\" content=\"La Revue Militaire Suisse (RMS) est le p\u00e9riodique de r\u00e9f\u00e9rence en Suisse romande pour les questions li\u00e9es \u00e0 la Politique de s\u00e9curit\u00e9 et \u00e0 la D\u00e9fense. Elle ambitionne d\u2019offrir \u00e0 ses lecteurs un \u00e9clairage de qualit\u00e9 sur les d\u00e9veloppements que connaissent ces domaines aussi bien en Suisse qu\u2019\u00e0 l\u2019\u00e9tranger, sur la vie des grandes unit\u00e9s [&hellip;]\" \/>\n<meta property=\"og:url\" content=\"https:\/\/revuemilitairesuisse.ch\/de\/la-rms\/\" \/>\n<meta property=\"og:site_name\" content=\"Revue Militaire Suisse\" \/>\n<meta property=\"article:publisher\" content=\"https:\/\/www.facebook.com\/revuemilitairesuisse\/\" \/>\n<meta property=\"article:modified_time\" content=\"2025-01-23T09:55:35+00:00\" \/>\n<meta property=\"og:image\" content=\"https:\/\/revuemilitairesuisse.ch\/app\/uploads\/2025\/01\/3-verte-rive-lac-scaled.jpg\" \/>\n\t<meta property=\"og:image:width\" content=\"2560\" \/>\n\t<meta property=\"og:image:height\" content=\"768\" \/>\n\t<meta property=\"og:image:type\" content=\"image\/jpeg\" \/>\n<meta name=\"twitter:card\" content=\"summary_large_image\" \/>\n<script type=\"application\/ld+json\" class=\"yoast-schema-graph\">{\"@context\":\"https:\\\/\\\/schema.org\",\"@graph\":[{\"@type\":\"WebPage\",\"@id\":\"https:\\\/\\\/revuemilitairesuisse.ch\\\/la-rms\\\/\",\"url\":\"https:\\\/\\\/revuemilitairesuisse.ch\\\/la-rms\\\/\",\"name\":\"La RMS - Revue Militaire Suisse\",\"isPartOf\":{\"@id\":\"https:\\\/\\\/revuemilitairesuisse.ch\\\/#website\"},\"primaryImageOfPage\":{\"@id\":\"https:\\\/\\\/revuemilitairesuisse.ch\\\/la-rms\\\/#primaryimage\"},\"image\":{\"@id\":\"https:\\\/\\\/revuemilitairesuisse.ch\\\/la-rms\\\/#primaryimage\"},\"thumbnailUrl\":\"https:\\\/\\\/revuemilitairesuisse.ch\\\/app\\\/uploads\\\/2025\\\/01\\\/3-verte-rive-lac-scaled.jpg\",\"datePublished\":\"2024-11-20T12:27:33+00:00\",\"dateModified\":\"2025-01-23T09:55:35+00:00\",\"breadcrumb\":{\"@id\":\"https:\\\/\\\/revuemilitairesuisse.ch\\\/la-rms\\\/#breadcrumb\"},\"inLanguage\":\"de\",\"potentialAction\":[{\"@type\":\"ReadAction\",\"target\":[\"https:\\\/\\\/revuemilitairesuisse.ch\\\/la-rms\\\/\"]}]},{\"@type\":\"ImageObject\",\"inLanguage\":\"de\",\"@id\":\"https:\\\/\\\/revuemilitairesuisse.ch\\\/la-rms\\\/#primaryimage\",\"url\":\"https:\\\/\\\/revuemilitairesuisse.ch\\\/app\\\/uploads\\\/2025\\\/01\\\/3-verte-rive-lac-scaled.jpg\",\"contentUrl\":\"https:\\\/\\\/revuemilitairesuisse.ch\\\/app\\\/uploads\\\/2025\\\/01\\\/3-verte-rive-lac-scaled.jpg\",\"width\":2560,\"height\":768},{\"@type\":\"BreadcrumbList\",\"@id\":\"https:\\\/\\\/revuemilitairesuisse.ch\\\/la-rms\\\/#breadcrumb\",\"itemListElement\":[{\"@type\":\"ListItem\",\"position\":1,\"name\":\"Accueil\",\"item\":\"https:\\\/\\\/revuemilitairesuisse.ch\\\/\"},{\"@type\":\"ListItem\",\"position\":2,\"name\":\"La RMS\"}]},{\"@type\":\"WebSite\",\"@id\":\"https:\\\/\\\/revuemilitairesuisse.ch\\\/#website\",\"url\":\"https:\\\/\\\/revuemilitairesuisse.ch\\\/\",\"name\":\"Revue Militaire Suisse\",\"description\":\"\",\"publisher\":{\"@id\":\"https:\\\/\\\/revuemilitairesuisse.ch\\\/#organization\"},\"potentialAction\":[{\"@type\":\"SearchAction\",\"target\":{\"@type\":\"EntryPoint\",\"urlTemplate\":\"https:\\\/\\\/revuemilitairesuisse.ch\\\/?s={search_term_string}\"},\"query-input\":{\"@type\":\"PropertyValueSpecification\",\"valueRequired\":true,\"valueName\":\"search_term_string\"}}],\"inLanguage\":\"de\"},{\"@type\":\"Organization\",\"@id\":\"https:\\\/\\\/revuemilitairesuisse.ch\\\/#organization\",\"name\":\"Revue Militaire Suisse\",\"url\":\"https:\\\/\\\/revuemilitairesuisse.ch\\\/\",\"logo\":{\"@type\":\"ImageObject\",\"inLanguage\":\"de\",\"@id\":\"https:\\\/\\\/revuemilitairesuisse.ch\\\/#\\\/schema\\\/logo\\\/image\\\/\",\"url\":\"https:\\\/\\\/revuemilitairesuisse.ch\\\/app\\\/uploads\\\/2025\\\/07\\\/logoRMS-trans.svg\",\"contentUrl\":\"https:\\\/\\\/revuemilitairesuisse.ch\\\/app\\\/uploads\\\/2025\\\/07\\\/logoRMS-trans.svg\",\"caption\":\"Revue Militaire Suisse\"},\"image\":{\"@id\":\"https:\\\/\\\/revuemilitairesuisse.ch\\\/#\\\/schema\\\/logo\\\/image\\\/\"},\"sameAs\":[\"https:\\\/\\\/www.facebook.com\\\/revuemilitairesuisse\\\/\"]}]}<\/script>\n<!-- \/ Yoast SEO plugin. -->","yoast_head_json":{"title":"La RMS - Revue Militaire Suisse","robots":{"index":"index","follow":"follow","max-snippet":"max-snippet:-1","max-image-preview":"max-image-preview:large","max-video-preview":"max-video-preview:-1"},"canonical":"https:\/\/revuemilitairesuisse.ch\/de\/la-rms\/","og_locale":"de_DE","og_type":"article","og_title":"La RMS - Revue Militaire Suisse","og_description":"La Revue Militaire Suisse (RMS) est le p\u00e9riodique de r\u00e9f\u00e9rence en Suisse romande pour les questions li\u00e9es \u00e0 la Politique de s\u00e9curit\u00e9 et \u00e0 la D\u00e9fense. Elle ambitionne d\u2019offrir \u00e0 ses lecteurs un \u00e9clairage de qualit\u00e9 sur les d\u00e9veloppements que connaissent ces domaines aussi bien en Suisse qu\u2019\u00e0 l\u2019\u00e9tranger, sur la vie des grandes unit\u00e9s [&hellip;]","og_url":"https:\/\/revuemilitairesuisse.ch\/de\/la-rms\/","og_site_name":"Revue Militaire Suisse","article_publisher":"https:\/\/www.facebook.com\/revuemilitairesuisse\/","article_modified_time":"2025-01-23T09:55:35+00:00","og_image":[{"width":2560,"height":768,"url":"https:\/\/revuemilitairesuisse.ch\/app\/uploads\/2025\/01\/3-verte-rive-lac-scaled.jpg","type":"image\/jpeg"}],"twitter_card":"summary_large_image","schema":{"@context":"https:\/\/schema.org","@graph":[{"@type":"WebPage","@id":"https:\/\/revuemilitairesuisse.ch\/la-rms\/","url":"https:\/\/revuemilitairesuisse.ch\/la-rms\/","name":"La RMS - Revue Militaire Suisse","isPartOf":{"@id":"https:\/\/revuemilitairesuisse.ch\/#website"},"primaryImageOfPage":{"@id":"https:\/\/revuemilitairesuisse.ch\/la-rms\/#primaryimage"},"image":{"@id":"https:\/\/revuemilitairesuisse.ch\/la-rms\/#primaryimage"},"thumbnailUrl":"https:\/\/revuemilitairesuisse.ch\/app\/uploads\/2025\/01\/3-verte-rive-lac-scaled.jpg","datePublished":"2024-11-20T12:27:33+00:00","dateModified":"2025-01-23T09:55:35+00:00","breadcrumb":{"@id":"https:\/\/revuemilitairesuisse.ch\/la-rms\/#breadcrumb"},"inLanguage":"de","potentialAction":[{"@type":"ReadAction","target":["https:\/\/revuemilitairesuisse.ch\/la-rms\/"]}]},{"@type":"ImageObject","inLanguage":"de","@id":"https:\/\/revuemilitairesuisse.ch\/la-rms\/#primaryimage","url":"https:\/\/revuemilitairesuisse.ch\/app\/uploads\/2025\/01\/3-verte-rive-lac-scaled.jpg","contentUrl":"https:\/\/revuemilitairesuisse.ch\/app\/uploads\/2025\/01\/3-verte-rive-lac-scaled.jpg","width":2560,"height":768},{"@type":"BreadcrumbList","@id":"https:\/\/revuemilitairesuisse.ch\/la-rms\/#breadcrumb","itemListElement":[{"@type":"ListItem","position":1,"name":"Accueil","item":"https:\/\/revuemilitairesuisse.ch\/"},{"@type":"ListItem","position":2,"name":"La RMS"}]},{"@type":"WebSite","@id":"https:\/\/revuemilitairesuisse.ch\/#website","url":"https:\/\/revuemilitairesuisse.ch\/","name":"Revue Militaire Suisse","description":"","publisher":{"@id":"https:\/\/revuemilitairesuisse.ch\/#organization"},"potentialAction":[{"@type":"SearchAction","target":{"@type":"EntryPoint","urlTemplate":"https:\/\/revuemilitairesuisse.ch\/?s={search_term_string}"},"query-input":{"@type":"PropertyValueSpecification","valueRequired":true,"valueName":"search_term_string"}}],"inLanguage":"de"},{"@type":"Organization","@id":"https:\/\/revuemilitairesuisse.ch\/#organization","name":"Revue Militaire Suisse","url":"https:\/\/revuemilitairesuisse.ch\/","logo":{"@type":"ImageObject","inLanguage":"de","@id":"https:\/\/revuemilitairesuisse.ch\/#\/schema\/logo\/image\/","url":"https:\/\/revuemilitairesuisse.ch\/app\/uploads\/2025\/07\/logoRMS-trans.svg","contentUrl":"https:\/\/revuemilitairesuisse.ch\/app\/uploads\/2025\/07\/logoRMS-trans.svg","caption":"Revue Militaire Suisse"},"image":{"@id":"https:\/\/revuemilitairesuisse.ch\/#\/schema\/logo\/image\/"},"sameAs":["https:\/\/www.facebook.com\/revuemilitairesuisse\/"]}]}},"_links":{"self":[{"href":"https:\/\/revuemilitairesuisse.ch\/de\/wp-json\/wp\/v2\/pages\/13","targetHints":{"allow":["GET"]}}],"collection":[{"href":"https:\/\/revuemilitairesuisse.ch\/de\/wp-json\/wp\/v2\/pages"}],"about":[{"href":"https:\/\/revuemilitairesuisse.ch\/de\/wp-json\/wp\/v2\/types\/page"}],"author":[{"embeddable":true,"href":"https:\/\/revuemilitairesuisse.ch\/de\/wp-json\/wp\/v2\/users\/1"}],"replies":[{"embeddable":true,"href":"https:\/\/revuemilitairesuisse.ch\/de\/wp-json\/wp\/v2\/comments?post=13"}],"version-history":[{"count":7,"href":"https:\/\/revuemilitairesuisse.ch\/de\/wp-json\/wp\/v2\/pages\/13\/revisions"}],"predecessor-version":[{"id":228,"href":"https:\/\/revuemilitairesuisse.ch\/de\/wp-json\/wp\/v2\/pages\/13\/revisions\/228"}],"wp:featuredmedia":[{"embeddable":true,"href":"https:\/\/revuemilitairesuisse.ch\/de\/wp-json\/wp\/v2\/media\/229"}],"wp:attachment":[{"href":"https:\/\/revuemilitairesuisse.ch\/de\/wp-json\/wp\/v2\/media?parent=13"}],"curies":[{"name":"wp","href":"https:\/\/api.w.org\/{rel}","templated":true}]}}